{"id":105474,"date":"2025-04-12T12:42:09","date_gmt":"2025-04-12T10:42:09","guid":{"rendered":"https:\/\/ecoshop.ee\/?post_type=product&#038;p=105474"},"modified":"2025-12-08T11:16:49","modified_gmt":"2025-12-08T08:16:49","slug":"citronzales-eteriska-ella-10-ml","status":"publish","type":"product","link":"https:\/\/ecoshop.ee\/lv\/eeterlikud-olid-ja-aroomiolid\/sidrunheina-eeterlik-oli-10ml\/","title":{"rendered":"Citronz\u0101les \u0113terisk\u0101 e\u013c\u013ca \u2013 10 ml"},"content":{"rendered":"<p class=\"\" data-start=\"86\" data-end=\"145\"><em data-start=\"124\" data-end=\"145\">Cymbopogon Citratus<\/em><\/p>\n<p class=\"\" data-start=\"147\" data-end=\"462\">Citronz\u0101les \u0113terisk\u0101 e\u013c\u013ca tiek ieg\u016bta ar tvaika destil\u0101ciju rimise <em data-start=\"206\" data-end=\"227\">Cymbopogon citratus<\/em> no augu sugas, ko sauc ar\u012b par &quot;e\u013c\u013cas z\u0101li&quot;, lap\u0101m. T\u0101 svaigais, citrusaug\u013cu arom\u0101ts ir paz\u012bstams ar stimul\u0113jo\u0161o un att\u012bro\u0161o iedarb\u012bbu. Aromterapij\u0101 to izmanto noguruma, galvass\u0101pju, nervu izs\u012bkuma un stresa mazin\u0101\u0161anai.<\/p>\n<p class=\"\" data-start=\"464\" data-end=\"814\">Citronz\u0101les e\u013c\u013ca atbalsta gremo\u0161anu, pal\u012bdz mazin\u0101t musku\u013cu sasprindzin\u0101jumu un veicina \u0101tr\u0101ku atvese\u013co\u0161anos p\u0113c slim\u012bb\u0101m. T\u0101 ir ar\u012b dabisks l\u012bdzeklis taukainas \u0101das l\u012bdzsvaro\u0161anai un sv\u012b\u0161anas mazin\u0101\u0161anai. E\u013c\u013ca ir piem\u0113rota ar\u012b k\u0101 dab\u012bgs kukai\u0146u atbaid\u012b\u0161anas l\u012bdzeklis, piem\u0113ram, lai atbaid\u012btu blusas un \u0113rces. Uzkl\u0101jot uz \u0101das, esiet uzman\u012bgi \u2013 t\u0101 var izrais\u012bt kairin\u0101jumu.<\/p>\n<ul>\n<li data-start=\"816\" data-end=\"998\">100% t\u012bra \u0113terisk\u0101 e\u013c\u013ca<\/li>\n<li data-start=\"816\" data-end=\"998\">Uzmundrino\u0161s un atsvaidzino\u0161s citrusaug\u013cu arom\u0101ts<\/li>\n<li data-start=\"816\" data-end=\"998\">Veicina atjauno\u0161anos un mazina musku\u013cu sasprindzin\u0101jumu<\/li>\n<li data-start=\"816\" data-end=\"998\">Piem\u0113rots taukainas \u0101das l\u012bdzsvaro\u0161anai un dab\u012bgam kukai\u0146u atbaid\u012bt\u0101jam<\/li>\n<li data-start=\"816\" data-end=\"998\">Izmantot\u0101 auga da\u013ca: lapas<\/li>\n<li data-start=\"816\" data-end=\"998\">Ekstrakcijas metode: tvaika destil\u0101cija<\/li>\n<li data-start=\"816\" data-end=\"998\">10 ml tum\u0161\u0101 stikla pudel\u0113<\/li>\n<\/ul>\n<p class=\"\" data-start=\"1102\" data-end=\"1257\">\u26a0\ufe0f Tikai \u0101r\u012bgai lieto\u0161anai. Nenor\u012bt. Sarg\u0101t no b\u0113rniem un m\u0101jdz\u012bvniekiem. Nelietot gr\u016btniec\u012bbas vai baro\u0161anas ar kr\u016bti laik\u0101.<\/p>","protected":false},"excerpt":{"rendered":"<p>Cymbopogon Citratus Sidrunheina eeterlik \u00f5li saadakse aurudestilleerimise teel Cymbopogon citratus taimeliigi lehtedest, mida kutsutakse ka \u201c\u00f5liheinaks\u201d. Selle v\u00e4rske, tsitruseline l\u00f5hn on tuntud&hellip;<\/p>","protected":false},"featured_media":105476,"comment_status":"open","ping_status":"closed","template":"","meta":{"wprm-recipe-roundup-name":"","wprm-recipe-roundup-description":""},"product_brand":[],"product_cat":[5754],"product_tag":[5756],"class_list":{"0":"post-105474","1":"product","2":"type-product","3":"status-publish","4":"has-post-thumbnail","6":"product_cat-eeterlikud-olid-ja-aroomiolid","7":"product_tag-eeterlik-oli","9":"first","10":"instock","11":"taxable","12":"shipping-taxable","13":"purchasable","14":"product-type-simple"},"supplier_id":105232,"supplier_sku":"","barcode":"5055796528653","atum_controlled":true,"out_stock_date":null,"out_stock_threshold":null,"inheritable":false,"inbound_stock":0,"stock_on_hold":0,"sold_today":0,"sales_last_days":0,"reserved_stock":0,"customer_returns":0,"warehouse_damage":0,"lost_in_post":0,"other_logs":0,"out_stock_days":0,"lost_sales":0,"has_location":false,"update_date":"2026-03-07T01:16:07","atum_locations":[],"atum_stock_status":"instock","restock_status":false,"low_stock_amount":"","sales_update_date":"2026-03-07T01:16:07","calc_backorders":null,"aioseo_notices":[],"_links":{"self":[{"href":"https:\/\/ecoshop.ee\/lv\/wp-json\/wp\/v2\/product\/105474","targetHints":{"allow":["GET"]}}],"collection":[{"href":"https:\/\/ecoshop.ee\/lv\/wp-json\/wp\/v2\/product"}],"about":[{"href":"https:\/\/ecoshop.ee\/lv\/wp-json\/wp\/v2\/types\/product"}],"replies":[{"embeddable":true,"href":"https:\/\/ecoshop.ee\/lv\/wp-json\/wp\/v2\/comments?post=105474"}],"version-history":[{"count":0,"href":"https:\/\/ecoshop.ee\/lv\/wp-json\/wp\/v2\/product\/105474\/revisions"}],"wp:featuredmedia":[{"embeddable":true,"href":"https:\/\/ecoshop.ee\/lv\/wp-json\/wp\/v2\/media\/105476"}],"wp:attachment":[{"href":"https:\/\/ecoshop.ee\/lv\/wp-json\/wp\/v2\/media?parent=105474"}],"wp:term":[{"taxonomy":"product_brand","embeddable":true,"href":"https:\/\/ecoshop.ee\/lv\/wp-json\/wp\/v2\/product_brand?post=105474"},{"taxonomy":"product_cat","embeddable":true,"href":"https:\/\/ecoshop.ee\/lv\/wp-json\/wp\/v2\/product_cat?post=105474"},{"taxonomy":"product_tag","embeddable":true,"href":"https:\/\/ecoshop.ee\/lv\/wp-json\/wp\/v2\/product_tag?post=105474"}],"curies":[{"name":"wp","href":"https:\/\/api.w.org\/{rel}","templated":true}]}}