{"id":105478,"date":"2025-04-12T14:08:58","date_gmt":"2025-04-12T12:08:58","guid":{"rendered":"https:\/\/ecoshop.ee\/?post_type=product&#038;p=105478"},"modified":"2025-04-12T14:08:59","modified_gmt":"2025-04-12T12:08:59","slug":"kadikogu-eteriska-ella-10-ml","status":"publish","type":"product","link":"https:\/\/ecoshop.ee\/lv\/eeterlikud-olid-ja-aroomiolid\/kadakamarja-eeterlik-oli-10ml\/","title":{"rendered":"Kadi\u0137ogu \u0113terisk\u0101 e\u013c\u013ca \u2013 10 ml"},"content":{"rendered":"<p class=\"\" data-start=\"86\" data-end=\"144\"><em data-start=\"124\" data-end=\"144\">Kadi\u0137is Communis<\/em><\/p>\n<p class=\"\" data-start=\"146\" data-end=\"457\">Kadi\u0137ogu \u0113terisk\u0101 e\u013c\u013ca tiek ieg\u016bta ar tvaika destil\u0101cijurimise <em data-start=\"205\" data-end=\"225\">Juniperus communis<\/em> no kadi\u0137a og\u0101m. T\u0101 koksnais, viegli pikantais un svaigais arom\u0101ts ir paz\u012bstams ar att\u012bro\u0161o un nomierino\u0161o iedarb\u012bbu. Aromterapij\u0101 kadi\u0137ogu e\u013c\u013ca tiek izmantota ma\u0146u l\u012bdzsvaro\u0161anai, trauksmes mazin\u0101\u0161anai un gaisa att\u012br\u012b\u0161anai.<\/p>\n<p class=\"\" data-start=\"459\" data-end=\"665\">Kadi\u0137og\u0101m piem\u012bt dabiska antiseptiska iedarb\u012bba, un e\u013c\u013ca ir laba sast\u0101vda\u013ca dab\u012bgajos gaisa atsvaidzin\u0101t\u0101jos un telpu aerosolos. T\u0101 pal\u012bdz izn\u012bcin\u0101t gais\u0101 eso\u0161\u0101s bakt\u0113rijas un rada t\u012bru un t\u012bru atmosf\u0113ru.<\/p>\n<ul>\n<li data-start=\"667\" data-end=\"825\">100% t\u012bra \u0113terisk\u0101 e\u013c\u013ca<\/li>\n<li data-start=\"667\" data-end=\"825\">Nomierino\u0161s un l\u012bdzsvarojo\u0161s arom\u0101ts<\/li>\n<li data-start=\"667\" data-end=\"825\">Dab\u012bgs antisepti\u0137is gaisa un telpu t\u012br\u012b\u0161anai<\/li>\n<li data-start=\"667\" data-end=\"825\">Kokains un atsvaidzino\u0161s arom\u0101ts, kas rada dzidrumu<\/li>\n<li data-start=\"667\" data-end=\"825\">Izmantot\u0101 auga da\u013ca: oga<\/li>\n<li data-start=\"667\" data-end=\"825\">Ekstrakcijas metode: tvaika destil\u0101cija<\/li>\n<li data-start=\"667\" data-end=\"825\">10 ml tum\u0161\u0101 stikla pudel\u0113<\/li>\n<\/ul>\n<p class=\"\" data-start=\"928\" data-end=\"1083\">\u26a0\ufe0f Tikai \u0101r\u012bgai lieto\u0161anai. Nenor\u012bt. Sarg\u0101t no b\u0113rniem un m\u0101jdz\u012bvniekiem. Nelietot gr\u016btniec\u012bbas vai baro\u0161anas ar kr\u016bti laik\u0101.<\/p>","protected":false},"excerpt":{"rendered":"<p>Juniperus Communis Kadakamarja eeterlik \u00f5li saadakse aurudestilleerimise teel Juniperus communis puu marjadest. Selle puidune, kergelt v\u00fcrtsikas ja v\u00e4rske aroom on tuntud oma&hellip;<\/p>","protected":false},"featured_media":105479,"comment_status":"open","ping_status":"closed","template":"","meta":{"wprm-recipe-roundup-name":"","wprm-recipe-roundup-description":""},"product_brand":[],"product_cat":[5754],"product_tag":[5756],"class_list":{"0":"post-105478","1":"product","2":"type-product","3":"status-publish","4":"has-post-thumbnail","6":"product_cat-eeterlikud-olid-ja-aroomiolid","7":"product_tag-eeterlik-oli","9":"first","10":"instock","11":"taxable","12":"shipping-taxable","13":"purchasable","14":"product-type-simple"},"supplier_id":105232,"supplier_sku":"","barcode":"5055796528646","atum_controlled":true,"out_stock_date":null,"out_stock_threshold":null,"inheritable":false,"inbound_stock":0,"stock_on_hold":0,"sold_today":0,"sales_last_days":0,"reserved_stock":0,"customer_returns":0,"warehouse_damage":0,"lost_in_post":0,"other_logs":0,"out_stock_days":0,"lost_sales":0,"has_location":false,"update_date":"2026-03-07T01:16:07","atum_locations":[],"atum_stock_status":"instock","restock_status":false,"low_stock_amount":"","sales_update_date":"2026-03-07T01:16:07","calc_backorders":null,"aioseo_notices":[],"_links":{"self":[{"href":"https:\/\/ecoshop.ee\/lv\/wp-json\/wp\/v2\/product\/105478","targetHints":{"allow":["GET"]}}],"collection":[{"href":"https:\/\/ecoshop.ee\/lv\/wp-json\/wp\/v2\/product"}],"about":[{"href":"https:\/\/ecoshop.ee\/lv\/wp-json\/wp\/v2\/types\/product"}],"replies":[{"embeddable":true,"href":"https:\/\/ecoshop.ee\/lv\/wp-json\/wp\/v2\/comments?post=105478"}],"version-history":[{"count":0,"href":"https:\/\/ecoshop.ee\/lv\/wp-json\/wp\/v2\/product\/105478\/revisions"}],"wp:featuredmedia":[{"embeddable":true,"href":"https:\/\/ecoshop.ee\/lv\/wp-json\/wp\/v2\/media\/105479"}],"wp:attachment":[{"href":"https:\/\/ecoshop.ee\/lv\/wp-json\/wp\/v2\/media?parent=105478"}],"wp:term":[{"taxonomy":"product_brand","embeddable":true,"href":"https:\/\/ecoshop.ee\/lv\/wp-json\/wp\/v2\/product_brand?post=105478"},{"taxonomy":"product_cat","embeddable":true,"href":"https:\/\/ecoshop.ee\/lv\/wp-json\/wp\/v2\/product_cat?post=105478"},{"taxonomy":"product_tag","embeddable":true,"href":"https:\/\/ecoshop.ee\/lv\/wp-json\/wp\/v2\/product_tag?post=105478"}],"curies":[{"name":"wp","href":"https:\/\/api.w.org\/{rel}","templated":true}]}}