{"id":105481,"date":"2025-04-12T14:17:02","date_gmt":"2025-04-12T12:17:02","guid":{"rendered":"https:\/\/ecoshop.ee\/?post_type=product&#038;p=105481"},"modified":"2025-04-12T14:17:03","modified_gmt":"2025-04-12T12:17:03","slug":"citronellas-eteriska-ella-10-ml","status":"publish","type":"product","link":"https:\/\/ecoshop.ee\/lv\/eeterlikud-olid-ja-aroomiolid\/tsitronella-eeterlik-oli-10ml\/","title":{"rendered":"Citronellas \u0113terisk\u0101 e\u013c\u013ca - 10 ml"},"content":{"rendered":"<p class=\"\" data-start=\"91\" data-end=\"153\"><em data-start=\"129\" data-end=\"153\">Cymbopogon Winterianus<\/em><\/p>\n<p class=\"\" data-start=\"155\" data-end=\"452\">Citronellas \u0113terisk\u0101 e\u013c\u013ca tiek ieg\u016bta ar tvaika destil\u0101ciju rimise <em data-start=\"214\" data-end=\"238\">Cymbopogon winterianus<\/em> \u0160\u012b e\u013c\u013ca vis\u0101 pasaul\u0113 ir paz\u012bstama k\u0101 dab\u012bgs un efekt\u012bvs kukai\u0146u atbaid\u012b\u0161anas l\u012bdzeklis, ko lieto jau kop\u0161 seniem laikiem. Arom\u0101ts ir citron\u012bgi svaigs un uzmundrino\u0161s, radot telp\u0101 viegluma un pozit\u012bvisma saj\u016btu.<\/p>\n<p class=\"\" data-start=\"454\" data-end=\"717\">Papildus odu un kukai\u0146u atbaid\u012b\u0161anai citronella pal\u012bdz regul\u0113t p\u0101rm\u0113r\u012bgu sv\u012b\u0161anu un taukainu \u0101du. Aromterapij\u0101 to izmanto galvass\u0101pju, noguruma un musku\u013cu sasprindzin\u0101juma mazin\u0101\u0161anai. T\u0101 ir piem\u0113rota ar\u012b telpu aromatiz\u0113\u0161anai, lai rad\u012btu pat\u012bkamu, skaidru un dz\u012bv\u012bgu noska\u0146ojumu.<\/p>\n<ul>\n<li data-start=\"719\" data-end=\"885\">100% t\u012bra \u0113terisk\u0101 e\u013c\u013ca<\/li>\n<li data-start=\"719\" data-end=\"885\">Efekt\u012bvs dab\u012bgs l\u012bdzeklis pret odiem un kukai\u0146iem<\/li>\n<li data-start=\"719\" data-end=\"885\">Atsvaidzino\u0161s un uzmundrino\u0161s citrusaug\u013cu arom\u0101ts<\/li>\n<li data-start=\"719\" data-end=\"885\">Atbalsta \u0101das l\u012bdzsvaru un pal\u012bdz mazin\u0101t spriedzi<\/li>\n<li data-start=\"719\" data-end=\"885\">Izmantot\u0101 auga da\u013ca: \u017e\u0101v\u0113ta z\u0101le<\/li>\n<li data-start=\"719\" data-end=\"885\">Ekstrakcijas metode: tvaika destil\u0101cija<\/li>\n<li data-start=\"719\" data-end=\"885\">10 ml tum\u0161\u0101 stikla pudel\u0113<\/li>\n<\/ul>\n<p class=\"\" data-start=\"999\" data-end=\"1168\">\u26a0\ufe0f Tikai \u0101r\u012bgai lieto\u0161anai. Nenor\u012bt. Sarg\u0101t no b\u0113rniem un m\u0101jdz\u012bvniekiem. Nelietot gr\u016btniec\u012bbas laik\u0101 vai b\u0113rniem l\u012bdz 3 gadu vecumam.<\/p>","protected":false},"excerpt":{"rendered":"<p>Cymbopogon Winterianus Tsitronella eeterlik \u00f5li saadakse aurudestilleerimise teel Cymbopogon winterianus liigi kuivatatud rohust. See \u00f5li on maailmas tuntud kui looduslik ja t\u00f5hus&hellip;<\/p>","protected":false},"featured_media":105482,"comment_status":"open","ping_status":"closed","template":"","meta":{"wprm-recipe-roundup-name":"","wprm-recipe-roundup-description":""},"product_brand":[],"product_cat":[5754],"product_tag":[5756],"class_list":{"0":"post-105481","1":"product","2":"type-product","3":"status-publish","4":"has-post-thumbnail","6":"product_cat-eeterlikud-olid-ja-aroomiolid","7":"product_tag-eeterlik-oli","9":"first","10":"instock","11":"taxable","12":"shipping-taxable","13":"purchasable","14":"product-type-simple"},"supplier_id":105232,"supplier_sku":"","barcode":"5055796528578","atum_controlled":true,"out_stock_date":null,"out_stock_threshold":null,"inheritable":false,"inbound_stock":0,"stock_on_hold":0,"sold_today":0,"sales_last_days":0,"reserved_stock":0,"customer_returns":0,"warehouse_damage":0,"lost_in_post":0,"other_logs":0,"out_stock_days":0,"lost_sales":0,"has_location":false,"update_date":"2026-03-07T01:16:07","atum_locations":[],"atum_stock_status":"instock","restock_status":false,"low_stock_amount":"","sales_update_date":"2026-03-07T01:16:07","calc_backorders":null,"aioseo_notices":[],"_links":{"self":[{"href":"https:\/\/ecoshop.ee\/lv\/wp-json\/wp\/v2\/product\/105481","targetHints":{"allow":["GET"]}}],"collection":[{"href":"https:\/\/ecoshop.ee\/lv\/wp-json\/wp\/v2\/product"}],"about":[{"href":"https:\/\/ecoshop.ee\/lv\/wp-json\/wp\/v2\/types\/product"}],"replies":[{"embeddable":true,"href":"https:\/\/ecoshop.ee\/lv\/wp-json\/wp\/v2\/comments?post=105481"}],"version-history":[{"count":0,"href":"https:\/\/ecoshop.ee\/lv\/wp-json\/wp\/v2\/product\/105481\/revisions"}],"wp:featuredmedia":[{"embeddable":true,"href":"https:\/\/ecoshop.ee\/lv\/wp-json\/wp\/v2\/media\/105482"}],"wp:attachment":[{"href":"https:\/\/ecoshop.ee\/lv\/wp-json\/wp\/v2\/media?parent=105481"}],"wp:term":[{"taxonomy":"product_brand","embeddable":true,"href":"https:\/\/ecoshop.ee\/lv\/wp-json\/wp\/v2\/product_brand?post=105481"},{"taxonomy":"product_cat","embeddable":true,"href":"https:\/\/ecoshop.ee\/lv\/wp-json\/wp\/v2\/product_cat?post=105481"},{"taxonomy":"product_tag","embeddable":true,"href":"https:\/\/ecoshop.ee\/lv\/wp-json\/wp\/v2\/product_tag?post=105481"}],"curies":[{"name":"wp","href":"https:\/\/api.w.org\/{rel}","templated":true}]}}