{"id":105484,"date":"2025-04-12T14:21:57","date_gmt":"2025-04-12T12:21:57","guid":{"rendered":"https:\/\/ecoshop.ee\/?post_type=product&#038;p=105484"},"modified":"2025-04-12T14:21:58","modified_gmt":"2025-04-12T12:21:58","slug":"bazilika-eteriska-ella-10-ml","status":"publish","type":"product","link":"https:\/\/ecoshop.ee\/lv\/eeterlikud-olid-ja-aroomiolid\/basiiliku-eeterlik-oli-10ml\/","title":{"rendered":"Bazilika \u0113terisk\u0101 e\u013c\u013ca - 10 ml"},"content":{"rendered":"<p class=\"\" data-start=\"86\" data-end=\"140\"><em data-start=\"122\" data-end=\"140\">Ocimum baziliks<\/em><\/p>\n<p class=\"\" data-start=\"142\" data-end=\"534\">Bazilika \u0113terisk\u0101 e\u013c\u013ca tiek ieg\u016bta ar tvaika destil\u0101cijurimise no bazilika auga lap\u0101m un ziedo\u0161aj\u0101m galotn\u0113m. T\u0101s za\u013cgani dzeltenajai e\u013c\u013cai ir svaigs un ass arom\u0101ts, un to izmanto aromterapij\u0101 k\u0101 uzmundrino\u0161u, koncentr\u0113\u0161an\u0101s sp\u0113jas veicino\u0161u un gar\u012bgo nogurumu mazino\u0161u augu. Bazilika dzimtene ir tropisk\u0101 \u0100zija un Klus\u0101 oke\u0101na salas, un gadsimtiem ilgi Indij\u0101 tas ir bijis svar\u012bga gan dziedin\u0101\u0161anas, gan l\u016bg\u0161anu sast\u0101vda\u013ca.<\/p>\n<p class=\"\" data-start=\"536\" data-end=\"841\">Bazilika e\u013c\u013ca atbalsta elpo\u0161anas sist\u0113mu un ir piem\u0113rota lieto\u0161anai astmas, bronh\u012bta un sinus\u012bta mazin\u0101\u0161anai. To lieto ar\u012b stresa izrais\u012btu galvass\u0101pju, gremo\u0161anas trauc\u0113jumu, menstru\u0101ciju trauc\u0113jumu un loc\u012btavu s\u0101pju mazin\u0101\u0161anai. E\u013c\u013cai ir atsvaidzino\u0161a iedarb\u012bba uz \u0101du un t\u0101 pal\u012bdz mazin\u0101t kukai\u0146u kodumus.<\/p>\n<ul>\n<li data-start=\"843\" data-end=\"1012\">100% t\u012bra \u0113terisk\u0101 e\u013c\u013ca<\/li>\n<li data-start=\"843\" data-end=\"1012\">Uzlabo garast\u0101vokli un skaidr\u012bbu, mazina nogurumu<\/li>\n<li data-start=\"843\" data-end=\"1012\">Atbalsta elpo\u0161anas un gremo\u0161anas sist\u0113mas<\/li>\n<li data-start=\"843\" data-end=\"1012\">Dabisks l\u012bdzeklis pret galvass\u0101p\u0113m un musku\u013cu sasprindzin\u0101jumu<\/li>\n<li data-start=\"843\" data-end=\"1012\">Izmantot\u0101 auga da\u013ca: ziedo\u0161s augs<\/li>\n<li data-start=\"843\" data-end=\"1012\">Ekstrakcijas metode: tvaika destil\u0101cija<\/li>\n<li data-start=\"843\" data-end=\"1012\">10 ml tum\u0161\u0101 stikla pudel\u0113<\/li>\n<\/ul>\n<p class=\"\" data-start=\"1121\" data-end=\"1291\">\u26a0\ufe0f Tikai \u0101r\u012bgai lieto\u0161anai. Nenor\u012bt. Nelietot gr\u016btniec\u012bbas laik\u0101 vai b\u0113rniem l\u012bdz 16 gadu vecumam. Sarg\u0101t no b\u0113rniem un m\u0101jdz\u012bvniekiem.<\/p>","protected":false},"excerpt":{"rendered":"<p>Ocimum Basilicum Basiiliku eeterlik \u00f5li saadakse aurudestilleerimise teel basiiliku lehtedest ja \u00f5itsvatest latvadest. Selle rohekas-kollane \u00f5li on v\u00e4rske ja terava l\u00f5hnaga, m\u00f5judes&hellip;<\/p>","protected":false},"featured_media":105485,"comment_status":"open","ping_status":"closed","template":"","meta":{"wprm-recipe-roundup-name":"","wprm-recipe-roundup-description":""},"product_brand":[],"product_cat":[5754],"product_tag":[5756],"class_list":{"0":"post-105484","1":"product","2":"type-product","3":"status-publish","4":"has-post-thumbnail","6":"product_cat-eeterlikud-olid-ja-aroomiolid","7":"product_tag-eeterlik-oli","9":"first","10":"instock","11":"sale","12":"taxable","13":"shipping-taxable","14":"purchasable","15":"product-type-simple"},"supplier_id":105232,"supplier_sku":"","barcode":"5055796528509","atum_controlled":true,"out_stock_date":null,"out_stock_threshold":null,"inheritable":false,"inbound_stock":0,"stock_on_hold":0,"sold_today":0,"sales_last_days":0,"reserved_stock":0,"customer_returns":0,"warehouse_damage":0,"lost_in_post":0,"other_logs":0,"out_stock_days":0,"lost_sales":0,"has_location":false,"update_date":"2026-03-07T01:16:07","atum_locations":[],"atum_stock_status":"instock","restock_status":false,"low_stock_amount":"","sales_update_date":"2026-03-07T01:16:07","calc_backorders":null,"aioseo_notices":[],"_links":{"self":[{"href":"https:\/\/ecoshop.ee\/lv\/wp-json\/wp\/v2\/product\/105484","targetHints":{"allow":["GET"]}}],"collection":[{"href":"https:\/\/ecoshop.ee\/lv\/wp-json\/wp\/v2\/product"}],"about":[{"href":"https:\/\/ecoshop.ee\/lv\/wp-json\/wp\/v2\/types\/product"}],"replies":[{"embeddable":true,"href":"https:\/\/ecoshop.ee\/lv\/wp-json\/wp\/v2\/comments?post=105484"}],"version-history":[{"count":0,"href":"https:\/\/ecoshop.ee\/lv\/wp-json\/wp\/v2\/product\/105484\/revisions"}],"wp:featuredmedia":[{"embeddable":true,"href":"https:\/\/ecoshop.ee\/lv\/wp-json\/wp\/v2\/media\/105485"}],"wp:attachment":[{"href":"https:\/\/ecoshop.ee\/lv\/wp-json\/wp\/v2\/media?parent=105484"}],"wp:term":[{"taxonomy":"product_brand","embeddable":true,"href":"https:\/\/ecoshop.ee\/lv\/wp-json\/wp\/v2\/product_brand?post=105484"},{"taxonomy":"product_cat","embeddable":true,"href":"https:\/\/ecoshop.ee\/lv\/wp-json\/wp\/v2\/product_cat?post=105484"},{"taxonomy":"product_tag","embeddable":true,"href":"https:\/\/ecoshop.ee\/lv\/wp-json\/wp\/v2\/product_tag?post=105484"}],"curies":[{"name":"wp","href":"https:\/\/api.w.org\/{rel}","templated":true}]}}