{"id":105487,"date":"2025-04-12T14:27:26","date_gmt":"2025-04-12T12:27:26","guid":{"rendered":"https:\/\/ecoshop.ee\/?post_type=product&#038;p=105487"},"modified":"2025-12-12T17:43:40","modified_gmt":"2025-12-12T14:43:40","slug":"frankincense-eteriska-ella-atskaidita-10-ml","status":"publish","type":"product","link":"https:\/\/ecoshop.ee\/lv\/eeterlikud-olid-ja-aroomiolid\/viiruki-eeterlik-oli-lahjendatud-10ml\/","title":{"rendered":"Frankincense \u0113terisk\u0101 e\u013c\u013ca (at\u0161\u0137aid\u012bta) \u2013 10 ml"},"content":{"rendered":"<p class=\"\" data-start=\"114\" data-end=\"185\"><em data-start=\"165\" data-end=\"185\">Bosvelija Karterii<\/em><\/p>\n<p class=\"\" data-start=\"187\" data-end=\"503\">Frankincenses \u0113terisk\u0101 e\u013c\u013ca tiek ieg\u016bta ar tvaika destil\u0101cijurimise <em data-start=\"242\" data-end=\"262\">Boswellia carterii<\/em> no koka sve\u0137iem. \u0160\u012b e\u013c\u013ca ir at\u0161\u0137aid\u012bta ar 5% v\u012bnogu kauli\u0146u e\u013c\u013cu, padarot to piem\u0113rotu tie\u0161ai \u0101r\u012bgai lieto\u0161anai bez turpm\u0101kas at\u0161\u0137aid\u012b\u0161anas. V\u012braks gadu t\u016bksto\u0161iem ilgi ir izmantots k\u0101 sv\u0113ts v\u012braks, \u0101das kop\u0161an\u0101 un sirdsmiera veicin\u0101\u0161anai.<\/p>\n<p class=\"\" data-start=\"505\" data-end=\"811\">Frankincense e\u013c\u013ca ir viena no visv\u0113rt\u012bg\u0101kaj\u0101m aromterapij\u0101 t\u0101s nomierino\u0161\u0101s iedarb\u012bbas d\u0113\u013c \u2013 t\u0101 pal\u012bdz mazin\u0101t trauksmi un stresu, atbalsta elpo\u0161anas ce\u013cus un nomierina klepu. Kosm\u0113tik\u0101 to izmanto \u0101das toniz\u0113\u0161anai, grumbu izl\u012bdzin\u0101\u0161anai un striju nov\u0113r\u0161anai. T\u0101 ir labi piem\u0113rota medit\u0101cijai un gar\u012bgai koncentr\u0113\u0161an\u0101s sp\u0113jai.<\/p>\n<ul>\n<li data-start=\"813\" data-end=\"982\">At\u0161\u0137aid\u012bts ar 5% v\u012bnogu kauli\u0146u e\u013c\u013cu<\/li>\n<li data-start=\"813\" data-end=\"982\">Nomierino\u0161a un l\u012bdzsvarojo\u0161a iedarb\u012bba<\/li>\n<li data-start=\"813\" data-end=\"982\">Atbalsta \u0101das elpo\u0161anu un elast\u012bbu<\/li>\n<li data-start=\"813\" data-end=\"982\">Piem\u0113rots gar\u012bgajai praksei un meditat\u012bvai relaks\u0101cijai<\/li>\n<li data-start=\"813\" data-end=\"982\">Izmantot\u0101 auga da\u013ca: sve\u0137i<\/li>\n<li data-start=\"813\" data-end=\"982\">Ekstrakcijas metode: tvaika destil\u0101cija<\/li>\n<li data-start=\"813\" data-end=\"982\">10 ml tum\u0161\u0101 stikla pudel\u0113<\/li>\n<\/ul>\n<p class=\"\" data-start=\"1085\" data-end=\"1226\">\u26a0\ufe0f Tikai \u0101r\u012bgai lieto\u0161anai. Nenor\u012bt. Nelietot gr\u016btniec\u012bbas laik\u0101. Sarg\u0101t no b\u0113rniem un m\u0101jdz\u012bvniekiem.<\/p>","protected":false},"excerpt":{"rendered":"<p>Boswellia Carterii Viiruki eeterlik \u00f5li saadakse aurudestilleerimise teel Boswellia carterii puu vaigust. See \u00f5li on lahjendatud 5% viinamarjaseemne\u00f5lis, mist\u00f5ttu sobib see otsekoheseks&hellip;<\/p>","protected":false},"featured_media":105488,"comment_status":"open","ping_status":"closed","template":"","meta":{"wprm-recipe-roundup-name":"","wprm-recipe-roundup-description":""},"product_brand":[],"product_cat":[5754],"product_tag":[5756],"class_list":{"0":"post-105487","1":"product","2":"type-product","3":"status-publish","4":"has-post-thumbnail","6":"product_cat-eeterlikud-olid-ja-aroomiolid","7":"product_tag-eeterlik-oli","9":"first","10":"instock","11":"taxable","12":"shipping-taxable","13":"purchasable","14":"product-type-simple"},"supplier_id":105232,"supplier_sku":"","barcode":"5055796528547","atum_controlled":true,"out_stock_date":null,"out_stock_threshold":null,"inheritable":false,"inbound_stock":0,"stock_on_hold":0,"sold_today":0,"sales_last_days":0,"reserved_stock":0,"customer_returns":0,"warehouse_damage":0,"lost_in_post":0,"other_logs":0,"out_stock_days":0,"lost_sales":0,"has_location":false,"update_date":"2026-03-07T01:16:07","atum_locations":[],"atum_stock_status":"instock","restock_status":false,"low_stock_amount":"","sales_update_date":"2026-03-07T01:16:07","calc_backorders":null,"aioseo_notices":[],"_links":{"self":[{"href":"https:\/\/ecoshop.ee\/lv\/wp-json\/wp\/v2\/product\/105487","targetHints":{"allow":["GET"]}}],"collection":[{"href":"https:\/\/ecoshop.ee\/lv\/wp-json\/wp\/v2\/product"}],"about":[{"href":"https:\/\/ecoshop.ee\/lv\/wp-json\/wp\/v2\/types\/product"}],"replies":[{"embeddable":true,"href":"https:\/\/ecoshop.ee\/lv\/wp-json\/wp\/v2\/comments?post=105487"}],"version-history":[{"count":0,"href":"https:\/\/ecoshop.ee\/lv\/wp-json\/wp\/v2\/product\/105487\/revisions"}],"wp:featuredmedia":[{"embeddable":true,"href":"https:\/\/ecoshop.ee\/lv\/wp-json\/wp\/v2\/media\/105488"}],"wp:attachment":[{"href":"https:\/\/ecoshop.ee\/lv\/wp-json\/wp\/v2\/media?parent=105487"}],"wp:term":[{"taxonomy":"product_brand","embeddable":true,"href":"https:\/\/ecoshop.ee\/lv\/wp-json\/wp\/v2\/product_brand?post=105487"},{"taxonomy":"product_cat","embeddable":true,"href":"https:\/\/ecoshop.ee\/lv\/wp-json\/wp\/v2\/product_cat?post=105487"},{"taxonomy":"product_tag","embeddable":true,"href":"https:\/\/ecoshop.ee\/lv\/wp-json\/wp\/v2\/product_tag?post=105487"}],"curies":[{"name":"wp","href":"https:\/\/api.w.org\/{rel}","templated":true}]}}