{"id":105490,"date":"2025-04-12T14:33:56","date_gmt":"2025-04-12T12:33:56","guid":{"rendered":"https:\/\/ecoshop.ee\/?post_type=product&#038;p=105490"},"modified":"2025-04-12T14:33:57","modified_gmt":"2025-04-12T12:33:57","slug":"fenhela-eteriska-ella-10-ml","status":"publish","type":"product","link":"https:\/\/ecoshop.ee\/lv\/eeterlikud-olid-ja-aroomiolid\/fenkoli-eeterlik-oli-10ml\/","title":{"rendered":"Fenhe\u013ca \u0113terisk\u0101 e\u013c\u013ca \u2013 10 ml"},"content":{"rendered":"<p class=\"\" data-start=\"84\" data-end=\"138\"><em data-start=\"118\" data-end=\"138\">Foeniculum Vulgare<\/em><\/p>\n<p class=\"\" data-start=\"140\" data-end=\"434\">Fenhe\u013ca \u0113terisk\u0101 e\u013c\u013ca tiek ieg\u016bta, destil\u0113jot ar tvaiku no sasmalcin\u0101tiem fenhe\u013ciem. <em data-start=\"206\" data-end=\"226\">Foeniculum vulgare<\/em> no s\u0113kl\u0101m. Tas ir saldais fenhelis, kas paz\u012bstams ar\u012b k\u0101 romie\u0161u fenhelis. \u0160\u012bs e\u013c\u013cas arom\u0101ts ir silts, augu izcelsmes un viegli pikants, un to izmanto aromterapij\u0101, lai atbalst\u012btu pa\u0161apzi\u0146u un iek\u0161\u0113jo sp\u0113ku.<\/p>\n<p class=\"\" data-start=\"436\" data-end=\"752\">Fenhe\u013ca e\u013c\u013ca tiek augstu v\u0113rt\u0113ta t\u0101s gremo\u0161anas ieguvumu d\u0113\u013c \u2013 t\u0101 pal\u012bdz mazin\u0101t v\u0113dera uzp\u016b\u0161anos, sliktu d\u016b\u0161u, aizciet\u0113jumus un gremo\u0161anas trauc\u0113jumus. Tiek uzskat\u012bts, ka t\u0101 ar\u012b veicina s\u0101ta saj\u016btu un t\u0101d\u0113j\u0101di pal\u012bdz zaud\u0113t svaru. \u0100das kop\u0161an\u0101 to izmanto, lai l\u012bdzsvarotu taukainu \u0101du un toniz\u0113tu to.<\/p>\n<ul>\n<li data-start=\"754\" data-end=\"923\">100% t\u012bra \u0113terisk\u0101 e\u013c\u013ca<\/li>\n<li data-start=\"754\" data-end=\"923\">Atbalsta gremo\u0161anu un pal\u012bdz mazin\u0101t v\u0113dera uzp\u016b\u0161anos<\/li>\n<li data-start=\"754\" data-end=\"923\">Baro \u0101du un samazina lieko sebuma izdal\u012b\u0161anos<\/li>\n<li data-start=\"754\" data-end=\"923\">Veicina iek\u0161\u0113jo l\u012bdzsvaru un koncentr\u0113\u0161anos<\/li>\n<li data-start=\"754\" data-end=\"923\">Izmantot\u0101 auga da\u013ca: sasmalcin\u0101tas s\u0113klas<\/li>\n<li data-start=\"754\" data-end=\"923\">Ekstrakcijas metode: tvaika destil\u0101cija<\/li>\n<li data-start=\"754\" data-end=\"923\">10 ml tum\u0161\u0101 stikla pudel\u0113<\/li>\n<\/ul>\n<p class=\"\" data-start=\"1040\" data-end=\"1241\">\u26a0\ufe0f Tikai \u0101r\u012bgai lieto\u0161anai. Nenor\u012bt. Nelietot gr\u016btniec\u012bbas, baro\u0161anas ar kr\u016bti vai epilepsijas gad\u012bjum\u0101. Nelietot kr\u016bts v\u0113\u017ea gad\u012bjum\u0101. Sarg\u0101t no b\u0113rniem un m\u0101jdz\u012bvniekiem.<\/p>","protected":false},"excerpt":{"rendered":"<p>Foeniculum Vulgare Fenkoli eeterlik \u00f5li saadakse aurudestilleerimise teel purustatud Foeniculum vulgare seemnetest. Tegu on magusa fenkoliga, mida tuntakse ka kui Rooma fenkolit.&hellip;<\/p>","protected":false},"featured_media":105491,"comment_status":"open","ping_status":"closed","template":"","meta":{"wprm-recipe-roundup-name":"","wprm-recipe-roundup-description":""},"product_brand":[],"product_cat":[5754],"product_tag":[5756],"class_list":{"0":"post-105490","1":"product","2":"type-product","3":"status-publish","4":"has-post-thumbnail","6":"product_cat-eeterlikud-olid-ja-aroomiolid","7":"product_tag-eeterlik-oli","9":"first","10":"instock","11":"taxable","12":"shipping-taxable","13":"purchasable","14":"product-type-simple"},"supplier_id":105232,"supplier_sku":"","barcode":"5055796528530","atum_controlled":true,"out_stock_date":null,"out_stock_threshold":null,"inheritable":false,"inbound_stock":0,"stock_on_hold":0,"sold_today":0,"sales_last_days":0,"reserved_stock":0,"customer_returns":0,"warehouse_damage":0,"lost_in_post":0,"other_logs":0,"out_stock_days":0,"lost_sales":0,"has_location":false,"update_date":"2026-03-07T01:16:07","atum_locations":[],"atum_stock_status":"instock","restock_status":false,"low_stock_amount":"","sales_update_date":"2026-03-07T01:16:07","calc_backorders":null,"aioseo_notices":[],"_links":{"self":[{"href":"https:\/\/ecoshop.ee\/lv\/wp-json\/wp\/v2\/product\/105490","targetHints":{"allow":["GET"]}}],"collection":[{"href":"https:\/\/ecoshop.ee\/lv\/wp-json\/wp\/v2\/product"}],"about":[{"href":"https:\/\/ecoshop.ee\/lv\/wp-json\/wp\/v2\/types\/product"}],"replies":[{"embeddable":true,"href":"https:\/\/ecoshop.ee\/lv\/wp-json\/wp\/v2\/comments?post=105490"}],"version-history":[{"count":0,"href":"https:\/\/ecoshop.ee\/lv\/wp-json\/wp\/v2\/product\/105490\/revisions"}],"wp:featuredmedia":[{"embeddable":true,"href":"https:\/\/ecoshop.ee\/lv\/wp-json\/wp\/v2\/media\/105491"}],"wp:attachment":[{"href":"https:\/\/ecoshop.ee\/lv\/wp-json\/wp\/v2\/media?parent=105490"}],"wp:term":[{"taxonomy":"product_brand","embeddable":true,"href":"https:\/\/ecoshop.ee\/lv\/wp-json\/wp\/v2\/product_brand?post=105490"},{"taxonomy":"product_cat","embeddable":true,"href":"https:\/\/ecoshop.ee\/lv\/wp-json\/wp\/v2\/product_cat?post=105490"},{"taxonomy":"product_tag","embeddable":true,"href":"https:\/\/ecoshop.ee\/lv\/wp-json\/wp\/v2\/product_tag?post=105490"}],"curies":[{"name":"wp","href":"https:\/\/api.w.org\/{rel}","templated":true}]}}