{"id":105494,"date":"2025-04-12T14:39:58","date_gmt":"2025-04-12T12:39:58","guid":{"rendered":"https:\/\/ecoshop.ee\/?post_type=product&#038;p=105494"},"modified":"2025-04-12T14:39:59","modified_gmt":"2025-04-12T12:39:59","slug":"melno-piparu-eteriska-ella-10-ml","status":"publish","type":"product","link":"https:\/\/ecoshop.ee\/lv\/eeterlikud-olid-ja-aroomiolid\/musta-pipra-eeterlik-oli-10ml\/","title":{"rendered":"Melno piparu \u0113terisk\u0101 e\u013c\u013ca - 10 ml"},"content":{"rendered":"<p class=\"\" data-start=\"86\" data-end=\"138\"><em data-start=\"124\" data-end=\"138\">Piper Nigrum<\/em><\/p>\n<p class=\"\" data-start=\"140\" data-end=\"492\">Melno piparu \u0113terisk\u0101 e\u013c\u013ca tiek ieg\u016bta ar tvaika destil\u0101ciju. Izcelsmes valsts: Indija. <em data-start=\"214\" data-end=\"228\">Melnie pipari<\/em> no auga piparu graudiem. \u0160\u012b silt\u0101, pikant\u0101 un uzmundrino\u0161\u0101 e\u013c\u013ca satur dabiskus antioksidantus (monoterp\u0113nus un seskviterp\u0113nus), kas atbalsta im\u016bnsist\u0113mu un visp\u0101r\u0113jo labsaj\u016btu. Mas\u0101\u017eas mais\u012bjumos t\u0101 rada pat\u012bkami sildo\u0161u saj\u016btu un pal\u012bdz atsl\u0101bin\u0101t musku\u013cu sasprindzin\u0101jumu.<\/p>\n<p class=\"\" data-start=\"494\" data-end=\"663\">Melno piparu e\u013c\u013ca tiek izmantota aromterapij\u0101 t\u0101s nomierino\u0161\u0101s iedarb\u012bbas d\u0113\u013c \u2013 t\u0101 pal\u012bdz mazin\u0101t trauksmi, l\u012bdzsvarot emocijas un atbalst\u012bt koncentr\u0113\u0161an\u0101s sp\u0113jas un gar\u012bgo sp\u0113ku.<\/p>\n<ul>\n<li data-start=\"665\" data-end=\"810\">100% t\u012bra \u0113terisk\u0101 e\u013c\u013ca<\/li>\n<li data-start=\"665\" data-end=\"810\">Sildo\u0161a un relaks\u0113jo\u0161a musku\u013cu mas\u0101\u017ea<\/li>\n<li data-start=\"665\" data-end=\"810\">Atbalsta im\u016bnsist\u0113mu un visp\u0101r\u0113jo labsaj\u016btu<\/li>\n<li data-start=\"665\" data-end=\"810\">Nomierina saspringtu pr\u0101tu un emocijas<\/li>\n<li data-start=\"665\" data-end=\"810\">Izmantot\u0101 auga da\u013ca: piparu graudi<\/li>\n<li data-start=\"665\" data-end=\"810\">Ekstrakcijas metode: tvaika destil\u0101cija<\/li>\n<li data-start=\"665\" data-end=\"810\">10 ml tum\u0161\u0101 stikla pudel\u0113<\/li>\n<\/ul>\n<p class=\"\" data-start=\"919\" data-end=\"1074\">\u26a0\ufe0f Tikai \u0101r\u012bgai lieto\u0161anai. Nenor\u012bt. Sarg\u0101t no b\u0113rniem un m\u0101jdz\u012bvniekiem. Nelietot gr\u016btniec\u012bbas vai baro\u0161anas ar kr\u016bti laik\u0101.<\/p>","protected":false},"excerpt":{"rendered":"<p>Piper Nigrum Musta pipra eeterlik \u00f5li saadakse aurudestilleerimise teel India p\u00e4ritolu Piper nigrum taime piprateradest. See soe, v\u00fcrtsikas ja ergutav \u00f5li sisaldab&hellip;<\/p>","protected":false},"featured_media":105495,"comment_status":"open","ping_status":"closed","template":"","meta":{"wprm-recipe-roundup-name":"","wprm-recipe-roundup-description":""},"product_brand":[],"product_cat":[5754],"product_tag":[5756],"class_list":{"0":"post-105494","1":"product","2":"type-product","3":"status-publish","4":"has-post-thumbnail","6":"product_cat-eeterlikud-olid-ja-aroomiolid","7":"product_tag-eeterlik-oli","9":"first","10":"instock","11":"sale","12":"taxable","13":"shipping-taxable","14":"purchasable","15":"product-type-simple"},"supplier_id":105232,"supplier_sku":"","barcode":"5055796528523","atum_controlled":true,"out_stock_date":null,"out_stock_threshold":null,"inheritable":false,"inbound_stock":0,"stock_on_hold":0,"sold_today":0,"sales_last_days":0,"reserved_stock":0,"customer_returns":0,"warehouse_damage":0,"lost_in_post":0,"other_logs":0,"out_stock_days":0,"lost_sales":0,"has_location":false,"update_date":"2026-03-07T01:16:07","atum_locations":[],"atum_stock_status":"instock","restock_status":false,"low_stock_amount":"","sales_update_date":"2026-03-07T01:16:07","calc_backorders":null,"aioseo_notices":[],"_links":{"self":[{"href":"https:\/\/ecoshop.ee\/lv\/wp-json\/wp\/v2\/product\/105494","targetHints":{"allow":["GET"]}}],"collection":[{"href":"https:\/\/ecoshop.ee\/lv\/wp-json\/wp\/v2\/product"}],"about":[{"href":"https:\/\/ecoshop.ee\/lv\/wp-json\/wp\/v2\/types\/product"}],"replies":[{"embeddable":true,"href":"https:\/\/ecoshop.ee\/lv\/wp-json\/wp\/v2\/comments?post=105494"}],"version-history":[{"count":0,"href":"https:\/\/ecoshop.ee\/lv\/wp-json\/wp\/v2\/product\/105494\/revisions"}],"wp:featuredmedia":[{"embeddable":true,"href":"https:\/\/ecoshop.ee\/lv\/wp-json\/wp\/v2\/media\/105495"}],"wp:attachment":[{"href":"https:\/\/ecoshop.ee\/lv\/wp-json\/wp\/v2\/media?parent=105494"}],"wp:term":[{"taxonomy":"product_brand","embeddable":true,"href":"https:\/\/ecoshop.ee\/lv\/wp-json\/wp\/v2\/product_brand?post=105494"},{"taxonomy":"product_cat","embeddable":true,"href":"https:\/\/ecoshop.ee\/lv\/wp-json\/wp\/v2\/product_cat?post=105494"},{"taxonomy":"product_tag","embeddable":true,"href":"https:\/\/ecoshop.ee\/lv\/wp-json\/wp\/v2\/product_tag?post=105494"}],"curies":[{"name":"wp","href":"https:\/\/api.w.org\/{rel}","templated":true}]}}