{"id":105497,"date":"2025-04-12T14:45:44","date_gmt":"2025-04-12T12:45:44","guid":{"rendered":"https:\/\/ecoshop.ee\/?post_type=product&#038;p=105497"},"modified":"2025-04-12T14:45:45","modified_gmt":"2025-04-12T12:45:45","slug":"bergamotes-eteriska-ella-10-ml","status":"publish","type":"product","link":"https:\/\/ecoshop.ee\/lv\/eeterlikud-olid-ja-aroomiolid\/bergamoti-eeterlik-oli-10ml\/","title":{"rendered":"Bergamotes \u0113terisk\u0101 e\u013c\u013ca - 10 ml"},"content":{"rendered":"<p class=\"\" data-start=\"90\" data-end=\"149\"><em data-start=\"132\" data-end=\"149\">Citrusu bergamija<\/em><\/p>\n<p class=\"\" data-start=\"151\" data-end=\"493\">Bergamotes \u0113terisk\u0101 e\u013c\u013ca tiek ieg\u016bta ar aukst\u0101s pres\u0113\u0161anas metodi. <em data-start=\"203\" data-end=\"220\">Citrus bergamija<\/em> no aug\u013ca mizas. FCF (furokumar\u012bna nesaturo\u0161a) versija ir \u012bpa\u0161i apstr\u0101d\u0101ta, lai samazin\u0101tu \u0101das fotosensibiliz\u0101cijas risku. Bergamotes svaigais un viegli saldais citrusaug\u013cu arom\u0101ts pal\u012bdz rad\u012bt dz\u012bvespriec\u012bgu un relaks\u0113jo\u0161u noska\u0146ojumu, un t\u0101 ir viena no iecien\u012bt\u0101kaj\u0101m e\u013c\u013c\u0101m aromterapij\u0101.<\/p>\n<p class=\"\" data-start=\"495\" data-end=\"755\">Bergamotes e\u013c\u013ca atbalsta nervu sist\u0113mu un l\u012bdzsvaro emocijas \u2013 t\u0101 ir piem\u0113rota lieto\u0161anai stresa, depresijas, trauksmes, zemas pa\u0161apzi\u0146as un spriedzes gad\u012bjumos. \u0100das kop\u0161an\u0101 to lieto aknes, psori\u0101zes, ekz\u0113mas un aukstumpumpu atbalstam.<\/p>\n<ul>\n<li data-start=\"757\" data-end=\"921\">100% t\u012bra \u0113terisk\u0101 e\u013c\u013ca<\/li>\n<li data-start=\"757\" data-end=\"921\">Paaugstina garast\u0101vokli un nomierina nervu sist\u0113mu<\/li>\n<li data-start=\"757\" data-end=\"921\">Atbalsta \u0101du un pal\u012bdz mazin\u0101t iekaisumu<\/li>\n<li data-start=\"757\" data-end=\"921\">Piem\u0113rots aromterapijai, vannas \u016bdenim un mas\u0101\u017eai<\/li>\n<li data-start=\"757\" data-end=\"921\">Izmantot\u0101 auga da\u013ca: aug\u013cu miza<\/li>\n<li data-start=\"757\" data-end=\"921\">Ieguves metode: aukst\u0101 pres\u0113\u0161ana<\/li>\n<li data-start=\"757\" data-end=\"921\">10 ml tum\u0161\u0101 stikla pudel\u0113<\/li>\n<\/ul>\n<p class=\"\" data-start=\"1027\" data-end=\"1229\">\u26a0\ufe0f Tikai \u0101r\u012bgai lieto\u0161anai. Nenor\u012bt. P\u0113c uzkl\u0101\u0161anas uz \u0101das izvairieties no saules gaismas. Nelietot gr\u016btniec\u012bbas vai z\u012bd\u012b\u0161anas laik\u0101. Sarg\u0101t no b\u0113rniem un m\u0101jdz\u012bvniekiem.<\/p>","protected":false},"excerpt":{"rendered":"<p>Citrus Bergamia Bergamoti eeterlik \u00f5li saadakse k\u00fclmpressimise teel Citrus bergamia puuvilja koorest. FCF (furokumariinivaba) versioon on spetsiaalselt t\u00f6\u00f6deldud, et v\u00e4hendada valgustundlikkuse riski&hellip;<\/p>","protected":false},"featured_media":105498,"comment_status":"open","ping_status":"closed","template":"","meta":{"wprm-recipe-roundup-name":"","wprm-recipe-roundup-description":""},"product_brand":[],"product_cat":[5754],"product_tag":[5756],"class_list":{"0":"post-105497","1":"product","2":"type-product","3":"status-publish","4":"has-post-thumbnail","6":"product_cat-eeterlikud-olid-ja-aroomiolid","7":"product_tag-eeterlik-oli","9":"first","10":"instock","11":"taxable","12":"shipping-taxable","13":"purchasable","14":"product-type-simple"},"supplier_id":105232,"supplier_sku":"","barcode":"5055796528516","atum_controlled":true,"out_stock_date":null,"out_stock_threshold":null,"inheritable":false,"inbound_stock":0,"stock_on_hold":0,"sold_today":0,"sales_last_days":0,"reserved_stock":0,"customer_returns":0,"warehouse_damage":0,"lost_in_post":0,"other_logs":0,"out_stock_days":0,"lost_sales":0,"has_location":false,"update_date":"2026-03-07T01:16:07","atum_locations":[],"atum_stock_status":"instock","restock_status":false,"low_stock_amount":"","sales_update_date":"2026-03-07T01:16:07","calc_backorders":null,"aioseo_notices":[],"_links":{"self":[{"href":"https:\/\/ecoshop.ee\/lv\/wp-json\/wp\/v2\/product\/105497","targetHints":{"allow":["GET"]}}],"collection":[{"href":"https:\/\/ecoshop.ee\/lv\/wp-json\/wp\/v2\/product"}],"about":[{"href":"https:\/\/ecoshop.ee\/lv\/wp-json\/wp\/v2\/types\/product"}],"replies":[{"embeddable":true,"href":"https:\/\/ecoshop.ee\/lv\/wp-json\/wp\/v2\/comments?post=105497"}],"version-history":[{"count":0,"href":"https:\/\/ecoshop.ee\/lv\/wp-json\/wp\/v2\/product\/105497\/revisions"}],"wp:featuredmedia":[{"embeddable":true,"href":"https:\/\/ecoshop.ee\/lv\/wp-json\/wp\/v2\/media\/105498"}],"wp:attachment":[{"href":"https:\/\/ecoshop.ee\/lv\/wp-json\/wp\/v2\/media?parent=105497"}],"wp:term":[{"taxonomy":"product_brand","embeddable":true,"href":"https:\/\/ecoshop.ee\/lv\/wp-json\/wp\/v2\/product_brand?post=105497"},{"taxonomy":"product_cat","embeddable":true,"href":"https:\/\/ecoshop.ee\/lv\/wp-json\/wp\/v2\/product_cat?post=105497"},{"taxonomy":"product_tag","embeddable":true,"href":"https:\/\/ecoshop.ee\/lv\/wp-json\/wp\/v2\/product_tag?post=105497"}],"curies":[{"name":"wp","href":"https:\/\/api.w.org\/{rel}","templated":true}]}}