{"id":105500,"date":"2025-04-12T14:49:18","date_gmt":"2025-04-12T12:49:18","guid":{"rendered":"https:\/\/ecoshop.ee\/?post_type=product&#038;p=105500"},"modified":"2025-04-12T14:49:19","modified_gmt":"2025-04-12T12:49:19","slug":"citronu-eteriska-ella-10-ml","status":"publish","type":"product","link":"https:\/\/ecoshop.ee\/lv\/eeterlikud-olid-ja-aroomiolid\/sidruni-eeterlik-oli-10ml\/","title":{"rendered":"Citrona \u0113terisk\u0101 e\u013c\u013ca - 10 ml"},"content":{"rendered":"<p class=\"\" data-start=\"82\" data-end=\"130\"><em data-start=\"116\" data-end=\"130\">Citrusaug\u013cu citrons<\/em><\/p>\n<p class=\"\" data-start=\"132\" data-end=\"438\">Citronu \u0113terisk\u0101 e\u013c\u013ca tiek auksti spiesta no svaig\u0101m citronu miz\u0101m. T\u0101s asais, svaigais citrusaug\u013cu arom\u0101ts uzmundrina, palielina koncentr\u0113\u0161an\u0101s sp\u0113jas un pal\u012bdz mazin\u0101t nogurumu un stresu. Citronu e\u013c\u013ca ir viena no popul\u0101r\u0101kaj\u0101m e\u013c\u013c\u0101m aromterapij\u0101 \u2013 piem\u0113rota lieto\u0161anai gan m\u0101j\u0101s, gan biroj\u0101.<\/p>\n<p class=\"\" data-start=\"440\" data-end=\"664\">Citronu e\u013c\u013ca atbalsta im\u016bnsist\u0113mu un att\u012bra organismu. To lieto gremo\u0161anas probl\u0113mu, musku\u013cu sasprindzin\u0101juma un saaukst\u0113\u0161an\u0101s simptomu mazin\u0101\u0161anai. \u0100das kop\u0161an\u0101 citronu e\u013c\u013ca pal\u012bdz mazin\u0101t akni, iekaisumu un lieko sebumu.<\/p>\n<ul>\n<li data-start=\"666\" data-end=\"822\">100% t\u012bra \u0113terisk\u0101 e\u013c\u013ca<\/li>\n<li data-start=\"666\" data-end=\"822\">Stimul\u0113 ma\u0146as un uzlabo koncentr\u0113\u0161an\u0101s sp\u0113jas<\/li>\n<li data-start=\"666\" data-end=\"822\">Atbalsta imunit\u0101ti un pal\u012bdz organismam att\u012br\u012bties<\/li>\n<li data-start=\"666\" data-end=\"822\">Atsvaidzina \u0101du un mazina \u0101das kairin\u0101jumu<\/li>\n<li data-start=\"666\" data-end=\"822\">Izmantot\u0101 auga da\u013ca: aug\u013cu miza<\/li>\n<li data-start=\"666\" data-end=\"822\">Ieguves metode: aukst\u0101 pres\u0113\u0161ana<\/li>\n<li data-start=\"666\" data-end=\"822\">10 ml tum\u0161\u0101 stikla pudel\u0113<\/li>\n<\/ul>\n<p class=\"\" data-start=\"928\" data-end=\"1130\">\u26a0\ufe0f Tikai \u0101r\u012bgai lieto\u0161anai. Nenor\u012bt. P\u0113c uzkl\u0101\u0161anas uz \u0101das izvairieties no saules gaismas. Nelietot gr\u016btniec\u012bbas vai z\u012bd\u012b\u0161anas laik\u0101. Sarg\u0101t no b\u0113rniem un m\u0101jdz\u012bvniekiem.<\/p>","protected":false},"excerpt":{"rendered":"<p>Citrus Limon Sidruni eeterlik \u00f5li saadakse k\u00fclmpressimise teel v\u00e4rsketest sidrunikoortest. Selle teravalt v\u00e4rske tsitrusel\u00f5hn m\u00f5jub vaimu ergutavalt, suurendab keskendumisv\u00f5imet ning aitab hajutada&hellip;<\/p>","protected":false},"featured_media":105501,"comment_status":"open","ping_status":"closed","template":"","meta":{"wprm-recipe-roundup-name":"","wprm-recipe-roundup-description":""},"product_brand":[],"product_cat":[5754],"product_tag":[5756],"class_list":{"0":"post-105500","1":"product","2":"type-product","3":"status-publish","4":"has-post-thumbnail","6":"product_cat-eeterlikud-olid-ja-aroomiolid","7":"product_tag-eeterlik-oli","9":"first","10":"instock","11":"taxable","12":"shipping-taxable","13":"purchasable","14":"product-type-simple"},"supplier_id":105232,"supplier_sku":"","barcode":"5055796528493","atum_controlled":true,"out_stock_date":null,"out_stock_threshold":null,"inheritable":false,"inbound_stock":0,"stock_on_hold":0,"sold_today":0,"sales_last_days":0,"reserved_stock":0,"customer_returns":0,"warehouse_damage":0,"lost_in_post":0,"other_logs":0,"out_stock_days":0,"lost_sales":0,"has_location":false,"update_date":"2026-03-07T01:16:14","atum_locations":[],"atum_stock_status":"instock","restock_status":false,"low_stock_amount":"","sales_update_date":"2026-03-07T01:16:14","calc_backorders":null,"aioseo_notices":[],"_links":{"self":[{"href":"https:\/\/ecoshop.ee\/lv\/wp-json\/wp\/v2\/product\/105500","targetHints":{"allow":["GET"]}}],"collection":[{"href":"https:\/\/ecoshop.ee\/lv\/wp-json\/wp\/v2\/product"}],"about":[{"href":"https:\/\/ecoshop.ee\/lv\/wp-json\/wp\/v2\/types\/product"}],"replies":[{"embeddable":true,"href":"https:\/\/ecoshop.ee\/lv\/wp-json\/wp\/v2\/comments?post=105500"}],"version-history":[{"count":0,"href":"https:\/\/ecoshop.ee\/lv\/wp-json\/wp\/v2\/product\/105500\/revisions"}],"wp:featuredmedia":[{"embeddable":true,"href":"https:\/\/ecoshop.ee\/lv\/wp-json\/wp\/v2\/media\/105501"}],"wp:attachment":[{"href":"https:\/\/ecoshop.ee\/lv\/wp-json\/wp\/v2\/media?parent=105500"}],"wp:term":[{"taxonomy":"product_brand","embeddable":true,"href":"https:\/\/ecoshop.ee\/lv\/wp-json\/wp\/v2\/product_brand?post=105500"},{"taxonomy":"product_cat","embeddable":true,"href":"https:\/\/ecoshop.ee\/lv\/wp-json\/wp\/v2\/product_cat?post=105500"},{"taxonomy":"product_tag","embeddable":true,"href":"https:\/\/ecoshop.ee\/lv\/wp-json\/wp\/v2\/product_tag?post=105500"}],"curies":[{"name":"wp","href":"https:\/\/api.w.org\/{rel}","templated":true}]}}