{"id":105503,"date":"2025-04-12T14:54:22","date_gmt":"2025-04-12T12:54:22","guid":{"rendered":"https:\/\/ecoshop.ee\/?post_type=product&#038;p=105503"},"modified":"2025-04-12T14:54:23","modified_gmt":"2025-04-12T12:54:23","slug":"sandalkoka-eteriska-ella-10-ml","status":"publish","type":"product","link":"https:\/\/ecoshop.ee\/lv\/eeterlikud-olid-ja-aroomiolid\/sandlipuu-eeterlik-oli-10ml\/","title":{"rendered":"Sandalkoka \u0113terisk\u0101 e\u013c\u013ca \u2013 10 ml"},"content":{"rendered":"<p class=\"\" data-start=\"109\" data-end=\"187\"><em data-start=\"167\" data-end=\"187\">Amyris Balsamifera<\/em><\/p>\n<p class=\"\" data-start=\"189\" data-end=\"534\">Sandalkoka \u0113terisk\u0101 e\u013c\u013ca, kas paz\u012bstama ar\u012b k\u0101 Rietumindijas sandalkoka e\u013c\u013ca, tiek ieg\u016bta no <em data-start=\"260\" data-end=\"280\">Amyris balsamifera<\/em> Tvaika destil\u0101cija no koka koksnes un zariemrimise. T\u0101 siltajam, zemiskajam, nedaudz sandalkokam l\u012bdz\u012bgajam arom\u0101tam ir nomierino\u0161a un relaks\u0113jo\u0161a iedarb\u012bba. Augsta e\u013c\u013cas satura d\u0113\u013c \u0161o koku sauc ar\u012b par \u201csve\u010du koku\u201d, jo tas pats deg k\u0101 svece.<\/p>\n<p class=\"\" data-start=\"536\" data-end=\"822\">Amirisa e\u013c\u013cu lieto stresa, trauksmes un bezmiega mazin\u0101\u0161anai. Aromterapij\u0101 t\u0101 pal\u012bdz atsl\u0101bin\u0101ties, veicina miegu un ir piem\u0113rota medit\u0101cijai. T\u0101 ar\u012b atbalsta elpo\u0161anas ce\u013cus un ir piem\u0113rota musku\u013cu sasprindzin\u0101juma un iekaisuma mazin\u0101\u0161anai. \u0100das kop\u0161an\u0101 t\u0101 ir paz\u012bstama k\u0101 m\u012bkstino\u0161s un nomierino\u0161s l\u012bdzeklis.<\/p>\n<ul>\n<li data-start=\"824\" data-end=\"996\">100% t\u012bra \u0113terisk\u0101 e\u013c\u013ca<\/li>\n<li data-start=\"824\" data-end=\"996\">Nomierina nervu sist\u0113mu un veicina relaks\u0101ciju<\/li>\n<li data-start=\"824\" data-end=\"996\">Veicina miegu un ir piem\u0113rots meditat\u012bvai lieto\u0161anai<\/li>\n<li data-start=\"824\" data-end=\"996\">Atbalsta elpo\u0161anas ce\u013cus un mazina musku\u013cu sasprindzin\u0101jumu<\/li>\n<li data-start=\"824\" data-end=\"996\">Izmantot\u0101 auga da\u013ca: koksne un zari<\/li>\n<li data-start=\"824\" data-end=\"996\">Ekstrakcijas metode: tvaika destil\u0101cija<\/li>\n<li data-start=\"824\" data-end=\"996\">10 ml tum\u0161\u0101 stikla pudel\u0113<\/li>\n<\/ul>\n<p class=\"\" data-start=\"1108\" data-end=\"1263\">\u26a0\ufe0f Tikai \u0101r\u012bgai lieto\u0161anai. Nenor\u012bt. Sarg\u0101t no b\u0113rniem un m\u0101jdz\u012bvniekiem. Nelietot gr\u016btniec\u012bbas vai baro\u0161anas ar kr\u016bti laik\u0101.<\/p>","protected":false},"excerpt":{"rendered":"<p>Amyris Balsamifera Sandlipuu eeterlik \u00f5li, tuntud ka kui L\u00e4\u00e4ne-India sandlipuu\u00f5li, saadakse Amyris balsamifera puu puidust ja okstest aurudestilleerimise teel. Selle soe, maal\u00e4hedane&hellip;<\/p>","protected":false},"featured_media":105505,"comment_status":"open","ping_status":"closed","template":"","meta":{"wprm-recipe-roundup-name":"","wprm-recipe-roundup-description":""},"product_brand":[],"product_cat":[5754],"product_tag":[5756],"class_list":{"0":"post-105503","1":"product","2":"type-product","3":"status-publish","4":"has-post-thumbnail","6":"product_cat-eeterlikud-olid-ja-aroomiolid","7":"product_tag-eeterlik-oli","9":"first","10":"instock","11":"taxable","12":"shipping-taxable","13":"purchasable","14":"product-type-simple"},"supplier_id":105232,"supplier_sku":"","barcode":"5055796528462","atum_controlled":true,"out_stock_date":null,"out_stock_threshold":null,"inheritable":false,"inbound_stock":0,"stock_on_hold":0,"sold_today":0,"sales_last_days":0,"reserved_stock":0,"customer_returns":0,"warehouse_damage":0,"lost_in_post":0,"other_logs":0,"out_stock_days":0,"lost_sales":0,"has_location":false,"update_date":"2026-03-07T01:16:14","atum_locations":[],"atum_stock_status":"instock","restock_status":false,"low_stock_amount":"","sales_update_date":"2026-03-07T01:16:14","calc_backorders":null,"aioseo_notices":[],"_links":{"self":[{"href":"https:\/\/ecoshop.ee\/lv\/wp-json\/wp\/v2\/product\/105503","targetHints":{"allow":["GET"]}}],"collection":[{"href":"https:\/\/ecoshop.ee\/lv\/wp-json\/wp\/v2\/product"}],"about":[{"href":"https:\/\/ecoshop.ee\/lv\/wp-json\/wp\/v2\/types\/product"}],"replies":[{"embeddable":true,"href":"https:\/\/ecoshop.ee\/lv\/wp-json\/wp\/v2\/comments?post=105503"}],"version-history":[{"count":0,"href":"https:\/\/ecoshop.ee\/lv\/wp-json\/wp\/v2\/product\/105503\/revisions"}],"wp:featuredmedia":[{"embeddable":true,"href":"https:\/\/ecoshop.ee\/lv\/wp-json\/wp\/v2\/media\/105505"}],"wp:attachment":[{"href":"https:\/\/ecoshop.ee\/lv\/wp-json\/wp\/v2\/media?parent=105503"}],"wp:term":[{"taxonomy":"product_brand","embeddable":true,"href":"https:\/\/ecoshop.ee\/lv\/wp-json\/wp\/v2\/product_brand?post=105503"},{"taxonomy":"product_cat","embeddable":true,"href":"https:\/\/ecoshop.ee\/lv\/wp-json\/wp\/v2\/product_cat?post=105503"},{"taxonomy":"product_tag","embeddable":true,"href":"https:\/\/ecoshop.ee\/lv\/wp-json\/wp\/v2\/product_tag?post=105503"}],"curies":[{"name":"wp","href":"https:\/\/api.w.org\/{rel}","templated":true}]}}