{"id":105506,"date":"2025-04-12T14:59:11","date_gmt":"2025-04-12T12:59:11","guid":{"rendered":"https:\/\/ecoshop.ee\/?post_type=product&#038;p=105506"},"modified":"2025-04-12T14:59:12","modified_gmt":"2025-04-12T12:59:12","slug":"ilang-ilang-eteriska-ella-10-ml","status":"publish","type":"product","link":"https:\/\/ecoshop.ee\/lv\/eeterlikud-olid-ja-aroomiolid\/ylang-ylang-eeterlik-oli-10ml\/","title":{"rendered":"Ilang-ilang \u0113terisk\u0101 e\u013c\u013ca \u2013 10 ml"},"content":{"rendered":"<p class=\"\" data-start=\"88\" data-end=\"143\"><em data-start=\"126\" data-end=\"143\">Kananga Odorata<\/em><\/p>\n<p class=\"\" data-start=\"145\" data-end=\"452\">Ilang-ilang \u0113terisk\u0101 e\u013c\u013ca tiek ieg\u016bta ar tvaika destil\u0101ciju rimise <em data-start=\"204\" data-end=\"221\">Cananga odorata<\/em> Koks ar skaisti smar\u017e\u012bgiem dzelteniem ziediem, kura dzimtene ir Dienvidaustrum\u0101zija. T\u0101 saldais un eksotiskais arom\u0101ts ir paz\u012bstams ar relaks\u0113jo\u0161o iedarb\u012bbu un tiek augstu v\u0113rt\u0113ts gan aromterapij\u0101, gan parfim\u0113rijas un kosm\u0113tikas r\u016bpniec\u012bb\u0101.<\/p>\n<p class=\"\" data-start=\"454\" data-end=\"834\">Aromterapij\u0101 ilang-ilangu izmanto stresa, trauksmes, \u0161oka un depresijas mazin\u0101\u0161anai. E\u013c\u013ca pal\u012bdz nomierin\u0101t saj\u016btas un veicin\u0101t labsaj\u016btu, pazemina asinsspiedienu un l\u012bdzsvaro \u0137ermeni un pr\u0101tu. \u0100das kop\u0161an\u0101 to izmanto, lai l\u012bdzsvarotu galvas \u0101das sebuma sekr\u0113ciju un toniz\u0113tu matus. P\u0101rm\u0113r\u012bgi lietojot, arom\u0101ts var k\u013c\u016bt p\u0101r\u0101k intens\u012bvs, t\u0101p\u0113c lietojiet to m\u0113ren\u012bb\u0101.<\/p>\n<ul>\n<li data-start=\"836\" data-end=\"995\">100% t\u012bra \u0113terisk\u0101 e\u013c\u013ca<\/li>\n<li data-start=\"836\" data-end=\"995\">Nomierina nervu sist\u0113mu un veicina relaks\u0101ciju<\/li>\n<li data-start=\"836\" data-end=\"995\">Piem\u0113rots stresa, trauksmes un spriedzes mazin\u0101\u0161anai<\/li>\n<li data-start=\"836\" data-end=\"995\">Atbalsta matu un galvas \u0101das l\u012bdzsvaru<\/li>\n<li data-start=\"836\" data-end=\"995\">Izmantot\u0101 auga da\u013ca: ziedi<\/li>\n<li data-start=\"836\" data-end=\"995\">Ekstrakcijas metode: tvaika destil\u0101cija<\/li>\n<li data-start=\"836\" data-end=\"995\">10 ml tum\u0161\u0101 stikla pudel\u0113<\/li>\n<\/ul>\n<p class=\"\" data-start=\"1098\" data-end=\"1312\">\u26a0\ufe0f Tikai \u0101r\u012bgai lieto\u0161anai. Nenor\u012bt. P\u0101rm\u0113r\u012bga lieto\u0161ana var izrais\u012bt galvass\u0101pes vai sliktu d\u016b\u0161u. Sarg\u0101t no b\u0113rniem un m\u0101jdz\u012bvniekiem. Nelietot gr\u016btniec\u012bbas vai z\u012bd\u012b\u0161anas laik\u0101.<\/p>","protected":false},"excerpt":{"rendered":"<p>Cananga Odorata Ylang Ylang eeterlik \u00f5li saadakse aurudestilleerimise teel Cananga odorata puu kaunilt l\u00f5hnavatest kollastest \u00f5itest, mis p\u00e4rinevad Kagu-Aasia piirkonnast. Selle magus&hellip;<\/p>","protected":false},"featured_media":105507,"comment_status":"open","ping_status":"closed","template":"","meta":{"wprm-recipe-roundup-name":"","wprm-recipe-roundup-description":""},"product_brand":[],"product_cat":[5754],"product_tag":[5756],"class_list":{"0":"post-105506","1":"product","2":"type-product","3":"status-publish","4":"has-post-thumbnail","6":"product_cat-eeterlikud-olid-ja-aroomiolid","7":"product_tag-eeterlik-oli","9":"first","10":"instock","11":"taxable","12":"shipping-taxable","13":"purchasable","14":"product-type-simple"},"supplier_id":105232,"supplier_sku":"","barcode":"5055796528431","atum_controlled":true,"out_stock_date":null,"out_stock_threshold":null,"inheritable":false,"inbound_stock":0,"stock_on_hold":0,"sold_today":0,"sales_last_days":0,"reserved_stock":0,"customer_returns":0,"warehouse_damage":0,"lost_in_post":0,"other_logs":0,"out_stock_days":0,"lost_sales":0,"has_location":false,"update_date":"2026-03-07T01:16:14","atum_locations":[],"atum_stock_status":"instock","restock_status":false,"low_stock_amount":"","sales_update_date":"2026-03-07T01:16:14","calc_backorders":null,"aioseo_notices":[],"_links":{"self":[{"href":"https:\/\/ecoshop.ee\/lv\/wp-json\/wp\/v2\/product\/105506","targetHints":{"allow":["GET"]}}],"collection":[{"href":"https:\/\/ecoshop.ee\/lv\/wp-json\/wp\/v2\/product"}],"about":[{"href":"https:\/\/ecoshop.ee\/lv\/wp-json\/wp\/v2\/types\/product"}],"replies":[{"embeddable":true,"href":"https:\/\/ecoshop.ee\/lv\/wp-json\/wp\/v2\/comments?post=105506"}],"version-history":[{"count":0,"href":"https:\/\/ecoshop.ee\/lv\/wp-json\/wp\/v2\/product\/105506\/revisions"}],"wp:featuredmedia":[{"embeddable":true,"href":"https:\/\/ecoshop.ee\/lv\/wp-json\/wp\/v2\/media\/105507"}],"wp:attachment":[{"href":"https:\/\/ecoshop.ee\/lv\/wp-json\/wp\/v2\/media?parent=105506"}],"wp:term":[{"taxonomy":"product_brand","embeddable":true,"href":"https:\/\/ecoshop.ee\/lv\/wp-json\/wp\/v2\/product_brand?post=105506"},{"taxonomy":"product_cat","embeddable":true,"href":"https:\/\/ecoshop.ee\/lv\/wp-json\/wp\/v2\/product_cat?post=105506"},{"taxonomy":"product_tag","embeddable":true,"href":"https:\/\/ecoshop.ee\/lv\/wp-json\/wp\/v2\/product_tag?post=105506"}],"curies":[{"name":"wp","href":"https:\/\/api.w.org\/{rel}","templated":true}]}}