{"id":105509,"date":"2025-04-12T15:04:13","date_gmt":"2025-04-12T13:04:13","guid":{"rendered":"https:\/\/ecoshop.ee\/?post_type=product&#038;p=105509"},"modified":"2025-04-12T15:04:14","modified_gmt":"2025-04-12T13:04:14","slug":"rozmarina-eteriska-ella-10-ml","status":"publish","type":"product","link":"https:\/\/ecoshop.ee\/lv\/eeterlikud-olid-ja-aroomiolid\/rosmariini-eeterlik-oli-10ml\/","title":{"rendered":"Rozmar\u012bna \u0113terisk\u0101 e\u013c\u013ca \u2013 10 ml"},"content":{"rendered":"<p class=\"\" data-start=\"87\" data-end=\"148\"><em data-start=\"124\" data-end=\"148\">Rosmarinus Officinalis<\/em><\/p>\n<p class=\"\" data-start=\"150\" data-end=\"501\">Rozmar\u012bna \u0113terisk\u0101 e\u013c\u013ca tiek ieg\u016bta ar tvaika destil\u0101ciju rimise <em data-start=\"208\" data-end=\"232\">Rozmar\u012bns \u0101rstniec\u012bbas augiem<\/em> no auga ziedo\u0161aj\u0101m galotn\u0113m. T\u0101 tiek uzskat\u012bta par augst\u0101kas kvalit\u0101tes e\u013c\u013cu nek\u0101 e\u013c\u013ca, ko tradicion\u0101li destil\u0113 no lap\u0101m un stubl\u0101jiem. Rozmar\u012bna svaigais, koksnainais un augu izcelsmes arom\u0101ts stimul\u0113 saj\u016btas, uzlabo koncentr\u0113\u0161an\u0101s sp\u0113jas un ir lieliski piem\u0113rots noguruma un gar\u012bga izs\u012bkuma gad\u012bjum\u0101.<\/p>\n<p class=\"\" data-start=\"503\" data-end=\"788\">Rozmar\u012bna e\u013c\u013cu lieto br\u016b\u010du, apdegumu, saaukst\u0113\u0161an\u0101s, gremo\u0161anas trauc\u0113jumu, loc\u012btavu s\u0101pju un musku\u013cu sasprindzin\u0101juma mazin\u0101\u0161anai. Mas\u0101\u017eas mais\u012bjumos t\u0101 veicina asinsriti un atbalsta musku\u013cu relaks\u0101ciju. Matu kop\u0161an\u0101 to izmanto, lai stimul\u0113tu asinsriti galvas \u0101d\u0101 un stimul\u0113tu matu aug\u0161anu.<\/p>\n<ul>\n<li data-start=\"790\" data-end=\"943\">100% t\u012bra \u0113terisk\u0101 e\u013c\u013ca<\/li>\n<li data-start=\"790\" data-end=\"943\">Stimul\u0113 ma\u0146as un uzlabo koncentr\u0113\u0161an\u0101s sp\u0113jas<\/li>\n<li data-start=\"790\" data-end=\"943\">Atbalsta asinsriti un gremo\u0161anas sist\u0113mu<\/li>\n<li data-start=\"790\" data-end=\"943\">Veicina matu aug\u0161anu un galvas \u0101das vesel\u012bbu<\/li>\n<li data-start=\"790\" data-end=\"943\">Izmantot\u0101 auga da\u013ca: ziedo\u0161\u0101s galotnes<\/li>\n<li data-start=\"790\" data-end=\"943\">Ekstrakcijas metode: tvaika destil\u0101cija<\/li>\n<li data-start=\"790\" data-end=\"943\">10 ml tum\u0161\u0101 stikla pudel\u0113<\/li>\n<\/ul>\n<p class=\"\" data-start=\"1059\" data-end=\"1232\">\u26a0\ufe0f Tikai \u0101r\u012bgai lieto\u0161anai. Nenor\u012bt. Nelietot gr\u016btniec\u012bbas, paaugstin\u0101ta asinsspiediena vai epilepsijas gad\u012bjum\u0101. Sarg\u0101t no b\u0113rniem un m\u0101jdz\u012bvniekiem.<\/p>","protected":false},"excerpt":{"rendered":"<p>Rosmarinus Officinalis Rosmariini eeterlik \u00f5li saadakse aurudestilleerimise teel Rosmarinus officinalis taime \u00f5itsevatest ladvikutest. Seda peetakse kvaliteetsemaks kui tavap\u00e4raselt lehtedest ja vartest destilleeritud&hellip;<\/p>","protected":false},"featured_media":105510,"comment_status":"open","ping_status":"closed","template":"","meta":{"wprm-recipe-roundup-name":"","wprm-recipe-roundup-description":""},"product_brand":[],"product_cat":[5754],"product_tag":[5756],"class_list":{"0":"post-105509","1":"product","2":"type-product","3":"status-publish","4":"has-post-thumbnail","6":"product_cat-eeterlikud-olid-ja-aroomiolid","7":"product_tag-eeterlik-oli","9":"first","10":"instock","11":"taxable","12":"shipping-taxable","13":"purchasable","14":"product-type-simple"},"supplier_id":105232,"supplier_sku":"","barcode":"5055796528424","atum_controlled":true,"out_stock_date":null,"out_stock_threshold":null,"inheritable":false,"inbound_stock":0,"stock_on_hold":0,"sold_today":0,"sales_last_days":0,"reserved_stock":0,"customer_returns":0,"warehouse_damage":0,"lost_in_post":0,"other_logs":0,"out_stock_days":0,"lost_sales":0,"has_location":false,"update_date":"2026-03-07T01:16:14","atum_locations":[],"atum_stock_status":"instock","restock_status":false,"low_stock_amount":"","sales_update_date":"2026-03-07T01:16:14","calc_backorders":null,"aioseo_notices":[],"_links":{"self":[{"href":"https:\/\/ecoshop.ee\/lv\/wp-json\/wp\/v2\/product\/105509","targetHints":{"allow":["GET"]}}],"collection":[{"href":"https:\/\/ecoshop.ee\/lv\/wp-json\/wp\/v2\/product"}],"about":[{"href":"https:\/\/ecoshop.ee\/lv\/wp-json\/wp\/v2\/types\/product"}],"replies":[{"embeddable":true,"href":"https:\/\/ecoshop.ee\/lv\/wp-json\/wp\/v2\/comments?post=105509"}],"version-history":[{"count":0,"href":"https:\/\/ecoshop.ee\/lv\/wp-json\/wp\/v2\/product\/105509\/revisions"}],"wp:featuredmedia":[{"embeddable":true,"href":"https:\/\/ecoshop.ee\/lv\/wp-json\/wp\/v2\/media\/105510"}],"wp:attachment":[{"href":"https:\/\/ecoshop.ee\/lv\/wp-json\/wp\/v2\/media?parent=105509"}],"wp:term":[{"taxonomy":"product_brand","embeddable":true,"href":"https:\/\/ecoshop.ee\/lv\/wp-json\/wp\/v2\/product_brand?post=105509"},{"taxonomy":"product_cat","embeddable":true,"href":"https:\/\/ecoshop.ee\/lv\/wp-json\/wp\/v2\/product_cat?post=105509"},{"taxonomy":"product_tag","embeddable":true,"href":"https:\/\/ecoshop.ee\/lv\/wp-json\/wp\/v2\/product_tag?post=105509"}],"curies":[{"name":"wp","href":"https:\/\/api.w.org\/{rel}","templated":true}]}}