{"id":105512,"date":"2025-04-12T15:07:11","date_gmt":"2025-04-12T13:07:11","guid":{"rendered":"https:\/\/ecoshop.ee\/?post_type=product&#038;p=105512"},"modified":"2025-12-08T11:16:49","modified_gmt":"2025-12-08T08:16:49","slug":"piparmetru-eteriska-ella-10-ml","status":"publish","type":"product","link":"https:\/\/ecoshop.ee\/lv\/eeterlikud-olid-ja-aroomiolid\/piparmundi-eeterlik-oli-10ml\/","title":{"rendered":"Piparm\u0113tru \u0113terisk\u0101 e\u013c\u013ca \u2013 10 ml"},"content":{"rendered":"<p class=\"\" data-start=\"87\" data-end=\"141\"><em data-start=\"124\" data-end=\"141\">Menta Piperita<\/em><\/p>\n<p class=\"\" data-start=\"143\" data-end=\"447\">Ieg\u016bst piparm\u0113tru \u0113terisko e\u013c\u013cu <em data-start=\"176\" data-end=\"193\">Piparm\u0113tra<\/em> Tvaic\u0113jot destil\u0113ts no ziedo\u0161a auga rimise t\u0113jas. T\u0101s svaigais, v\u0113sino\u0161ais, mentola arom\u0101ts stimul\u0113 saj\u016btas, mazina nogurumu un pal\u012bdz koncentr\u0113ties. Aromterapij\u0101 to lieto gar\u012bga izs\u012bkuma, galvass\u0101pju, sliktas d\u016b\u0161as un elpo\u0161anas ce\u013cu slim\u012bbu mazin\u0101\u0161anai.<\/p>\n<p class=\"\" data-start=\"449\" data-end=\"716\">Piparm\u0113tru e\u013c\u013ca ir lieliska \u0101das kop\u0161anai \u2013 t\u0101 pal\u012bdz atv\u0113sin\u0101t saules apdegumus, mazin\u0101t niezi un iekaisumu. To izmanto ar\u012b mutes skalo\u0161anas l\u012bdzek\u013cos, lai mazin\u0101tu sliktu elpu un smaganu probl\u0113mas. Lietojot e\u013c\u013cas kr\u0101sn\u012b, t\u0101 pal\u012bdz atbaid\u012bt odus un citus kukai\u0146us.<\/p>\n<ul>\n<li data-start=\"718\" data-end=\"891\">100% t\u012bra \u0113terisk\u0101 e\u013c\u013ca<\/li>\n<li data-start=\"718\" data-end=\"891\">Atsvaidzina un uzmundrina saj\u016btas, mazina sliktu d\u016b\u0161u<\/li>\n<li data-start=\"718\" data-end=\"891\">Atbalsta elpo\u0161anu un mazina gar\u012bgo nogurumu<\/li>\n<li data-start=\"718\" data-end=\"891\">Atv\u0113sino\u0161a iedarb\u012bba uz \u0101du un dab\u012bgs kukai\u0146u atbaid\u012bt\u0101js<\/li>\n<li data-start=\"718\" data-end=\"891\">Izmantot\u0101 auga da\u013ca: ziedo\u0161s augs<\/li>\n<li data-start=\"718\" data-end=\"891\">Ekstrakcijas metode: tvaika destil\u0101cija<\/li>\n<li data-start=\"718\" data-end=\"891\">10 ml tum\u0161\u0101 stikla pudel\u0113<\/li>\n<\/ul>\n<p class=\"\" data-start=\"1000\" data-end=\"1155\">\u26a0\ufe0f Tikai \u0101r\u012bgai lieto\u0161anai. Nenor\u012bt. Sarg\u0101t no b\u0113rniem un m\u0101jdz\u012bvniekiem. Nelietot gr\u016btniec\u012bbas vai baro\u0161anas ar kr\u016bti laik\u0101.<\/p>","protected":false},"excerpt":{"rendered":"<p>Mentha Piperita Piparm\u00fcndi eeterlik \u00f5li saadakse Mentha piperita \u00f5itsevast \u00fcrdist aurudestilleerimise teel. Selle v\u00e4rske, jahutav ja mentooline aroom ergutab meeli, leevendab v\u00e4simust&hellip;<\/p>","protected":false},"featured_media":105513,"comment_status":"open","ping_status":"closed","template":"","meta":{"wprm-recipe-roundup-name":"","wprm-recipe-roundup-description":""},"product_brand":[],"product_cat":[5754],"product_tag":[5756],"class_list":{"0":"post-105512","1":"product","2":"type-product","3":"status-publish","4":"has-post-thumbnail","6":"product_cat-eeterlikud-olid-ja-aroomiolid","7":"product_tag-eeterlik-oli","9":"first","10":"instock","11":"taxable","12":"shipping-taxable","13":"purchasable","14":"product-type-simple"},"supplier_id":105232,"supplier_sku":"","barcode":"5055796528417","atum_controlled":true,"out_stock_date":null,"out_stock_threshold":null,"inheritable":false,"inbound_stock":0,"stock_on_hold":0,"sold_today":0,"sales_last_days":0,"reserved_stock":0,"customer_returns":0,"warehouse_damage":0,"lost_in_post":0,"other_logs":0,"out_stock_days":0,"lost_sales":0,"has_location":false,"update_date":"2026-03-07T01:16:14","atum_locations":[],"atum_stock_status":"instock","restock_status":false,"low_stock_amount":"","sales_update_date":"2026-03-07T01:16:14","calc_backorders":null,"aioseo_notices":[],"_links":{"self":[{"href":"https:\/\/ecoshop.ee\/lv\/wp-json\/wp\/v2\/product\/105512","targetHints":{"allow":["GET"]}}],"collection":[{"href":"https:\/\/ecoshop.ee\/lv\/wp-json\/wp\/v2\/product"}],"about":[{"href":"https:\/\/ecoshop.ee\/lv\/wp-json\/wp\/v2\/types\/product"}],"replies":[{"embeddable":true,"href":"https:\/\/ecoshop.ee\/lv\/wp-json\/wp\/v2\/comments?post=105512"}],"version-history":[{"count":0,"href":"https:\/\/ecoshop.ee\/lv\/wp-json\/wp\/v2\/product\/105512\/revisions"}],"wp:featuredmedia":[{"embeddable":true,"href":"https:\/\/ecoshop.ee\/lv\/wp-json\/wp\/v2\/media\/105513"}],"wp:attachment":[{"href":"https:\/\/ecoshop.ee\/lv\/wp-json\/wp\/v2\/media?parent=105512"}],"wp:term":[{"taxonomy":"product_brand","embeddable":true,"href":"https:\/\/ecoshop.ee\/lv\/wp-json\/wp\/v2\/product_brand?post=105512"},{"taxonomy":"product_cat","embeddable":true,"href":"https:\/\/ecoshop.ee\/lv\/wp-json\/wp\/v2\/product_cat?post=105512"},{"taxonomy":"product_tag","embeddable":true,"href":"https:\/\/ecoshop.ee\/lv\/wp-json\/wp\/v2\/product_tag?post=105512"}],"curies":[{"name":"wp","href":"https:\/\/api.w.org\/{rel}","templated":true}]}}