{"id":105515,"date":"2025-04-12T15:11:13","date_gmt":"2025-04-12T13:11:13","guid":{"rendered":"https:\/\/ecoshop.ee\/?post_type=product&#038;p=105515"},"modified":"2025-04-12T15:11:15","modified_gmt":"2025-04-12T13:11:15","slug":"eikalipta-eteriska-ella-10-ml","status":"publish","type":"product","link":"https:\/\/ecoshop.ee\/lv\/eeterlikud-olid-ja-aroomiolid\/eukalupti-eeterlik-oli-10ml\/","title":{"rendered":"Eikalipta \u0113terisk\u0101 e\u013c\u013ca - 10 ml"},"content":{"rendered":"<p class=\"\" data-start=\"84\" data-end=\"141\"><em data-start=\"120\" data-end=\"141\">Eikalipts Globulus<\/em><\/p>\n<p class=\"\" data-start=\"143\" data-end=\"446\">Eikalipta \u0113terisk\u0101 e\u013c\u013ca tiek ieg\u016bta <em data-start=\"175\" data-end=\"196\">Eikalipts globulus<\/em> Tvaika destil\u0101cija no koka lap\u0101m un zariemrimise. \u0160\u012b svaig\u0101 un as\u0101 arom\u0101tisk\u0101 e\u013c\u013ca tiek augstu v\u0113rt\u0113ta t\u0101s antibakteri\u0101lo, att\u012bro\u0161o un prets\u0101pju \u012bpa\u0161\u012bbu d\u0113\u013c, un t\u0101 ir lieliski piem\u0113rota saaukst\u0113\u0161an\u0101s un elpo\u0161anas ce\u013cu slim\u012bbu mazin\u0101\u0161anai.<\/p>\n<p class=\"\" data-start=\"448\" data-end=\"735\">Eikalipta e\u013c\u013cu izmanto aromterapij\u0101, lai palielin\u0101tu vitalit\u0101ti un koncentr\u0113\u0161an\u0101s sp\u0113jas. T\u0101 ar\u012b pal\u012bdz mazin\u0101t musku\u013cu un loc\u012btavu s\u0101pes, apdegumus, br\u016bces un kukai\u0146u kodumus. Pievienojot da\u017eus pilienus vannas \u016bdenim vai difuzoram, tiek rad\u012bta uzmundrino\u0161a un att\u012bro\u0161a vide \u2013 \u012bpa\u0161i piem\u0113rota slim\u012bbas atva\u013cin\u0101juma laik\u0101.<\/p>\n<ul>\n<li data-start=\"737\" data-end=\"903\">100% t\u012bra \u0113terisk\u0101 e\u013c\u013ca<\/li>\n<li data-start=\"737\" data-end=\"903\">Atbalsta elpo\u0161anas ce\u013cus un mazina saaukst\u0113\u0161an\u0101s simptomus<\/li>\n<li data-start=\"737\" data-end=\"903\">Dab\u012bga antibakteri\u0101la un att\u012bro\u0161a iedarb\u012bba<\/li>\n<li data-start=\"737\" data-end=\"903\">Mazina musku\u013cu sasprindzin\u0101jumu un kukai\u0146u kodumus<\/li>\n<li data-start=\"737\" data-end=\"903\">Izmantot\u0101 auga da\u013ca: lapas un zari<\/li>\n<li data-start=\"737\" data-end=\"903\">Ekstrakcijas metode: tvaika destil\u0101cija<\/li>\n<li data-start=\"737\" data-end=\"903\">10 ml tum\u0161\u0101 stikla pudel\u0113<\/li>\n<\/ul>\n<p class=\"\" data-start=\"1016\" data-end=\"1185\">\u26a0\ufe0f Tikai \u0101r\u012bgai lieto\u0161anai. Nenor\u012bt. Nelietot gr\u016btniec\u012bbas laik\u0101 vai b\u0113rniem l\u012bdz 6 gadu vecumam. Sarg\u0101t no b\u0113rniem un m\u0101jdz\u012bvniekiem.<\/p>","protected":false},"excerpt":{"rendered":"<p>Eucalyptus Globulus Eukal\u00fcpti eeterlik \u00f5li saadakse Eucalyptus globulus puu lehtedest ja okstest aurudestilleerimise teel. See v\u00e4rske ja teravalt aromaatne \u00f5li on hinnatud&hellip;<\/p>","protected":false},"featured_media":105516,"comment_status":"open","ping_status":"closed","template":"","meta":{"wprm-recipe-roundup-name":"","wprm-recipe-roundup-description":""},"product_brand":[],"product_cat":[5754],"product_tag":[5756],"class_list":{"0":"post-105515","1":"product","2":"type-product","3":"status-publish","4":"has-post-thumbnail","6":"product_cat-eeterlikud-olid-ja-aroomiolid","7":"product_tag-eeterlik-oli","9":"first","10":"instock","11":"taxable","12":"shipping-taxable","13":"purchasable","14":"product-type-simple"},"supplier_id":105232,"supplier_sku":"","barcode":"5055796528400","atum_controlled":true,"out_stock_date":null,"out_stock_threshold":null,"inheritable":false,"inbound_stock":0,"stock_on_hold":0,"sold_today":0,"sales_last_days":0,"reserved_stock":0,"customer_returns":0,"warehouse_damage":0,"lost_in_post":0,"other_logs":0,"out_stock_days":0,"lost_sales":0,"has_location":false,"update_date":"2026-03-07T01:16:14","atum_locations":[],"atum_stock_status":"instock","restock_status":false,"low_stock_amount":"","sales_update_date":"2026-03-07T01:16:14","calc_backorders":null,"aioseo_notices":[],"_links":{"self":[{"href":"https:\/\/ecoshop.ee\/lv\/wp-json\/wp\/v2\/product\/105515","targetHints":{"allow":["GET"]}}],"collection":[{"href":"https:\/\/ecoshop.ee\/lv\/wp-json\/wp\/v2\/product"}],"about":[{"href":"https:\/\/ecoshop.ee\/lv\/wp-json\/wp\/v2\/types\/product"}],"replies":[{"embeddable":true,"href":"https:\/\/ecoshop.ee\/lv\/wp-json\/wp\/v2\/comments?post=105515"}],"version-history":[{"count":0,"href":"https:\/\/ecoshop.ee\/lv\/wp-json\/wp\/v2\/product\/105515\/revisions"}],"wp:featuredmedia":[{"embeddable":true,"href":"https:\/\/ecoshop.ee\/lv\/wp-json\/wp\/v2\/media\/105516"}],"wp:attachment":[{"href":"https:\/\/ecoshop.ee\/lv\/wp-json\/wp\/v2\/media?parent=105515"}],"wp:term":[{"taxonomy":"product_brand","embeddable":true,"href":"https:\/\/ecoshop.ee\/lv\/wp-json\/wp\/v2\/product_brand?post=105515"},{"taxonomy":"product_cat","embeddable":true,"href":"https:\/\/ecoshop.ee\/lv\/wp-json\/wp\/v2\/product_cat?post=105515"},{"taxonomy":"product_tag","embeddable":true,"href":"https:\/\/ecoshop.ee\/lv\/wp-json\/wp\/v2\/product_tag?post=105515"}],"curies":[{"name":"wp","href":"https:\/\/api.w.org\/{rel}","templated":true}]}}