{"id":105521,"date":"2025-04-12T15:34:47","date_gmt":"2025-04-12T13:34:47","guid":{"rendered":"https:\/\/ecoshop.ee\/?post_type=product&#038;p=105521"},"modified":"2026-04-14T22:57:24","modified_gmt":"2026-04-14T19:57:24","slug":"aromatika-viraka-konuss-ar-kritosiem-dumiemused-lavandas","status":"publish","type":"product","link":"https:\/\/ecoshop.ee\/lv\/viirukid\/aromatika-langeva-suitsuga-viirukikoonused-lavendel\/","title":{"rendered":"Aromatika V\u012braka konuss ar kr\u012bto\u0161iem d\u016bmiemused \u2013 Lavanda"},"content":{"rendered":"<p class=\"\" data-start=\"176\" data-end=\"450\">V\u012braka konuss used, kas izgatavots no dab\u012bgiem augiem, e\u013c\u013c\u0101m un sve\u0137iem, kura d\u016bmi kr\u012bt efekt\u012bv\u0101 virpul\u012b ar \u012bpa\u0161u degli, radot vizu\u0101li burv\u012bgu un nomierino\u0161u atmosf\u0113ru. Nomierino\u0161ais lavandas arom\u0101ts ir ide\u0101li piem\u0113rots relaks\u0101cijai, medit\u0101cijai un jogai.<\/p>\n<p class=\"\" data-start=\"452\" data-end=\"614\">Deg\u0161anas laik\u0101 rodas d\u016bmi, kas ir smag\u0101ki par gaisu un pl\u016bst k\u0101 miglains \u016bdenskritums degl\u012b un ap to. \u0160is efekts sniedz gan est\u0113tisku, gan aromterapeitisku baud\u012bjumu.<\/p>\n<ul>\n<li data-start=\"616\" data-end=\"836\">Nomierino\u0161s lavandas arom\u0101ts<\/li>\n<li data-start=\"616\" data-end=\"836\">Piem\u0113rots medit\u0101cijai, jogai un relaks\u0101cijai<\/li>\n<li data-start=\"616\" data-end=\"836\">Izgatavots no dab\u012bg\u0101m sast\u0101vda\u013c\u0101m<\/li>\n<li data-start=\"616\" data-end=\"836\">Lieto\u0161anai v\u012braka dedzin\u0101t\u0101jos ar kr\u012bto\u0161iem d\u016bmiem<\/li>\n<li data-start=\"616\" data-end=\"836\">Daudzums iepakojum\u0101: 10 v\u012braka konusi<\/li>\n<\/ul>","protected":false},"excerpt":{"rendered":"<p>Looduslikest \u00fcrtidest, \u00f5lidest ja vaikudest valmistatud viirukikoonused, mille suits langeb efektse keerisena spetsiaalse p\u00f5letiga allapoole, luues visuaalselt lummava ja rahustava meeleolu. Lavendli&hellip;<\/p>","protected":false},"featured_media":105522,"comment_status":"open","ping_status":"closed","template":"","meta":{"wprm-recipe-roundup-name":"","wprm-recipe-roundup-description":""},"product_brand":[12007],"product_cat":[5751],"product_tag":[5753],"class_list":{"0":"post-105521","1":"product","2":"type-product","3":"status-publish","4":"has-post-thumbnail","6":"product_brand-aromatika","7":"product_cat-viirukid","8":"product_tag-viiruk","10":"first","11":"instock","12":"taxable","13":"shipping-taxable","14":"purchasable","15":"product-type-simple"},"supplier_id":105232,"supplier_sku":"","barcode":"8902955118934","atum_controlled":true,"out_stock_date":null,"out_stock_threshold":null,"inheritable":false,"inbound_stock":0,"stock_on_hold":0,"sold_today":0,"sales_last_days":0,"reserved_stock":0,"customer_returns":0,"warehouse_damage":0,"lost_in_post":0,"other_logs":0,"out_stock_days":0,"lost_sales":0,"has_location":false,"update_date":"2026-04-14T19:57:25","atum_locations":[],"atum_stock_status":"instock","restock_status":false,"low_stock_amount":"","sales_update_date":"2026-03-07T01:16:14","calc_backorders":null,"aioseo_notices":[],"_links":{"self":[{"href":"https:\/\/ecoshop.ee\/lv\/wp-json\/wp\/v2\/product\/105521","targetHints":{"allow":["GET"]}}],"collection":[{"href":"https:\/\/ecoshop.ee\/lv\/wp-json\/wp\/v2\/product"}],"about":[{"href":"https:\/\/ecoshop.ee\/lv\/wp-json\/wp\/v2\/types\/product"}],"replies":[{"embeddable":true,"href":"https:\/\/ecoshop.ee\/lv\/wp-json\/wp\/v2\/comments?post=105521"}],"version-history":[{"count":0,"href":"https:\/\/ecoshop.ee\/lv\/wp-json\/wp\/v2\/product\/105521\/revisions"}],"wp:featuredmedia":[{"embeddable":true,"href":"https:\/\/ecoshop.ee\/lv\/wp-json\/wp\/v2\/media\/105522"}],"wp:attachment":[{"href":"https:\/\/ecoshop.ee\/lv\/wp-json\/wp\/v2\/media?parent=105521"}],"wp:term":[{"taxonomy":"product_brand","embeddable":true,"href":"https:\/\/ecoshop.ee\/lv\/wp-json\/wp\/v2\/product_brand?post=105521"},{"taxonomy":"product_cat","embeddable":true,"href":"https:\/\/ecoshop.ee\/lv\/wp-json\/wp\/v2\/product_cat?post=105521"},{"taxonomy":"product_tag","embeddable":true,"href":"https:\/\/ecoshop.ee\/lv\/wp-json\/wp\/v2\/product_tag?post=105521"}],"curies":[{"name":"wp","href":"https:\/\/api.w.org\/{rel}","templated":true}]}}