{"id":105524,"date":"2025-04-12T15:41:49","date_gmt":"2025-04-12T13:41:49","guid":{"rendered":"https:\/\/ecoshop.ee\/?post_type=product&#038;p=105524"},"modified":"2026-04-14T22:57:12","modified_gmt":"2026-04-14T19:57:12","slug":"aromatika-viraka-konuss-ar-kritosiem-dumiemused-lotoss","status":"publish","type":"product","link":"https:\/\/ecoshop.ee\/lv\/viirukid\/aromatika-langeva-suitsuga-viirukikoonused-lootos\/","title":{"rendered":"Aromatika V\u012braka konuss ar kr\u012bto\u0161iem d\u016bmiemused \u2013 Lotus"},"content":{"rendered":"<p class=\"\" data-start=\"166\" data-end=\"380\">Lotosa mier\u012bgais un t\u012brais arom\u0101ts ienes telp\u0101 l\u012bdzsvaru, klusumu un iek\u0161\u0113ju skaidr\u012bbu. D\u016bmi no \u010diekuriem pl\u016bst k\u0101 migla, radot meditat\u012bvu skatu un piepildot apk\u0101rtni ar smalku smar\u017eu, kas ilgi saglab\u0101jas.<\/p>\n<p class=\"\" data-start=\"382\" data-end=\"529\">V\u012braks Iconused ir lieliska izv\u0113le br\u012b\u017eiem, kad v\u0113laties pal\u0113nin\u0101t tempu, iegremd\u0113ties sev\u012b un elpot dzi\u013c\u0101k. Lieliski piem\u0113rots medit\u0101cijai, jogai vai vienk\u0101r\u0161i klusai atp\u016btai.<\/p>\n<ul>\n<li data-start=\"531\" data-end=\"762\">Maigs un l\u012bdzsvarojo\u0161s lotosa arom\u0101ts<\/li>\n<li data-start=\"531\" data-end=\"762\">Vizu\u0101li nomierino\u0161s d\u016bmu str\u016bklas efekts<\/li>\n<li data-start=\"531\" data-end=\"762\">Izgatavots no dab\u012bgiem sve\u0137iem, gar\u0161augiem un e\u013c\u013c\u0101m<\/li>\n<li data-start=\"531\" data-end=\"762\">Lieto\u0161anai tikai v\u012braka dedzin\u0101t\u0101jos ar kr\u012bto\u0161iem d\u016bmiem<\/li>\n<li data-start=\"531\" data-end=\"762\">Daudzums iepakojum\u0101: 10 v\u012braka konusi<\/li>\n<\/ul>","protected":false},"excerpt":{"rendered":"<p>Lootose rahulik ja puhas aroom toob ruumi tasakaalu, vaikuse ja sisemise selguse. Koonuste suits voolab alla nagu udujuga, luues meditatiivse vaatem\u00e4ngu ja&hellip;<\/p>","protected":false},"featured_media":105525,"comment_status":"open","ping_status":"closed","template":"","meta":{"wprm-recipe-roundup-name":"","wprm-recipe-roundup-description":""},"product_brand":[12007],"product_cat":[5751],"product_tag":[5753],"class_list":{"0":"post-105524","1":"product","2":"type-product","3":"status-publish","4":"has-post-thumbnail","6":"product_brand-aromatika","7":"product_cat-viirukid","8":"product_tag-viiruk","10":"first","11":"instock","12":"taxable","13":"shipping-taxable","14":"purchasable","15":"product-type-simple"},"supplier_id":105232,"supplier_sku":"","barcode":"8902955121729","atum_controlled":true,"out_stock_date":null,"out_stock_threshold":null,"inheritable":false,"inbound_stock":0,"stock_on_hold":0,"sold_today":0,"sales_last_days":0,"reserved_stock":0,"customer_returns":0,"warehouse_damage":0,"lost_in_post":0,"other_logs":0,"out_stock_days":0,"lost_sales":0,"has_location":false,"update_date":"2026-04-14T19:57:13","atum_locations":[],"atum_stock_status":"instock","restock_status":false,"low_stock_amount":"","sales_update_date":"2026-03-07T01:16:14","calc_backorders":null,"aioseo_notices":[],"_links":{"self":[{"href":"https:\/\/ecoshop.ee\/lv\/wp-json\/wp\/v2\/product\/105524","targetHints":{"allow":["GET"]}}],"collection":[{"href":"https:\/\/ecoshop.ee\/lv\/wp-json\/wp\/v2\/product"}],"about":[{"href":"https:\/\/ecoshop.ee\/lv\/wp-json\/wp\/v2\/types\/product"}],"replies":[{"embeddable":true,"href":"https:\/\/ecoshop.ee\/lv\/wp-json\/wp\/v2\/comments?post=105524"}],"version-history":[{"count":0,"href":"https:\/\/ecoshop.ee\/lv\/wp-json\/wp\/v2\/product\/105524\/revisions"}],"wp:featuredmedia":[{"embeddable":true,"href":"https:\/\/ecoshop.ee\/lv\/wp-json\/wp\/v2\/media\/105525"}],"wp:attachment":[{"href":"https:\/\/ecoshop.ee\/lv\/wp-json\/wp\/v2\/media?parent=105524"}],"wp:term":[{"taxonomy":"product_brand","embeddable":true,"href":"https:\/\/ecoshop.ee\/lv\/wp-json\/wp\/v2\/product_brand?post=105524"},{"taxonomy":"product_cat","embeddable":true,"href":"https:\/\/ecoshop.ee\/lv\/wp-json\/wp\/v2\/product_cat?post=105524"},{"taxonomy":"product_tag","embeddable":true,"href":"https:\/\/ecoshop.ee\/lv\/wp-json\/wp\/v2\/product_tag?post=105524"}],"curies":[{"name":"wp","href":"https:\/\/api.w.org\/{rel}","templated":true}]}}