{"id":105527,"date":"2025-04-12T15:47:14","date_gmt":"2025-04-12T13:47:14","guid":{"rendered":"https:\/\/ecoshop.ee\/?post_type=product&#038;p=105527"},"modified":"2026-04-14T22:56:59","modified_gmt":"2026-04-14T19:56:59","slug":"aromatika-viraka-konuss-ar-kritosiem-dumiemused-7-cakras","status":"publish","type":"product","link":"https:\/\/ecoshop.ee\/lv\/viirukid\/aromatika-langeva-suitsuga-viirukikoonused-7-tsakrat\/","title":{"rendered":"Aromatika V\u012braka konuss ar kr\u012bto\u0161iem d\u016bmiemused \u2013 7 \u010dakras"},"content":{"rendered":"<p class=\"\" data-start=\"175\" data-end=\"419\">Septi\u0146as \u010dakras \u2014 septi\u0146i ener\u0123ijas punkti, kas uztur m\u016bsu \u0137erme\u0146a un pr\u0101ta l\u012bdzsvaru. \u0160ie v\u012braka koci\u0146i apvieno dabiskos augus, sve\u0137us un e\u013c\u013cas, lai rad\u012btu dzi\u013cu arom\u0101tisku pieredzi, kas atbalsta j\u016bsu iek\u0161\u0113jo ce\u013cojumu un pal\u012bdz atv\u0113rt ener\u0123ijas pl\u016bsmu.<\/p>\n<p class=\"\" data-start=\"421\" data-end=\"608\">Kr\u012bto\u0161ie d\u016bmi l\u0113n\u0101m virz\u0101s uz leju, radot ma\u0123isku pl\u016bsmas rakstu, kas nomierina acis un dv\u0113seli. Lieliski piem\u0113rots jogai, medit\u0101cijai un aromterapijai.<\/p>\n<ul>\n<li data-start=\"610\" data-end=\"856\">Balans\u0113jo\u0161s mais\u012bjums septi\u0146u \u010dakru atbalstam<\/li>\n<li data-start=\"610\" data-end=\"856\">Dab\u012bgs sast\u0101vs: gar\u0161augi, sve\u0137i un \u0113terisk\u0101s e\u013c\u013cas<\/li>\n<li data-start=\"610\" data-end=\"856\">Vizu\u0101li valdzino\u0161a d\u016bmu pl\u016bsma relaks\u0101cijai<\/li>\n<li data-start=\"610\" data-end=\"856\">Tikai lieto\u0161anai kr\u012bto\u0161os d\u016bmu v\u012braka dedzin\u0101t\u0101jos<\/li>\n<li data-start=\"610\" data-end=\"856\">Daudzums iepakojum\u0101: 10 v\u012braka konusi<\/li>\n<\/ul>","protected":false},"excerpt":{"rendered":"<p>Seitse t\u0161akrat \u2013 seitse energiapunkti, mis hoiavad meie keha ja vaimu tasakaalus. Need viirukikoonused \u00fchendavad looduslikud \u00fcrdid, vaigud ja \u00f5lid, et luua&hellip;<\/p>","protected":false},"featured_media":105528,"comment_status":"open","ping_status":"closed","template":"","meta":{"wprm-recipe-roundup-name":"","wprm-recipe-roundup-description":""},"product_brand":[12007],"product_cat":[5751],"product_tag":[5753],"class_list":{"0":"post-105527","1":"product","2":"type-product","3":"status-publish","4":"has-post-thumbnail","6":"product_brand-aromatika","7":"product_cat-viirukid","8":"product_tag-viiruk","10":"first","11":"instock","12":"taxable","13":"shipping-taxable","14":"purchasable","15":"product-type-simple"},"supplier_id":105232,"supplier_sku":"","barcode":"8902955121675","atum_controlled":true,"out_stock_date":null,"out_stock_threshold":null,"inheritable":false,"inbound_stock":0,"stock_on_hold":0,"sold_today":0,"sales_last_days":0,"reserved_stock":0,"customer_returns":0,"warehouse_damage":0,"lost_in_post":0,"other_logs":0,"out_stock_days":0,"lost_sales":0,"has_location":false,"update_date":"2026-04-14T19:57:00","atum_locations":[],"atum_stock_status":"instock","restock_status":false,"low_stock_amount":"","sales_update_date":"2026-03-07T01:16:14","calc_backorders":null,"aioseo_notices":[],"_links":{"self":[{"href":"https:\/\/ecoshop.ee\/lv\/wp-json\/wp\/v2\/product\/105527","targetHints":{"allow":["GET"]}}],"collection":[{"href":"https:\/\/ecoshop.ee\/lv\/wp-json\/wp\/v2\/product"}],"about":[{"href":"https:\/\/ecoshop.ee\/lv\/wp-json\/wp\/v2\/types\/product"}],"replies":[{"embeddable":true,"href":"https:\/\/ecoshop.ee\/lv\/wp-json\/wp\/v2\/comments?post=105527"}],"version-history":[{"count":0,"href":"https:\/\/ecoshop.ee\/lv\/wp-json\/wp\/v2\/product\/105527\/revisions"}],"wp:featuredmedia":[{"embeddable":true,"href":"https:\/\/ecoshop.ee\/lv\/wp-json\/wp\/v2\/media\/105528"}],"wp:attachment":[{"href":"https:\/\/ecoshop.ee\/lv\/wp-json\/wp\/v2\/media?parent=105527"}],"wp:term":[{"taxonomy":"product_brand","embeddable":true,"href":"https:\/\/ecoshop.ee\/lv\/wp-json\/wp\/v2\/product_brand?post=105527"},{"taxonomy":"product_cat","embeddable":true,"href":"https:\/\/ecoshop.ee\/lv\/wp-json\/wp\/v2\/product_cat?post=105527"},{"taxonomy":"product_tag","embeddable":true,"href":"https:\/\/ecoshop.ee\/lv\/wp-json\/wp\/v2\/product_tag?post=105527"}],"curies":[{"name":"wp","href":"https:\/\/api.w.org\/{rel}","templated":true}]}}