{"id":105547,"date":"2025-04-12T18:26:21","date_gmt":"2025-04-12T16:26:21","guid":{"rendered":"https:\/\/ecoshop.ee\/?post_type=product&#038;p=105547"},"modified":"2025-04-12T18:26:22","modified_gmt":"2025-04-12T16:26:22","slug":"palma-aromatu-difuzors-led-krasam-usb-taimeris","status":"publish","type":"product","link":"https:\/\/ecoshop.ee\/lv\/difuuserid-ja-poletid\/palma-aroomi-difuuser-led-varvid-usb-taimeriga\/","title":{"rendered":"Palma aroma difuzors \u2013 LED kr\u0101sas, USB, ar taimeri"},"content":{"rendered":"<p class=\"\" data-start=\"182\" data-end=\"415\">Elegants un uzman\u012bbu piesaisto\u0161s difuzors ar kastes rakstu, kas j\u016bsu telp\u0101 ienes mieru, mitrumu un noska\u0146u. Ultraska\u0146as tehnolo\u0123ija acumirkl\u012b p\u0101rveido \u016bdeni un \u0113terisko e\u013c\u013cu smar\u017e\u012bg\u0101 migl\u0101, kas piepilda telpu bez d\u016bmiem vai liesmas.<\/p>\n<p class=\"\" data-start=\"417\" data-end=\"546\">Palma ir lielisks papildin\u0101jums j\u016bsu m\u0101j\u0101m, birojam vai atp\u016btas st\u016br\u012btim \u2013 vizu\u0101li satrieco\u0161s un praktisks aromterapijas l\u012bdzeklis.<\/p>\n<p class=\"\" data-start=\"548\" data-end=\"773\">Tilpums: 400 ml<br data-start=\"567\" data-end=\"570\" \/>LED gaisma 7 da\u017e\u0101d\u0101s kr\u0101s\u0101s<br data-start=\"600\" data-end=\"603\" \/>Taimeris: 1-3-6 stundas<br data-start=\"624\" data-end=\"627\" \/>Autom\u0101tiska izsl\u0113g\u0161an\u0101s, kad \u016bdens l\u012bmenis beidzas<br data-start=\"673\" data-end=\"676\" \/>USB baro\u0161anas avots (kabe\u013ca garums 100 cm)<br data-start=\"710\" data-end=\"713\" \/>Izm\u0113ri: augstums 21,5 cm, diametrs 16,5 cm<br data-start=\"755\" data-end=\"758\" data-is-only-node=\"\" \/>Svars: 400 g<\/p>\n<p class=\"\" data-start=\"775\" data-end=\"826\">\u26a0\ufe0f Lietot tikai ar \u0113teriskaj\u0101m e\u013c\u013c\u0101m, kas sajauktas ar \u016bdeni!<\/p>","protected":false},"excerpt":{"rendered":"<p>Elegantne ja pilkup\u00fc\u00fcdev difuuser karbimustrilise viimistlusega, mis toob sinu ruumi rahu, niiskust ja meeleolu. Ultraheli tehnoloogia muudab vee ja eeterliku \u00f5li hetkega&hellip;<\/p>","protected":false},"featured_media":105548,"comment_status":"open","ping_status":"closed","template":"","meta":{"wprm-recipe-roundup-name":"","wprm-recipe-roundup-description":""},"product_brand":[],"product_cat":[5757],"product_tag":[5758],"class_list":{"0":"post-105547","1":"product","2":"type-product","3":"status-publish","4":"has-post-thumbnail","6":"product_cat-difuuserid-ja-poletid","7":"product_tag-difuuser","9":"first","10":"instock","11":"taxable","12":"shipping-taxable","13":"purchasable","14":"product-type-simple"},"supplier_id":105232,"supplier_sku":"","barcode":"5055796505395","atum_controlled":true,"out_stock_date":null,"out_stock_threshold":null,"inheritable":false,"inbound_stock":0,"stock_on_hold":0,"sold_today":0,"sales_last_days":0,"reserved_stock":0,"customer_returns":0,"warehouse_damage":0,"lost_in_post":0,"other_logs":0,"out_stock_days":0,"lost_sales":0,"has_location":false,"update_date":"2026-03-07T01:16:14","atum_locations":[],"atum_stock_status":"instock","restock_status":false,"low_stock_amount":"","sales_update_date":"2026-03-07T01:16:14","calc_backorders":null,"aioseo_notices":[],"_links":{"self":[{"href":"https:\/\/ecoshop.ee\/lv\/wp-json\/wp\/v2\/product\/105547","targetHints":{"allow":["GET"]}}],"collection":[{"href":"https:\/\/ecoshop.ee\/lv\/wp-json\/wp\/v2\/product"}],"about":[{"href":"https:\/\/ecoshop.ee\/lv\/wp-json\/wp\/v2\/types\/product"}],"replies":[{"embeddable":true,"href":"https:\/\/ecoshop.ee\/lv\/wp-json\/wp\/v2\/comments?post=105547"}],"version-history":[{"count":0,"href":"https:\/\/ecoshop.ee\/lv\/wp-json\/wp\/v2\/product\/105547\/revisions"}],"wp:featuredmedia":[{"embeddable":true,"href":"https:\/\/ecoshop.ee\/lv\/wp-json\/wp\/v2\/media\/105548"}],"wp:attachment":[{"href":"https:\/\/ecoshop.ee\/lv\/wp-json\/wp\/v2\/media?parent=105547"}],"wp:term":[{"taxonomy":"product_brand","embeddable":true,"href":"https:\/\/ecoshop.ee\/lv\/wp-json\/wp\/v2\/product_brand?post=105547"},{"taxonomy":"product_cat","embeddable":true,"href":"https:\/\/ecoshop.ee\/lv\/wp-json\/wp\/v2\/product_cat?post=105547"},{"taxonomy":"product_tag","embeddable":true,"href":"https:\/\/ecoshop.ee\/lv\/wp-json\/wp\/v2\/product_tag?post=105547"}],"curies":[{"name":"wp","href":"https:\/\/api.w.org\/{rel}","templated":true}]}}