{"id":105553,"date":"2025-04-12T18:38:05","date_gmt":"2025-04-12T16:38:05","guid":{"rendered":"https:\/\/ecoshop.ee\/?post_type=product&#038;p=105553"},"modified":"2025-04-12T18:38:06","modified_gmt":"2025-04-12T16:38:06","slug":"budas-fen-sui-viraka-turetaja-krems","status":"publish","type":"product","link":"https:\/\/ecoshop.ee\/lv\/difuuserid-ja-poletid\/buddha-feng-shui-viirukihoidja-kreemjas\/","title":{"rendered":"Budas fen \u0161ui v\u012braka tur\u0113t\u0101js \u2013 kr\u0113mkr\u0101sas"},"content":{"rendered":"<p class=\"\" data-start=\"148\" data-end=\"406\">Elegants un j\u0113gpilns v\u012braka trauks, kas telp\u0101 ienes mieru, koncentr\u0113\u0161anos un gar\u012bgo l\u012bdzsvaru. Indon\u0113zijas amatnieku rad\u012bta Budas statuja, kuras mier\u012bg\u0101 sejas izteiksme un meditat\u012bv\u0101 \u0137erme\u0146a valoda rada perfektu atmosf\u0113ru relaks\u0101cijai, jogai vai aromterapijai.<\/p>\n<p class=\"\" data-start=\"408\" data-end=\"513\">Lieliski piem\u0113rots v\u012braka koci\u0146u dedzin\u0101\u0161anai un k\u0101 d\u0101vana ikvienam, kur\u0161 nov\u0113rt\u0113 labus arom\u0101tus un sirdsmieru.<\/p>\n<ul>\n<li data-start=\"515\" data-end=\"718\">Detaliz\u0113ts Budas dizains<\/li>\n<li data-start=\"515\" data-end=\"718\">Apdarin\u0101ts nomierino\u0161\u0101 kr\u0113mkr\u0101sas ton\u012b<\/li>\n<li data-start=\"515\" data-end=\"718\">Piem\u0113rots standarta v\u012braka koci\u0146iem<\/li>\n<li data-start=\"515\" data-end=\"718\">Roku darbs no dab\u012bgiem materi\u0101liem<\/li>\n<li data-start=\"515\" data-end=\"718\">Iedarbojas telp\u0101 k\u0101 miera un l\u012bdzsvara simbols<\/li>\n<\/ul>\n<p class=\"\" data-start=\"720\" data-end=\"758\">\u26a0\ufe0f Dekorat\u012bvie akme\u0146i nav iek\u013cauti komplekt\u0101.<\/p>","protected":false},"excerpt":{"rendered":"<p>Elegantne ja t\u00e4hendusrikas viirukihoidja, mis toob ruumi rahu, keskendumise ja vaimse tasakaalu. Indoneesia k\u00e4sit\u00f6\u00f6liste loodud Buddha kuju, mille rahulik ilme ja mediteeriv&hellip;<\/p>","protected":false},"featured_media":105559,"comment_status":"open","ping_status":"closed","template":"","meta":{"wprm-recipe-roundup-name":"","wprm-recipe-roundup-description":""},"product_brand":[],"product_cat":[5757],"product_tag":[5760],"class_list":{"0":"post-105553","1":"product","2":"type-product","3":"status-publish","4":"has-post-thumbnail","6":"product_cat-difuuserid-ja-poletid","7":"product_tag-viirukihoidja","9":"first","10":"instock","11":"taxable","12":"shipping-taxable","13":"purchasable","14":"product-type-simple"},"supplier_id":105232,"supplier_sku":"","barcode":"5056368318443","atum_controlled":true,"out_stock_date":null,"out_stock_threshold":null,"inheritable":false,"inbound_stock":0,"stock_on_hold":0,"sold_today":0,"sales_last_days":0,"reserved_stock":0,"customer_returns":0,"warehouse_damage":0,"lost_in_post":0,"other_logs":0,"out_stock_days":0,"lost_sales":0,"has_location":false,"update_date":"2026-03-07T01:16:14","atum_locations":[],"atum_stock_status":"instock","restock_status":false,"low_stock_amount":"","sales_update_date":"2026-03-07T01:16:14","calc_backorders":null,"aioseo_notices":[],"_links":{"self":[{"href":"https:\/\/ecoshop.ee\/lv\/wp-json\/wp\/v2\/product\/105553","targetHints":{"allow":["GET"]}}],"collection":[{"href":"https:\/\/ecoshop.ee\/lv\/wp-json\/wp\/v2\/product"}],"about":[{"href":"https:\/\/ecoshop.ee\/lv\/wp-json\/wp\/v2\/types\/product"}],"replies":[{"embeddable":true,"href":"https:\/\/ecoshop.ee\/lv\/wp-json\/wp\/v2\/comments?post=105553"}],"version-history":[{"count":0,"href":"https:\/\/ecoshop.ee\/lv\/wp-json\/wp\/v2\/product\/105553\/revisions"}],"wp:featuredmedia":[{"embeddable":true,"href":"https:\/\/ecoshop.ee\/lv\/wp-json\/wp\/v2\/media\/105559"}],"wp:attachment":[{"href":"https:\/\/ecoshop.ee\/lv\/wp-json\/wp\/v2\/media?parent=105553"}],"wp:term":[{"taxonomy":"product_brand","embeddable":true,"href":"https:\/\/ecoshop.ee\/lv\/wp-json\/wp\/v2\/product_brand?post=105553"},{"taxonomy":"product_cat","embeddable":true,"href":"https:\/\/ecoshop.ee\/lv\/wp-json\/wp\/v2\/product_cat?post=105553"},{"taxonomy":"product_tag","embeddable":true,"href":"https:\/\/ecoshop.ee\/lv\/wp-json\/wp\/v2\/product_tag?post=105553"}],"curies":[{"name":"wp","href":"https:\/\/api.w.org\/{rel}","templated":true}]}}