{"id":105567,"date":"2025-04-12T19:04:33","date_gmt":"2025-04-12T17:04:33","guid":{"rendered":"https:\/\/ecoshop.ee\/?post_type=product&#038;p=105567"},"modified":"2025-04-12T19:04:34","modified_gmt":"2025-04-12T17:04:34","slug":"ritualais-viraka-trauks-dzivibas-koks-11x9-cm","status":"publish","type":"product","link":"https:\/\/ecoshop.ee\/lv\/difuuserid-ja-poletid\/rituaalne-viirukihoidja-elupuu-11x9-cm\/","title":{"rendered":"Ritu\u0101lais v\u012braka trauks \u2013 Dz\u012bv\u012bbas koks (11\u00d79 cm)"},"content":{"rendered":"<p class=\"\" data-start=\"168\" data-end=\"400\">Roku darbs ritu\u0101lu v\u012braka trauks ar simbolisku Dz\u012bv\u012bbas koku centr\u0101 \u2013 dz\u012bves cikla, izaugsmes un saiknes simbolu. Izgatavots no dab\u012bga mango koka, \u0161is v\u012braka trauks ir iztur\u012bgs, dab\u012bgs un satur daudz j\u0113gas.<\/p>\n<p class=\"\" data-start=\"402\" data-end=\"555\">P\u0101rdom\u0101ts dizains \u013cauj izmantot gan v\u012braka koci\u0146us, gan konusus, padarot to daudzpus\u012bgu un piem\u0113rotu da\u017e\u0101d\u0101m v\u0113lm\u0113m. Neatkar\u012bgi no t\u0101, vai to izmanto medit\u0101cijai, ritu\u0101liem vai vienk\u0101r\u0161i mier\u012bga noska\u0146ojuma rad\u012b\u0161anai, \u0161is v\u012braka tur\u0113t\u0101js ienes telp\u0101 l\u012bdzsvaru un mieru.<\/p>\n<ul>\n<li data-start=\"557\" data-end=\"769\">Izgatavots no dab\u012bga mango koka<\/li>\n<li data-start=\"557\" data-end=\"769\">Cirsts dz\u012bv\u012bbas koka simbols \u2013 dz\u012bv\u012bbas un izaugsmes simbols<\/li>\n<li data-start=\"557\" data-end=\"769\">Var ievietot divus v\u012braka koci\u0146us un vienu v\u012braka konusu<\/li>\n<li data-start=\"557\" data-end=\"769\">Izm\u0113ri: aptuveni 11 \u00d7 9 cm<\/li>\n<li data-start=\"557\" data-end=\"769\">Praktiska un dekorat\u012bva \u2013 ide\u0101li piem\u0113rota k\u0101 d\u0101vana<\/li>\n<\/ul>","protected":false},"excerpt":{"rendered":"<p>K\u00e4sitsi valmistatud rituaalne viirukihoidja, mille keskmes seisab s\u00fcmboolne Elupuu \u2013 elu ringk\u00e4igu, kasvu ja \u00fchenduse t\u00e4his. See naturaalsest mangopuidust valmistatud viirukikauss on&hellip;<\/p>","protected":false},"featured_media":105571,"comment_status":"open","ping_status":"closed","template":"","meta":{"wprm-recipe-roundup-name":"","wprm-recipe-roundup-description":""},"product_brand":[],"product_cat":[5757],"product_tag":[5760],"class_list":{"0":"post-105567","1":"product","2":"type-product","3":"status-publish","4":"has-post-thumbnail","6":"product_cat-difuuserid-ja-poletid","7":"product_tag-viirukihoidja","9":"first","10":"instock","11":"taxable","12":"shipping-taxable","13":"purchasable","14":"product-type-simple"},"supplier_id":105232,"supplier_sku":"","barcode":"5056368340017","atum_controlled":true,"out_stock_date":null,"out_stock_threshold":null,"inheritable":false,"inbound_stock":0,"stock_on_hold":0,"sold_today":0,"sales_last_days":0,"reserved_stock":0,"customer_returns":0,"warehouse_damage":0,"lost_in_post":0,"other_logs":0,"out_stock_days":0,"lost_sales":0,"has_location":false,"update_date":"2026-03-07T01:16:15","atum_locations":[],"atum_stock_status":"instock","restock_status":false,"low_stock_amount":"","sales_update_date":"2026-03-07T01:16:15","calc_backorders":null,"aioseo_notices":[],"_links":{"self":[{"href":"https:\/\/ecoshop.ee\/lv\/wp-json\/wp\/v2\/product\/105567","targetHints":{"allow":["GET"]}}],"collection":[{"href":"https:\/\/ecoshop.ee\/lv\/wp-json\/wp\/v2\/product"}],"about":[{"href":"https:\/\/ecoshop.ee\/lv\/wp-json\/wp\/v2\/types\/product"}],"replies":[{"embeddable":true,"href":"https:\/\/ecoshop.ee\/lv\/wp-json\/wp\/v2\/comments?post=105567"}],"version-history":[{"count":0,"href":"https:\/\/ecoshop.ee\/lv\/wp-json\/wp\/v2\/product\/105567\/revisions"}],"wp:featuredmedia":[{"embeddable":true,"href":"https:\/\/ecoshop.ee\/lv\/wp-json\/wp\/v2\/media\/105571"}],"wp:attachment":[{"href":"https:\/\/ecoshop.ee\/lv\/wp-json\/wp\/v2\/media?parent=105567"}],"wp:term":[{"taxonomy":"product_brand","embeddable":true,"href":"https:\/\/ecoshop.ee\/lv\/wp-json\/wp\/v2\/product_brand?post=105567"},{"taxonomy":"product_cat","embeddable":true,"href":"https:\/\/ecoshop.ee\/lv\/wp-json\/wp\/v2\/product_cat?post=105567"},{"taxonomy":"product_tag","embeddable":true,"href":"https:\/\/ecoshop.ee\/lv\/wp-json\/wp\/v2\/product_tag?post=105567"}],"curies":[{"name":"wp","href":"https:\/\/api.w.org\/{rel}","templated":true}]}}