{"id":105574,"date":"2025-04-12T19:16:02","date_gmt":"2025-04-12T17:16:02","guid":{"rendered":"https:\/\/ecoshop.ee\/?post_type=product&#038;p=105574"},"modified":"2025-04-12T19:19:26","modified_gmt":"2025-04-12T17:19:26","slug":"viraka-kocini-ar-kritosiem-dumiem","status":"publish","type":"product","link":"https:\/\/ecoshop.ee\/lv\/difuuserid-ja-poletid\/langeva-suitsuga-viirukipoleti-basseinid\/","title":{"rendered":"V\u012braka deglis ar kr\u012bto\u0161iem d\u016bmiem \u2013 Baseini"},"content":{"rendered":"<p class=\"\" data-start=\"165\" data-end=\"417\">V\u012braka deglis ar diviem savstarp\u0113ji savienotiem traukiem, kas rada nomierino\u0161u un burv\u012bgu d\u016bmu str\u016bklas efektu. Kad aizdegtais pretpl\u016bsmas v\u012braka konuss s\u0101k kv\u0113lot, d\u016bmi l\u0113n\u0101m virpu\u013co uz leju, pl\u016bstot no viena trauka uz otru \u2013 k\u0101 pati dz\u012bves mier\u012bg\u0101 pl\u016bdums.<\/p>\n<p class=\"\" data-start=\"419\" data-end=\"600\">\u0160is vizu\u0101li iespaid\u012bgais v\u012braka trauks ir lieliski piem\u0113rots medit\u0101cijai, relaks\u0101cijai vai vienk\u0101r\u0161i atmosf\u0113ras rad\u012b\u0161anai telp\u0101. Lielisks interjera dizaina elements un j\u0113gpilna d\u0101vana.<\/p>\n<ul>\n<li data-start=\"602\" data-end=\"805\">Dizains ar div\u0101m savienot\u0101m b\u013cod\u0101m \u2013 simboliz\u0113 dz\u012bves pl\u016bsmu<\/li>\n<li data-start=\"602\" data-end=\"805\">\u012apa\u0161i izstr\u0101d\u0101ts v\u012braka konusiem ar kr\u012bto\u0161iem d\u016bmiem<\/li>\n<li data-start=\"602\" data-end=\"805\">Vizu\u0101li valdzino\u0161s un nomierino\u0161s efekts<\/li>\n<li data-start=\"602\" data-end=\"805\">Piem\u0113rots m\u0101j\u0101m, jogas st\u016br\u012btim vai k\u0101 d\u0101vana<\/li>\n<\/ul>\n<p class=\"\" data-start=\"807\" data-end=\"875\">\u26a0\ufe0f Lai pan\u0101ktu kr\u012bto\u0161o d\u016bmu efektu, lietojiet tikai speci\u0101lus kr\u012bto\u0161o d\u016bmu v\u012braka konusus!<\/p>","protected":false},"excerpt":{"rendered":"<p>Kahe omavahel \u00fchendatud kausiga viirukip\u00f5leti, mis loob rahustava ja lummava suitsujugaefekti. Kui s\u00fc\u00fcdatud backflow viirukikoonus hakkab h\u00f5\u00f5guma, langeb suits aeglaselt keereldes allapoole,&hellip;<\/p>","protected":false},"featured_media":105575,"comment_status":"open","ping_status":"closed","template":"","meta":{"wprm-recipe-roundup-name":"","wprm-recipe-roundup-description":""},"product_brand":[],"product_cat":[5757],"product_tag":[5760],"class_list":{"0":"post-105574","1":"product","2":"type-product","3":"status-publish","4":"has-post-thumbnail","6":"product_cat-difuuserid-ja-poletid","7":"product_tag-viirukihoidja","9":"first","10":"instock","11":"taxable","12":"shipping-taxable","13":"purchasable","14":"product-type-simple"},"supplier_id":105232,"supplier_sku":"","barcode":"5055796594559","atum_controlled":true,"out_stock_date":null,"out_stock_threshold":null,"inheritable":false,"inbound_stock":0,"stock_on_hold":0,"sold_today":0,"sales_last_days":0,"reserved_stock":0,"customer_returns":0,"warehouse_damage":0,"lost_in_post":0,"other_logs":0,"out_stock_days":0,"lost_sales":0,"has_location":false,"update_date":"2026-03-07T01:16:15","atum_locations":[],"atum_stock_status":"instock","restock_status":false,"low_stock_amount":"","sales_update_date":"2026-03-07T01:16:15","calc_backorders":null,"aioseo_notices":[],"_links":{"self":[{"href":"https:\/\/ecoshop.ee\/lv\/wp-json\/wp\/v2\/product\/105574","targetHints":{"allow":["GET"]}}],"collection":[{"href":"https:\/\/ecoshop.ee\/lv\/wp-json\/wp\/v2\/product"}],"about":[{"href":"https:\/\/ecoshop.ee\/lv\/wp-json\/wp\/v2\/types\/product"}],"replies":[{"embeddable":true,"href":"https:\/\/ecoshop.ee\/lv\/wp-json\/wp\/v2\/comments?post=105574"}],"version-history":[{"count":0,"href":"https:\/\/ecoshop.ee\/lv\/wp-json\/wp\/v2\/product\/105574\/revisions"}],"wp:featuredmedia":[{"embeddable":true,"href":"https:\/\/ecoshop.ee\/lv\/wp-json\/wp\/v2\/media\/105575"}],"wp:attachment":[{"href":"https:\/\/ecoshop.ee\/lv\/wp-json\/wp\/v2\/media?parent=105574"}],"wp:term":[{"taxonomy":"product_brand","embeddable":true,"href":"https:\/\/ecoshop.ee\/lv\/wp-json\/wp\/v2\/product_brand?post=105574"},{"taxonomy":"product_cat","embeddable":true,"href":"https:\/\/ecoshop.ee\/lv\/wp-json\/wp\/v2\/product_cat?post=105574"},{"taxonomy":"product_tag","embeddable":true,"href":"https:\/\/ecoshop.ee\/lv\/wp-json\/wp\/v2\/product_tag?post=105574"}],"curies":[{"name":"wp","href":"https:\/\/api.w.org\/{rel}","templated":true}]}}