{"id":105578,"date":"2025-04-12T19:23:54","date_gmt":"2025-04-12T17:23:54","guid":{"rendered":"https:\/\/ecoshop.ee\/?post_type=product&#038;p=105578"},"modified":"2025-04-12T19:23:55","modified_gmt":"2025-04-12T17:23:55","slug":"mini-magi-viraka-nujina-ar-kritosiem-dumiem","status":"publish","type":"product","link":"https:\/\/ecoshop.ee\/lv\/difuuserid-ja-poletid\/langeva-suitsuga-viirukipoleti-mini-magi\/","title":{"rendered":"V\u012braka deglis ar kr\u012bto\u0161iem d\u016bmiem \u2013 Mini M\u00e4gi"},"content":{"rendered":"<p class=\"\" data-start=\"131\" data-end=\"339\">Atrodi mieru un l\u012bdzsvaru miniat\u016br\u0101. \u0160is kompaktais v\u012braka dedzin\u0101t\u0101js rada p\u0101rsteidzo\u0161u vizu\u0101lo efektu, d\u016bmiem l\u0113n\u0101m pl\u016bstot lejup pa neliela kalna nog\u0101z\u0113m, veidojot maigus virpu\u013cus un miglas m\u0101ko\u0146us.<\/p>\n<p class=\"\" data-start=\"341\" data-end=\"478\">Ide\u0101li piem\u0113rots maz\u0101k\u0101m telp\u0101m, uz rakst\u0101mgalda vai alt\u0101ra \u2013 Mini M\u00e4gi acumirkl\u012b aizved\u012bs j\u016bs dabas kl\u0113p\u012b un pal\u012bdz\u0113s rad\u012bt nomierino\u0161u atmosf\u0113ru.<\/p>\n<ul>\n<li data-start=\"480\" data-end=\"670\">Miniat\u016brs dizains \u2013 ide\u0101li piem\u0113rots maz\u0101m telp\u0101m<\/li>\n<li data-start=\"480\" data-end=\"670\">D\u016bmi pl\u016bst k\u0101 migla gar kalnu nog\u0101z\u0113m<\/li>\n<li data-start=\"480\" data-end=\"670\">Vizu\u0101li valdzino\u0161s un ma\u0146\u0101m nomierino\u0161s<\/li>\n<\/ul>\n<p class=\"\" data-start=\"672\" data-end=\"745\">\u26a0\ufe0f Lai pan\u0101ktu kr\u012bto\u0161o d\u016bmu efektu, lietojiet tikai speci\u0101lus kr\u012bto\u0161o d\u016bmu v\u012braka konusus!<\/p>","protected":false},"excerpt":{"rendered":"<p>Leia rahu ja tasakaal miniatuurses vormis. See kompaktne viirukip\u00f5leti loob silmapaistva visuaalse efekti \u2013 suits voolab aeglaselt m\u00f6\u00f6da v\u00e4ikese m\u00e4e n\u00f5lvu allapoole,&hellip;<\/p>","protected":false},"featured_media":105581,"comment_status":"open","ping_status":"closed","template":"","meta":{"wprm-recipe-roundup-name":"","wprm-recipe-roundup-description":""},"product_brand":[],"product_cat":[5757],"product_tag":[5760],"class_list":{"0":"post-105578","1":"product","2":"type-product","3":"status-publish","4":"has-post-thumbnail","6":"product_cat-difuuserid-ja-poletid","7":"product_tag-viirukihoidja","9":"first","10":"instock","11":"taxable","12":"shipping-taxable","13":"purchasable","14":"product-type-simple"},"supplier_id":105232,"supplier_sku":"","barcode":"5056368336881","atum_controlled":true,"out_stock_date":null,"out_stock_threshold":null,"inheritable":false,"inbound_stock":0,"stock_on_hold":0,"sold_today":0,"sales_last_days":0,"reserved_stock":0,"customer_returns":0,"warehouse_damage":0,"lost_in_post":0,"other_logs":0,"out_stock_days":0,"lost_sales":0,"has_location":false,"update_date":"2026-03-07T01:16:15","atum_locations":[],"atum_stock_status":"instock","restock_status":false,"low_stock_amount":"","sales_update_date":"2026-03-07T01:16:15","calc_backorders":null,"aioseo_notices":[],"_links":{"self":[{"href":"https:\/\/ecoshop.ee\/lv\/wp-json\/wp\/v2\/product\/105578","targetHints":{"allow":["GET"]}}],"collection":[{"href":"https:\/\/ecoshop.ee\/lv\/wp-json\/wp\/v2\/product"}],"about":[{"href":"https:\/\/ecoshop.ee\/lv\/wp-json\/wp\/v2\/types\/product"}],"replies":[{"embeddable":true,"href":"https:\/\/ecoshop.ee\/lv\/wp-json\/wp\/v2\/comments?post=105578"}],"version-history":[{"count":0,"href":"https:\/\/ecoshop.ee\/lv\/wp-json\/wp\/v2\/product\/105578\/revisions"}],"wp:featuredmedia":[{"embeddable":true,"href":"https:\/\/ecoshop.ee\/lv\/wp-json\/wp\/v2\/media\/105581"}],"wp:attachment":[{"href":"https:\/\/ecoshop.ee\/lv\/wp-json\/wp\/v2\/media?parent=105578"}],"wp:term":[{"taxonomy":"product_brand","embeddable":true,"href":"https:\/\/ecoshop.ee\/lv\/wp-json\/wp\/v2\/product_brand?post=105578"},{"taxonomy":"product_cat","embeddable":true,"href":"https:\/\/ecoshop.ee\/lv\/wp-json\/wp\/v2\/product_cat?post=105578"},{"taxonomy":"product_tag","embeddable":true,"href":"https:\/\/ecoshop.ee\/lv\/wp-json\/wp\/v2\/product_tag?post=105578"}],"curies":[{"name":"wp","href":"https:\/\/api.w.org\/{rel}","templated":true}]}}