{"id":105584,"date":"2025-04-12T19:31:18","date_gmt":"2025-04-12T17:31:18","guid":{"rendered":"https:\/\/ecoshop.ee\/?post_type=product&#038;p=105584"},"modified":"2025-04-12T19:31:19","modified_gmt":"2025-04-12T17:31:19","slug":"viraka-nujina-ar-kritosiem-dumiem-un-lotosa-ziedu","status":"publish","type":"product","link":"https:\/\/ecoshop.ee\/lv\/difuuserid-ja-poletid\/langeva-suitsuga-viirukipoleti-kasi-ja-lootoseois\/","title":{"rendered":"V\u012braka deglis ar kr\u012bto\u0161iem d\u016bmiem \u2013 roka un lotosa zieds"},"content":{"rendered":"<p class=\"\" data-start=\"149\" data-end=\"386\">\u0160\u012b skaist\u0101 v\u012braka trauka centr\u0101 ir roka, kas maigi tur lotosa ziedu \u2013 t\u012br\u012bbas, apgaism\u012bbas un iek\u0161\u0113j\u0101s atmodas simbolu. D\u016bmiem s\u0101kot pl\u016bst lejup caur lotosu, rodas vizu\u0101li valdzino\u0161s un gar\u012bgi nomierino\u0161s mirklis.<\/p>\n<p class=\"\" data-start=\"388\" data-end=\"568\">Ar katru d\u016bmu virpuli \u0161is deglis izraisa saiknes un atdzim\u0161anas saj\u016btu. Lieliski piem\u0113rots medit\u0101cijai, aromterapijai vai vienk\u0101r\u0161i mier\u012bgas atmosf\u0113ras rad\u012b\u0161anai.<\/p>\n<ul>\n<li data-start=\"570\" data-end=\"744\">Simbolisks dizains: lotoss un atv\u0113rta plauksta<\/li>\n<li data-start=\"570\" data-end=\"744\">Nomierino\u0161s d\u016bmu str\u016bklas efekts<\/li>\n<li data-start=\"570\" data-end=\"744\">Vizu\u0101li iespaid\u012bgs un meditat\u012bvs<\/li>\n<\/ul>\n<p class=\"\" data-start=\"746\" data-end=\"827\">\u26a0\ufe0f Lai pan\u0101ktu kr\u012bto\u0161o d\u016bmu efektu, lietojiet tikai speci\u0101lus kr\u012bto\u0161o d\u016bmu v\u012braka konusus!<\/p>","protected":false},"excerpt":{"rendered":"<p>Selle kauni viirukip\u00f5leti keskmes on k\u00e4si, mis hoiab \u00f5rnalt lootos\u00f5it \u2013 s\u00fcmbol puhtusest, valgustatusest ja sisemisest \u00e4rkamisest. Kui suits hakkab voolama l\u00e4bi&hellip;<\/p>","protected":false},"featured_media":105585,"comment_status":"open","ping_status":"closed","template":"","meta":{"wprm-recipe-roundup-name":"","wprm-recipe-roundup-description":""},"product_brand":[],"product_cat":[5757],"product_tag":[5760],"class_list":{"0":"post-105584","1":"product","2":"type-product","3":"status-publish","4":"has-post-thumbnail","6":"product_cat-difuuserid-ja-poletid","7":"product_tag-viirukihoidja","9":"first","10":"instock","11":"taxable","12":"shipping-taxable","13":"purchasable","14":"product-type-simple"},"supplier_id":105232,"supplier_sku":"","barcode":"5055796594481","atum_controlled":true,"out_stock_date":null,"out_stock_threshold":null,"inheritable":false,"inbound_stock":0,"stock_on_hold":0,"sold_today":0,"sales_last_days":0,"reserved_stock":0,"customer_returns":0,"warehouse_damage":0,"lost_in_post":0,"other_logs":0,"out_stock_days":0,"lost_sales":0,"has_location":false,"update_date":"2026-03-07T01:16:15","atum_locations":[],"atum_stock_status":"instock","restock_status":false,"low_stock_amount":"","sales_update_date":"2026-03-07T01:16:15","calc_backorders":null,"aioseo_notices":[],"_links":{"self":[{"href":"https:\/\/ecoshop.ee\/lv\/wp-json\/wp\/v2\/product\/105584","targetHints":{"allow":["GET"]}}],"collection":[{"href":"https:\/\/ecoshop.ee\/lv\/wp-json\/wp\/v2\/product"}],"about":[{"href":"https:\/\/ecoshop.ee\/lv\/wp-json\/wp\/v2\/types\/product"}],"replies":[{"embeddable":true,"href":"https:\/\/ecoshop.ee\/lv\/wp-json\/wp\/v2\/comments?post=105584"}],"version-history":[{"count":0,"href":"https:\/\/ecoshop.ee\/lv\/wp-json\/wp\/v2\/product\/105584\/revisions"}],"wp:featuredmedia":[{"embeddable":true,"href":"https:\/\/ecoshop.ee\/lv\/wp-json\/wp\/v2\/media\/105585"}],"wp:attachment":[{"href":"https:\/\/ecoshop.ee\/lv\/wp-json\/wp\/v2\/media?parent=105584"}],"wp:term":[{"taxonomy":"product_brand","embeddable":true,"href":"https:\/\/ecoshop.ee\/lv\/wp-json\/wp\/v2\/product_brand?post=105584"},{"taxonomy":"product_cat","embeddable":true,"href":"https:\/\/ecoshop.ee\/lv\/wp-json\/wp\/v2\/product_cat?post=105584"},{"taxonomy":"product_tag","embeddable":true,"href":"https:\/\/ecoshop.ee\/lv\/wp-json\/wp\/v2\/product_tag?post=105584"}],"curies":[{"name":"wp","href":"https:\/\/api.w.org\/{rel}","templated":true}]}}