{"id":105730,"date":"2025-04-27T23:10:09","date_gmt":"2025-04-27T20:10:09","guid":{"rendered":"https:\/\/ecoshop.ee\/?post_type=product&#038;p=105730"},"modified":"2026-05-04T11:29:13","modified_gmt":"2026-05-04T08:29:13","slug":"ichoc-klasiska-veganiska-piena-sokolade-biologiska-80g","status":"publish","type":"product","link":"https:\/\/ecoshop.ee\/lv\/sokolaadid\/ichoc-klassikaline-vegan-piimasokolaad-mahe-80g\/","title":{"rendered":"iChoc klasisk\u0101 veg\u0101nisk\u0101 piena \u0161okol\u0101de, biolo\u0123isk\u0101, 80g"},"content":{"rendered":"<p class=\"\" data-start=\"141\" data-end=\"464\">iChoc klasisk\u0101 veg\u0101n\u0101 piena \u0161okol\u0101de pied\u0101v\u0101 z\u012bdainu, kr\u0113m\u012bgu gar\u0161as pieredzi, kuras pamat\u0101 ir kakao sviests un mande\u013cu e\u013c\u013ca. Augu izcelsmes k\u0101rums, kas pier\u0101da, ka veg\u0101n\u0101 \u0161okol\u0101de var b\u016bt tikpat baud\u0101ma k\u0101 klasisk\u0101 piena \u0161okol\u0101de. Pagatavota tikai no biolo\u0123isk\u0101m sast\u0101vda\u013c\u0101m, bez palmu e\u013c\u013cas un iepakota plastmasas nesaturo\u0161\u0101, m\u0101j\u0101s kompost\u0113jam\u0101 iepakojum\u0101.<\/p>\n<ul data-start=\"466\" data-end=\"561\">\n<li class=\"\" data-start=\"466\" data-end=\"498\">\n<p class=\"\" data-start=\"468\" data-end=\"498\">Izgatavots no augu izcelsmes sast\u0101vda\u013c\u0101m<\/p>\n<\/li>\n<li class=\"\" data-start=\"499\" data-end=\"523\">\n<p class=\"\" data-start=\"501\" data-end=\"523\">Biolo\u0123isks un bez palmu e\u013c\u013cas<\/p>\n<\/li>\n<li class=\"\" data-start=\"524\" data-end=\"561\">\n<p class=\"\" data-start=\"526\" data-end=\"561\">Videi draudz\u012bgs iepakojums bez plastmasas<\/p>\n<\/li>\n<\/ul>","protected":false},"excerpt":{"rendered":"<p>iChoc klassikaline vegan piima\u0161okolaad pakub siidiselt kreemjat maitseelamust kakaov\u00f5i ja mandli\u00f5li baasil. Taimselt valmistatud maius, mis t\u00f5estab, et vegan\u0161okolaad v\u00f5ib olla sama&hellip;<\/p>","protected":false},"featured_media":105733,"comment_status":"open","ping_status":"closed","template":"","meta":{"wprm-recipe-roundup-name":"","wprm-recipe-roundup-description":""},"product_brand":[12028],"product_cat":[141,303],"product_tag":[297,142],"class_list":{"0":"post-105730","1":"product","2":"type-product","3":"status-publish","4":"has-post-thumbnail","6":"product_brand-ichoc","7":"product_cat-sokolaadid","8":"product_cat-mahetooted","9":"product_tag-mahe","10":"product_tag-sokolaad","11":"j79_wcxd_expiry_type-best-before","13":"first","14":"instock","15":"taxable","16":"shipping-taxable","17":"purchasable","18":"product-type-simple"},"supplier_id":390160,"supplier_sku":"","barcode":"4044889004595","atum_controlled":true,"out_stock_date":null,"out_stock_threshold":null,"inheritable":false,"inbound_stock":0,"stock_on_hold":0,"sold_today":0,"sales_last_days":1,"reserved_stock":0,"customer_returns":0,"warehouse_damage":0,"lost_in_post":0,"other_logs":0,"out_stock_days":0,"lost_sales":0,"has_location":false,"update_date":"2026-05-07T14:39:18","atum_locations":[],"atum_stock_status":"instock","restock_status":false,"low_stock_amount":"","sales_update_date":"2026-05-07T14:39:18","calc_backorders":null,"aioseo_notices":[],"_links":{"self":[{"href":"https:\/\/ecoshop.ee\/lv\/wp-json\/wp\/v2\/product\/105730","targetHints":{"allow":["GET"]}}],"collection":[{"href":"https:\/\/ecoshop.ee\/lv\/wp-json\/wp\/v2\/product"}],"about":[{"href":"https:\/\/ecoshop.ee\/lv\/wp-json\/wp\/v2\/types\/product"}],"replies":[{"embeddable":true,"href":"https:\/\/ecoshop.ee\/lv\/wp-json\/wp\/v2\/comments?post=105730"}],"version-history":[{"count":0,"href":"https:\/\/ecoshop.ee\/lv\/wp-json\/wp\/v2\/product\/105730\/revisions"}],"wp:featuredmedia":[{"embeddable":true,"href":"https:\/\/ecoshop.ee\/lv\/wp-json\/wp\/v2\/media\/105733"}],"wp:attachment":[{"href":"https:\/\/ecoshop.ee\/lv\/wp-json\/wp\/v2\/media?parent=105730"}],"wp:term":[{"taxonomy":"product_brand","embeddable":true,"href":"https:\/\/ecoshop.ee\/lv\/wp-json\/wp\/v2\/product_brand?post=105730"},{"taxonomy":"product_cat","embeddable":true,"href":"https:\/\/ecoshop.ee\/lv\/wp-json\/wp\/v2\/product_cat?post=105730"},{"taxonomy":"product_tag","embeddable":true,"href":"https:\/\/ecoshop.ee\/lv\/wp-json\/wp\/v2\/product_tag?post=105730"}],"curies":[{"name":"wp","href":"https:\/\/api.w.org\/{rel}","templated":true}]}}