{"id":105786,"date":"2025-05-01T00:34:07","date_gmt":"2025-04-30T21:34:07","guid":{"rendered":"https:\/\/ecoshop.ee\/?post_type=product&#038;p=105786"},"modified":"2025-12-25T19:02:46","modified_gmt":"2025-12-25T16:02:46","slug":"pilnvertiga-augu-izcelsmes-sunu-bariba-ar-lecam-un-prosu-800g","status":"publish","type":"product","link":"https:\/\/ecoshop.ee\/lv\/lemmikloomatoit\/taisvaartuslik-taimne-koeratoit-laatsed-ja-hirss-800g\/","title":{"rendered":"Pilnv\u0113rt\u012bga augu izcelsmes su\u0146u bar\u012bba, l\u0113cas un prosa, 800g"},"content":{"rendered":"<p class=\"\" data-start=\"194\" data-end=\"829\">VEGDOG ADULT ir sabalans\u0113ta augu izcelsmes su\u0146u bar\u012bba, kas nodro\u0161ina j\u016bsu \u010detrk\u0101jaino draugu ar visu nepiecie\u0161amo \u2013 bez ga\u013cas. Bezgraudu un bezglut\u0113na recepte ir \u012bpa\u0161i piem\u0113rota jut\u012bgai gremo\u0161anas sist\u0113mai. Olbaltumviel\u0101m bag\u0101t\u0101s l\u0113cas, lup\u012bnas un prosa nodro\u0161ina neaizvietojam\u0101s aminosk\u0101bes. Kartupe\u013ci, spin\u0101ti un \u010dia s\u0113klas atbalsta gremo\u0161anu un visp\u0101r\u0113jo labsaj\u016btu. V\u0113rt\u012bg\u0101s a\u013c\u0123es nodro\u0161ina neaizvietojam\u0101s tauksk\u0101bes, savuk\u0101rt pievienotie vitam\u012bni, raugs un miner\u0101lvielas sedz ikdienas uztura vajadz\u012bbas. Ra\u017eots no V\u0101cij\u0101 un Austrij\u0101 audz\u0113t\u0101m sast\u0101vda\u013c\u0101m un dabiski bez m\u0101ksl\u012bg\u0101m kr\u0101sviel\u0101m un konservantiem.<\/p>\n<ul data-start=\"831\" data-end=\"1033\">\n<li class=\"\" data-start=\"831\" data-end=\"886\">\n<p class=\"\" data-start=\"833\" data-end=\"886\">Pilnv\u0113rt\u012bga veg\u0101nu mitr\u0101 bar\u012bba pieaugu\u0161iem su\u0146iem<\/p>\n<\/li>\n<li class=\"\" data-start=\"887\" data-end=\"917\">\n<p class=\"\" data-start=\"889\" data-end=\"917\">Bez graudiem un glut\u0113na<\/p>\n<\/li>\n<li class=\"\" data-start=\"918\" data-end=\"965\">\n<p class=\"\" data-start=\"920\" data-end=\"965\">Satur a\u013c\u0123es, \u010dia s\u0113klas un lup\u012bnu<\/p>\n<\/li>\n<li class=\"\" data-start=\"966\" data-end=\"997\">\n<p class=\"\" data-start=\"968\" data-end=\"997\">Bez m\u0101ksl\u012bg\u0101m piedev\u0101m<\/p>\n<\/li>\n<li class=\"\" data-start=\"998\" data-end=\"1033\">\n<p class=\"\" data-start=\"1000\" data-end=\"1033\">Ra\u017eots V\u0101cij\u0101 un Austrij\u0101<\/p>\n<\/li>\n<\/ul>\n<p>&nbsp;<\/p>\n<p class=\"\" data-start=\"89\" data-end=\"511\"><strong data-start=\"89\" data-end=\"129\">Uzturv\u0113rt\u012bbas piedevas (uz 1 kg):<\/strong><br data-start=\"129\" data-end=\"132\" \/>A-vitamin 3450 SV; D3-vitamin 506 SV; B12-vitamin 23 \u00b5g; kalcija D-pantoten\u0101ts 9,2 mg; L-karnit\u012bns 414 mg; L-treon\u012bns 610 mg; L-triptof\u0101ns 212 mg; taur\u012bns 437 mg; DL-metion\u012bns 2,65 g; dzelzs (dzelzs(II) glicin\u0101ta hel\u0101ta hidr\u0101ts) 23 mg; var\u0161 (vara glicin\u0101ta hel\u0101ta hidr\u0101ts) 1,2 mg; cinks (cinka oks\u012bds) 23 mg; jods (bez\u016bdens kalcija jod\u0101ts) 0,4 mg; sel\u0113ns (n\u0101trija selen\u012bts) 0,08 mg.<\/p>\n<p class=\"\" data-start=\"513\" data-end=\"535\"><strong data-start=\"513\" data-end=\"533\">Baro\u0161anas ieteikums:<\/strong><\/p>\n<ul data-start=\"536\" data-end=\"730\">\n<li class=\"\" data-start=\"536\" data-end=\"567\">\n<p class=\"\" data-start=\"538\" data-end=\"567\">5 kg suns: 320\u2013365 g dien\u0101<\/p>\n<\/li>\n<li class=\"\" data-start=\"568\" data-end=\"593\">\n<p class=\"\" data-start=\"570\" data-end=\"593\">10 kg suns: 540\u2013615 g<\/p>\n<\/li>\n<li class=\"\" data-start=\"594\" data-end=\"620\">\n<p class=\"\" data-start=\"596\" data-end=\"620\">20 kg suns: 910\u20131030 g<\/p>\n<\/li>\n<li class=\"\" data-start=\"621\" data-end=\"648\">\n<p class=\"\" data-start=\"623\" data-end=\"648\">30 kg suns: 1230\u20131400 g<\/p>\n<\/li>\n<li class=\"\" data-start=\"649\" data-end=\"676\">\n<p class=\"\" data-start=\"651\" data-end=\"676\">40 kg suns: 1525\u20131730 g<\/p>\n<\/li>\n<li class=\"\" data-start=\"677\" data-end=\"704\">\n<p class=\"\" data-start=\"679\" data-end=\"704\">50 kg suns: 1800\u20132050 g<\/p>\n<\/li>\n<li class=\"\" data-start=\"705\" data-end=\"730\">\n<p class=\"\" data-start=\"707\" data-end=\"730\">60 kg suns: 2070\u20132350 g<\/p>\n<\/li>\n<\/ul>\n<p class=\"\" data-start=\"732\" data-end=\"893\"><strong data-start=\"732\" data-end=\"743\">Piez\u012bme:<\/strong> \u0160\u012bs ir aptuvenas v\u0113rt\u012bbas, kas j\u0101piel\u0101go atbilsto\u0161i su\u0146a individu\u0101laj\u0101m vajadz\u012bb\u0101m (aktivit\u0101te, \u0161\u0137irne, vielmai\u0146a, gadalaiks utt.).<\/p>","protected":false},"excerpt":{"rendered":"<p>VEGDOG ADULT on tasakaalustatud taimne koeratoit, mis pakub sinu neljajalgsele kaaslasele k\u00f5ik vajaliku \u2013 ilma lihata. Teraviljavaba ja gluteenivaba retsept sobib eriti&hellip;<\/p>","protected":false},"featured_media":105787,"comment_status":"open","ping_status":"closed","template":"","meta":{"wprm-recipe-roundup-name":"","wprm-recipe-roundup-description":""},"product_brand":[],"product_cat":[5784],"product_tag":[5785],"class_list":{"0":"post-105786","1":"product","2":"type-product","3":"status-publish","4":"has-post-thumbnail","6":"product_cat-lemmikloomatoit","7":"product_tag-koeratoit","8":"j79_wcxd_expiry_type-best-before","10":"first","11":"instock","12":"taxable","13":"shipping-taxable","14":"purchasable","15":"product-type-simple"},"supplier_id":9137,"supplier_sku":"","barcode":"4260446690043","atum_controlled":true,"out_stock_date":null,"out_stock_threshold":null,"inheritable":false,"inbound_stock":0,"stock_on_hold":0,"sold_today":0,"sales_last_days":0,"reserved_stock":0,"customer_returns":0,"warehouse_damage":0,"lost_in_post":0,"other_logs":0,"out_stock_days":0,"lost_sales":0,"has_location":false,"update_date":"2026-03-07T01:16:08","atum_locations":[],"atum_stock_status":"instock","restock_status":false,"low_stock_amount":"","sales_update_date":"2026-03-07T01:16:08","calc_backorders":null,"aioseo_notices":[],"_links":{"self":[{"href":"https:\/\/ecoshop.ee\/lv\/wp-json\/wp\/v2\/product\/105786","targetHints":{"allow":["GET"]}}],"collection":[{"href":"https:\/\/ecoshop.ee\/lv\/wp-json\/wp\/v2\/product"}],"about":[{"href":"https:\/\/ecoshop.ee\/lv\/wp-json\/wp\/v2\/types\/product"}],"replies":[{"embeddable":true,"href":"https:\/\/ecoshop.ee\/lv\/wp-json\/wp\/v2\/comments?post=105786"}],"version-history":[{"count":0,"href":"https:\/\/ecoshop.ee\/lv\/wp-json\/wp\/v2\/product\/105786\/revisions"}],"wp:featuredmedia":[{"embeddable":true,"href":"https:\/\/ecoshop.ee\/lv\/wp-json\/wp\/v2\/media\/105787"}],"wp:attachment":[{"href":"https:\/\/ecoshop.ee\/lv\/wp-json\/wp\/v2\/media?parent=105786"}],"wp:term":[{"taxonomy":"product_brand","embeddable":true,"href":"https:\/\/ecoshop.ee\/lv\/wp-json\/wp\/v2\/product_brand?post=105786"},{"taxonomy":"product_cat","embeddable":true,"href":"https:\/\/ecoshop.ee\/lv\/wp-json\/wp\/v2\/product_cat?post=105786"},{"taxonomy":"product_tag","embeddable":true,"href":"https:\/\/ecoshop.ee\/lv\/wp-json\/wp\/v2\/product_tag?post=105786"}],"curies":[{"name":"wp","href":"https:\/\/api.w.org\/{rel}","templated":true}]}}