{"id":105789,"date":"2025-05-01T00:45:52","date_gmt":"2025-04-30T21:45:52","guid":{"rendered":"https:\/\/ecoshop.ee\/?post_type=product&#038;p=105789"},"modified":"2025-12-25T19:02:46","modified_gmt":"2025-12-25T16:02:46","slug":"pilnvertiga-augu-izcelsmes-sunu-bariba-senioriem-ar-zirniem-un-prosu-400g","status":"publish","type":"product","link":"https:\/\/ecoshop.ee\/lv\/lemmikloomatoit\/taisvaartuslik-taimne-koeratoit-eakale-koerale-herned-ja-hirss-400g\/","title":{"rendered":"Pilnv\u0113rt\u012bga augu izcelsmes su\u0146u bar\u012bba senioriem, zir\u0146i un prosa, 400 g"},"content":{"rendered":"<p class=\"\" data-start=\"207\" data-end=\"547\">VEGDOG SENIOR ir \u012bpa\u0161i izstr\u0101d\u0101ta pieaugu\u0161iem su\u0146iem no 7 gadu vecuma, nodro\u0161inot sabalans\u0113tu un viegli sagremojamu augu izcelsmes uzturu, kas atbalsta su\u0146a labsaj\u016btu vecumdien\u0101s. Produkta sast\u0101v\u0101 eso\u0161ie augstas kvalit\u0101tes olbaltumvielu avoti - zir\u0146u prote\u012bns, l\u0113cas un lup\u012bnu milti - nodro\u0161ina nepiecie\u0161amo aminohapete profilu musku\u013cu masas uztur\u0113\u0161anai.<\/p>\n<p class=\"\" data-start=\"549\" data-end=\"903\">Prosa un burk\u0101ni veicina loc\u012btavu vesel\u012bbu, savuk\u0101rt \u010dia s\u0113klas, j\u016brasz\u0101les un saulespu\u0137u e\u013c\u013ca nodro\u0161ina neaizvietojam\u0101s omega-3 un omega-6 tauksk\u0101bes. M\u016bsu \u012bpa\u0161i izstr\u0101d\u0101tais miner\u0101lvielu pulveris papildina t\u0101das svar\u012bgas uzturvielas k\u0101 B12 vitam\u012bns, taur\u012bns un karnit\u012bns, lai atbalst\u012btu sirds darb\u012bbu un visp\u0101r\u0113jo vitalit\u0101ti vec\u0101kiem su\u0146iem.<\/p>\n<p class=\"\" data-start=\"905\" data-end=\"1075\">\u0160\u012b bar\u012bba ir \u012bpa\u0161i piem\u0113rota ar\u012b su\u0146iem ar jut\u012bgu gremo\u0161anu un elimin\u0101cijas di\u0113t\u0101m. Kalcija un fosfora attiec\u012bba ir piel\u0101gota novecojo\u0161a dz\u012bvnieka vajadz\u012bb\u0101m.<\/p>\n<ul data-start=\"1077\" data-end=\"1345\">\n<li class=\"\" data-start=\"1077\" data-end=\"1137\">\n<p class=\"\" data-start=\"1079\" data-end=\"1137\">Pilnv\u0113rt\u012bga augu izcelsmes bar\u012bba su\u0146iem no 7 gadu vecuma<\/p>\n<\/li>\n<li class=\"\" data-start=\"1138\" data-end=\"1182\">\n<p class=\"\" data-start=\"1140\" data-end=\"1182\">Bez glut\u0113na un dz\u012bvnieku izcelsmes sast\u0101vda\u013c\u0101m<\/p>\n<\/li>\n<li class=\"\" data-start=\"1183\" data-end=\"1232\">\n<p class=\"\" data-start=\"1185\" data-end=\"1232\">Atbalsta gremo\u0161anu, sirds vesel\u012bbu un loc\u012btavas<\/p>\n<\/li>\n<li class=\"\" data-start=\"1233\" data-end=\"1259\">\n<p class=\"\" data-start=\"1235\" data-end=\"1259\">Piem\u0113rots ar\u012b aler\u0123ijas slimniekiem<\/p>\n<\/li>\n<li class=\"\" data-start=\"1260\" data-end=\"1300\">\n<p class=\"\" data-start=\"1262\" data-end=\"1300\">Izstr\u0101d\u0101ts sadarb\u012bb\u0101 ar veterin\u0101r\u0101rstiem<\/p>\n<\/li>\n<li class=\"\" data-start=\"1301\" data-end=\"1345\">\n<p class=\"\" data-start=\"1303\" data-end=\"1345\">Bez m\u0101ksl\u012bg\u0101m smar\u017eviel\u0101m un kr\u0101sviel\u0101m<\/p>\n<\/li>\n<\/ul>\n<p class=\"\" data-start=\"1347\" data-end=\"1448\">\u2757 <strong data-start=\"1349\" data-end=\"1397\">Nav piem\u0113rots kuc\u0113niem vai lakt\u0113jo\u0161\u0101m kuc\u0113m<\/strong>, jo vi\u0146u uztura un ener\u0123ijas vajadz\u012bbas ir liel\u0101kas.<\/p>\n<p class=\"\" data-start=\"82\" data-end=\"505\"><strong data-start=\"82\" data-end=\"122\">Uzturv\u0113rt\u012bbas piedevas (uz 1 kg):<\/strong><br data-start=\"122\" data-end=\"125\" \/>A-vitamin 3450 SV, D3-vitamin 506 SV, B12-vitamin 23 \u00b5g, kalcija D-pantoten\u0101ts 9,2 mg, L-karnit\u012bns 414 mg, L-treon\u012bns 610 mg, L-triptof\u0101ns 212 mg, taur\u012bns 437 mg, DL-metion\u012bns 2,65 g, dzelzs (dzelzs(II) glicin\u0101ta hel\u0101ta hidr\u0101ts) 23 mg, var\u0161 (vara glicin\u0101ta hel\u0101ta hidr\u0101ts) 1,2 mg, cinks (cinka oks\u012bds) 23 mg, jods (bez\u016bdens kalcija jod\u0101ts) 0,4 mg, sel\u0113ns (n\u0101trija selen\u012bts) 0,08 mg.<\/p>\n<p class=\"\" data-start=\"507\" data-end=\"529\"><strong data-start=\"507\" data-end=\"527\">Baro\u0161anas ieteikums:<\/strong><\/p>\n<ul data-start=\"530\" data-end=\"726\">\n<li class=\"\" data-start=\"530\" data-end=\"561\">\n<p class=\"\" data-start=\"532\" data-end=\"561\">5 kg suns: 320\u2013365 g dien\u0101<\/p>\n<\/li>\n<li class=\"\" data-start=\"562\" data-end=\"587\">\n<p class=\"\" data-start=\"564\" data-end=\"587\">10 kg suns: 540\u2013615 g<\/p>\n<\/li>\n<li class=\"\" data-start=\"588\" data-end=\"614\">\n<p class=\"\" data-start=\"590\" data-end=\"614\">20 kg suns: 910\u20131030 g<\/p>\n<\/li>\n<li class=\"\" data-start=\"615\" data-end=\"642\">\n<p class=\"\" data-start=\"617\" data-end=\"642\">30 kg suns: 1230\u20131400 g<\/p>\n<\/li>\n<li class=\"\" data-start=\"643\" data-end=\"670\">\n<p class=\"\" data-start=\"645\" data-end=\"670\">40 kg suns: 1525\u20131730 g<\/p>\n<\/li>\n<li class=\"\" data-start=\"671\" data-end=\"698\">\n<p class=\"\" data-start=\"673\" data-end=\"698\">50 kg suns: 1800\u20132050 g<\/p>\n<\/li>\n<li class=\"\" data-start=\"699\" data-end=\"726\">\n<p class=\"\" data-start=\"701\" data-end=\"726\">60 kg suns: 2070\u20132350 g<\/p>\n<\/li>\n<\/ul>\n<p class=\"\" data-start=\"728\" data-end=\"894\"><strong data-start=\"728\" data-end=\"739\">Piez\u012bme:<\/strong> \u0160\u012bs ir aptuvenas v\u0113rt\u012bbas, kas j\u0101piel\u0101go atbilsto\u0161i su\u0146a individu\u0101lajiem dz\u012bves apst\u0101k\u013ciem (aktivit\u0101te, \u0161\u0137irne, vielmai\u0146a, gadalaiks utt.).<\/p>","protected":false},"excerpt":{"rendered":"<p>VEGDOG SENIOR on spetsiaalselt v\u00e4lja t\u00f6\u00f6tatud t\u00e4iskasvanud koertele alates 7. eluaastast, pakkudes tasakaalustatud ja kergesti seeditavat taimset toitumist, mis toetab koera heaolu&hellip;<\/p>","protected":false},"featured_media":105790,"comment_status":"open","ping_status":"closed","template":"","meta":{"wprm-recipe-roundup-name":"","wprm-recipe-roundup-description":""},"product_brand":[],"product_cat":[5784],"product_tag":[5785],"class_list":{"0":"post-105789","1":"product","2":"type-product","3":"status-publish","4":"has-post-thumbnail","6":"product_cat-lemmikloomatoit","7":"product_tag-koeratoit","8":"j79_wcxd_expiry_type-best-before","10":"first","11":"instock","12":"taxable","13":"shipping-taxable","14":"purchasable","15":"product-type-simple"},"supplier_id":9137,"supplier_sku":"","barcode":"4260446690029","atum_controlled":true,"out_stock_date":null,"out_stock_threshold":null,"inheritable":false,"inbound_stock":0,"stock_on_hold":0,"sold_today":0,"sales_last_days":0,"reserved_stock":0,"customer_returns":0,"warehouse_damage":0,"lost_in_post":0,"other_logs":0,"out_stock_days":0,"lost_sales":0,"has_location":false,"update_date":"2026-03-07T01:16:08","atum_locations":[],"atum_stock_status":"instock","restock_status":false,"low_stock_amount":"","sales_update_date":"2026-03-07T01:16:08","calc_backorders":null,"aioseo_notices":[],"_links":{"self":[{"href":"https:\/\/ecoshop.ee\/lv\/wp-json\/wp\/v2\/product\/105789","targetHints":{"allow":["GET"]}}],"collection":[{"href":"https:\/\/ecoshop.ee\/lv\/wp-json\/wp\/v2\/product"}],"about":[{"href":"https:\/\/ecoshop.ee\/lv\/wp-json\/wp\/v2\/types\/product"}],"replies":[{"embeddable":true,"href":"https:\/\/ecoshop.ee\/lv\/wp-json\/wp\/v2\/comments?post=105789"}],"version-history":[{"count":0,"href":"https:\/\/ecoshop.ee\/lv\/wp-json\/wp\/v2\/product\/105789\/revisions"}],"wp:featuredmedia":[{"embeddable":true,"href":"https:\/\/ecoshop.ee\/lv\/wp-json\/wp\/v2\/media\/105790"}],"wp:attachment":[{"href":"https:\/\/ecoshop.ee\/lv\/wp-json\/wp\/v2\/media?parent=105789"}],"wp:term":[{"taxonomy":"product_brand","embeddable":true,"href":"https:\/\/ecoshop.ee\/lv\/wp-json\/wp\/v2\/product_brand?post=105789"},{"taxonomy":"product_cat","embeddable":true,"href":"https:\/\/ecoshop.ee\/lv\/wp-json\/wp\/v2\/product_cat?post=105789"},{"taxonomy":"product_tag","embeddable":true,"href":"https:\/\/ecoshop.ee\/lv\/wp-json\/wp\/v2\/product_tag?post=105789"}],"curies":[{"name":"wp","href":"https:\/\/api.w.org\/{rel}","templated":true}]}}