{"id":105792,"date":"2025-05-01T00:58:53","date_gmt":"2025-04-30T21:58:53","guid":{"rendered":"https:\/\/ecoshop.ee\/?post_type=product&#038;p=105792"},"modified":"2025-12-25T19:02:46","modified_gmt":"2025-12-25T16:02:46","slug":"veganu-sausa-bariba-pieaugusiem-suniem-ar-pupinam-un-tomatiem-400-g","status":"publish","type":"product","link":"https:\/\/ecoshop.ee\/lv\/lemmikloomatoit\/vegan-margtoit-taiskasvanud-koerale-oad-ja-tomatid-400g\/","title":{"rendered":"Veg\u0101nu mitr\u0101 bar\u012bba pieaugu\u0161iem su\u0146iem, pupi\u0146as un tom\u0101ti, 400 g"},"content":{"rendered":"<p class=\"\" data-start=\"165\" data-end=\"471\">Ami ir augu izcelsmes un sul\u012bga mitr\u0101 bar\u012bba pieaugu\u0161iem su\u0146iem visu izm\u0113ru. T\u0101s sabalans\u0113tais d\u0101rze\u0146u sast\u0101vs pied\u0101v\u0101 pat\u012bkamas p\u0101rmai\u0146as no ierast\u0101s ga\u013cas b\u0101zes su\u0146u bar\u012bbas. Bar\u012bba ir 100% veg\u0101na un satur daudz d\u0101rze\u0146u \u2014 \u0161aj\u0101 variant\u0101 galven\u0101s sast\u0101vda\u013cas ir sarkan\u0101s pupi\u0146as un tom\u0101ti.<\/p>\n<p class=\"\" data-start=\"473\" data-end=\"686\">Ide\u0101la izv\u0113le tiem, kas v\u0113las pied\u0101v\u0101t savam m\u012blulim augu izcelsmes uzturu \u2013 vai nu past\u0101v\u012bgi, vai p\u0101rmai\u0146us. Ami mitr\u0101 bar\u012bba ir \u012bpa\u0161i piem\u0113rota su\u0146iem, kuri dod priek\u0161roku sul\u012bgai tekst\u016brai un m\u012bl d\u0101rze\u0146us.<\/p>\n<ul data-start=\"688\" data-end=\"897\">\n<li class=\"\" data-start=\"688\" data-end=\"728\">\n<p class=\"\" data-start=\"690\" data-end=\"728\">Veg\u0101nu mitr\u0101 bar\u012bba pieaugu\u0161iem su\u0146iem<\/p>\n<\/li>\n<li class=\"\" data-start=\"729\" data-end=\"775\">\n<p class=\"\" data-start=\"731\" data-end=\"775\">Satur d\u0101rze\u0146u un augu izcelsmes sast\u0101vda\u013cas<\/p>\n<\/li>\n<li class=\"\" data-start=\"776\" data-end=\"811\">\n<p class=\"\" data-start=\"778\" data-end=\"811\">Bez ga\u013cas, sul\u012bgs un gar\u0161\u012bgs<\/p>\n<\/li>\n<li class=\"\" data-start=\"812\" data-end=\"862\">\n<p class=\"\" data-start=\"814\" data-end=\"862\">Piem\u0113rots ikdienas lieto\u0161anai vai k\u0101 p\u0101rmai\u0146as no ierast\u0101s p\u0101rtikas<\/p>\n<\/li>\n<li class=\"\" data-start=\"863\" data-end=\"897\">\n<p class=\"\" data-start=\"865\" data-end=\"897\">Pieejams da\u017e\u0101d\u0101s gar\u0161\u0101s<\/p>\n<\/li>\n<\/ul>\n<p>&nbsp;<\/p>\n<p class=\"\" data-start=\"82\" data-end=\"337\"><strong data-start=\"82\" data-end=\"122\">Uzturv\u0113rt\u012bbas piedevas (uz 1 kg):<\/strong><br data-start=\"122\" data-end=\"125\" \/>A-vitamin 3214 SV, D3-vitamin 242 SV, cinks (cinka sulf\u0101ts, monohidr\u0101ts) 35,7 mg, mang\u0101ns (mang\u0101na sulf\u0101ts, monohidr\u0101ts) 2 mg, var\u0161 (vara(II) sulf\u0101ts, pentahidr\u0101ts) 1,43 mg, jods (kalcija jod\u0101ts, bez\u016bdens) 1,07 mg.<\/p>\n<p class=\"\" data-start=\"339\" data-end=\"544\"><strong data-start=\"339\" data-end=\"359\">Baro\u0161anas ieteikums:<\/strong><br data-start=\"359\" data-end=\"362\" \/>Iev\u0113rojiet ieteikumus, kas sniegti uz kannas.<br data-start=\"399\" data-end=\"402\" \/>(Limenes ir aptuvenas un j\u0101piel\u0101go atbilsto\u0161i su\u0146a individu\u0101laj\u0101m vajadz\u012bb\u0101m, piem\u0113ram, aktivit\u0101tes l\u012bmenim, \u0161\u0137irnei, vielmai\u0146ai, gadalaikam utt.)<\/p>","protected":false},"excerpt":{"rendered":"<p>Ami on taimne ja mahlane m\u00e4rgtoit t\u00e4iskasvanud koertele igas suuruses. Selle tasakaalustatud k\u00f6\u00f6giviljap\u00f5hine koostis pakub meeldivat vaheldust tavap\u00e4rasele lihap\u00f5hisele koeratoidule. Toit on&hellip;<\/p>","protected":false},"featured_media":105793,"comment_status":"open","ping_status":"closed","template":"","meta":{"wprm-recipe-roundup-name":"","wprm-recipe-roundup-description":""},"product_brand":[],"product_cat":[5784],"product_tag":[5785],"class_list":{"0":"post-105792","1":"product","2":"type-product","3":"status-publish","4":"has-post-thumbnail","6":"product_cat-lemmikloomatoit","7":"product_tag-koeratoit","8":"j79_wcxd_expiry_type-best-before","10":"first","11":"instock","12":"taxable","13":"shipping-taxable","14":"purchasable","15":"product-type-simple"},"supplier_id":9137,"supplier_sku":"","barcode":"8032573040710","atum_controlled":true,"out_stock_date":null,"out_stock_threshold":null,"inheritable":false,"inbound_stock":0,"stock_on_hold":0,"sold_today":0,"sales_last_days":0,"reserved_stock":0,"customer_returns":0,"warehouse_damage":0,"lost_in_post":0,"other_logs":0,"out_stock_days":0,"lost_sales":0,"has_location":false,"update_date":"2026-03-07T01:16:08","atum_locations":[],"atum_stock_status":"instock","restock_status":false,"low_stock_amount":"","sales_update_date":"2026-03-07T01:16:08","calc_backorders":null,"aioseo_notices":[],"_links":{"self":[{"href":"https:\/\/ecoshop.ee\/lv\/wp-json\/wp\/v2\/product\/105792","targetHints":{"allow":["GET"]}}],"collection":[{"href":"https:\/\/ecoshop.ee\/lv\/wp-json\/wp\/v2\/product"}],"about":[{"href":"https:\/\/ecoshop.ee\/lv\/wp-json\/wp\/v2\/types\/product"}],"replies":[{"embeddable":true,"href":"https:\/\/ecoshop.ee\/lv\/wp-json\/wp\/v2\/comments?post=105792"}],"version-history":[{"count":0,"href":"https:\/\/ecoshop.ee\/lv\/wp-json\/wp\/v2\/product\/105792\/revisions"}],"wp:featuredmedia":[{"embeddable":true,"href":"https:\/\/ecoshop.ee\/lv\/wp-json\/wp\/v2\/media\/105793"}],"wp:attachment":[{"href":"https:\/\/ecoshop.ee\/lv\/wp-json\/wp\/v2\/media?parent=105792"}],"wp:term":[{"taxonomy":"product_brand","embeddable":true,"href":"https:\/\/ecoshop.ee\/lv\/wp-json\/wp\/v2\/product_brand?post=105792"},{"taxonomy":"product_cat","embeddable":true,"href":"https:\/\/ecoshop.ee\/lv\/wp-json\/wp\/v2\/product_cat?post=105792"},{"taxonomy":"product_tag","embeddable":true,"href":"https:\/\/ecoshop.ee\/lv\/wp-json\/wp\/v2\/product_tag?post=105792"}],"curies":[{"name":"wp","href":"https:\/\/api.w.org\/{rel}","templated":true}]}}