{"id":105795,"date":"2025-05-01T01:09:06","date_gmt":"2025-04-30T22:09:06","guid":{"rendered":"https:\/\/ecoshop.ee\/?post_type=product&#038;p=105795"},"modified":"2025-12-25T19:02:46","modified_gmt":"2025-12-25T16:02:46","slug":"vegana-sausa-bariba-pieaugusiem-suniem-ar-kirbi-un-saldo-kartupeli-400-g","status":"publish","type":"product","link":"https:\/\/ecoshop.ee\/lv\/lemmikloomatoit\/vegan-margtoit-taiskasvanud-koerale-korvits-ja-bataat-400g\/","title":{"rendered":"Veg\u0101nu mitr\u0101 bar\u012bba pieaugu\u0161iem su\u0146iem, \u0137irbis un saldais kartupelis, 400 g"},"content":{"rendered":"<p class=\"\" data-start=\"282\" data-end=\"662\">Ami ir sul\u012bga, uz d\u0101rze\u0146iem balst\u012bta mitr\u0101 bar\u012bba pieaugu\u0161iem su\u0146iem visu izm\u0113ru un \u0161\u0137ir\u0146u. \u0160aj\u0101 versij\u0101 t\u0101 pied\u0101v\u0101 \u0137irbja un sald\u0101 kartupe\u013ca gar\u0161u - maigu, pilnv\u0113rt\u012bgu d\u0101rze\u0146u kombin\u0101ciju, kas pat\u012bk daudziem su\u0146iem. \u0160\u012b bar\u012bba nesatur ga\u013cu, bet pied\u0101v\u0101 bag\u0101t\u012bgas augu izcelsmes sast\u0101vda\u013cas, kas sniedz pat\u012bkamas p\u0101rmai\u0146as tradicion\u0101laj\u0101m su\u0146u bar\u012bb\u0101m.<\/p>\n<p class=\"\" data-start=\"664\" data-end=\"891\">Ide\u0101li piem\u0113rota su\u0146iem, kuriem pat\u012bk mitr\u0101s bar\u012bbas tekst\u016bra, un saimniekiem, kuri v\u0113las nodro\u0161in\u0101t apzin\u0101t\u0101ku vai daudzveid\u012bg\u0101ku uzturu. Ami veg\u0101nisk\u0101 mitr\u0101 bar\u012bba ir piem\u0113rota ar\u012b su\u0146iem ar jut\u012bgu gremo\u0161anu vai p\u0101rtikas aler\u0123ij\u0101m.<\/p>\n<ul data-start=\"669\" data-end=\"867\">\n<li class=\"\" data-start=\"669\" data-end=\"709\">\n<p class=\"\" data-start=\"671\" data-end=\"709\">Veg\u0101nu mitr\u0101 bar\u012bba pieaugu\u0161iem su\u0146iem<\/p>\n<\/li>\n<li class=\"\" data-start=\"710\" data-end=\"753\">\n<p class=\"\" data-start=\"712\" data-end=\"753\">Bez ga\u013cas, pagatavots no d\u0101rze\u0146iem<\/p>\n<\/li>\n<li class=\"\" data-start=\"754\" data-end=\"801\">\n<p class=\"\" data-start=\"756\" data-end=\"801\">Lieliski piem\u0113rots p\u0101rmai\u0146\u0101m vai ikdienas malt\u012btei<\/p>\n<\/li>\n<li class=\"\" data-start=\"802\" data-end=\"837\">\n<p class=\"\" data-start=\"804\" data-end=\"837\">Gar\u0161\u012bgs, sul\u012bgs un daudzveid\u012bgs<\/p>\n<\/li>\n<li class=\"\" data-start=\"838\" data-end=\"867\">\n<p class=\"\" data-start=\"840\" data-end=\"867\">Pieejams vair\u0101k\u0101s gar\u0161\u0101s<\/p>\n<\/li>\n<\/ul>\n<p>&nbsp;<\/p>\n<p class=\"\" data-start=\"82\" data-end=\"337\"><strong data-start=\"82\" data-end=\"122\">Uzturv\u0113rt\u012bbas piedevas (uz 1 kg):<\/strong><br data-start=\"122\" data-end=\"125\" \/>A-vitamin 3214 SV, D3-vitamin 242 SV, cinks (cinka sulf\u0101ts, monohidr\u0101ts) 35,7 mg, mang\u0101ns (mang\u0101na sulf\u0101ts, monohidr\u0101ts) 2 mg, var\u0161 (vara(II) sulf\u0101ts, pentahidr\u0101ts) 1,43 mg, jods (kalcija jod\u0101ts, bez\u016bdens) 1,07 mg.<\/p>\n<p class=\"\" data-start=\"339\" data-end=\"540\"><strong data-start=\"339\" data-end=\"359\">Baro\u0161anas ieteikums:<\/strong><br data-start=\"359\" data-end=\"362\" \/>Izpildiet nor\u0101d\u012bjumus uz kannas.<br data-start=\"398\" data-end=\"401\" \/>(V\u0113rt\u012bbas ir aptuvenas un j\u0101piel\u0101go atbilsto\u0161i su\u0146a individu\u0101laj\u0101m vajadz\u012bb\u0101m, piem\u0113ram, aktivit\u0101tes l\u012bmenim, \u0161\u0137irnei, vielmai\u0146ai, gadalaikam utt.)<\/p>","protected":false},"excerpt":{"rendered":"<p>Ami on mahlane ja k\u00f6\u00f6giviljap\u00f5hine m\u00e4rgtoit t\u00e4iskasvanud koertele igas suuruses ja t\u00f5us. Antud variandis toob see maitseelamuse k\u00f5rvitsast ja bataadist \u2013 pehmest,&hellip;<\/p>","protected":false},"featured_media":105796,"comment_status":"open","ping_status":"closed","template":"","meta":{"wprm-recipe-roundup-name":"","wprm-recipe-roundup-description":""},"product_brand":[],"product_cat":[5784],"product_tag":[5785],"class_list":{"0":"post-105795","1":"product","2":"type-product","3":"status-publish","4":"has-post-thumbnail","6":"product_cat-lemmikloomatoit","7":"product_tag-koeratoit","8":"j79_wcxd_expiry_type-best-before","10":"first","11":"instock","12":"taxable","13":"shipping-taxable","14":"purchasable","15":"product-type-simple"},"supplier_id":9137,"supplier_sku":"","barcode":"8032573040703","atum_controlled":true,"out_stock_date":null,"out_stock_threshold":null,"inheritable":false,"inbound_stock":0,"stock_on_hold":0,"sold_today":0,"sales_last_days":0,"reserved_stock":0,"customer_returns":0,"warehouse_damage":0,"lost_in_post":0,"other_logs":0,"out_stock_days":0,"lost_sales":0,"has_location":false,"update_date":"2026-03-07T01:16:08","atum_locations":[],"atum_stock_status":"instock","restock_status":false,"low_stock_amount":"","sales_update_date":"2026-03-07T01:16:08","calc_backorders":null,"aioseo_notices":[],"_links":{"self":[{"href":"https:\/\/ecoshop.ee\/lv\/wp-json\/wp\/v2\/product\/105795","targetHints":{"allow":["GET"]}}],"collection":[{"href":"https:\/\/ecoshop.ee\/lv\/wp-json\/wp\/v2\/product"}],"about":[{"href":"https:\/\/ecoshop.ee\/lv\/wp-json\/wp\/v2\/types\/product"}],"replies":[{"embeddable":true,"href":"https:\/\/ecoshop.ee\/lv\/wp-json\/wp\/v2\/comments?post=105795"}],"version-history":[{"count":0,"href":"https:\/\/ecoshop.ee\/lv\/wp-json\/wp\/v2\/product\/105795\/revisions"}],"wp:featuredmedia":[{"embeddable":true,"href":"https:\/\/ecoshop.ee\/lv\/wp-json\/wp\/v2\/media\/105796"}],"wp:attachment":[{"href":"https:\/\/ecoshop.ee\/lv\/wp-json\/wp\/v2\/media?parent=105795"}],"wp:term":[{"taxonomy":"product_brand","embeddable":true,"href":"https:\/\/ecoshop.ee\/lv\/wp-json\/wp\/v2\/product_brand?post=105795"},{"taxonomy":"product_cat","embeddable":true,"href":"https:\/\/ecoshop.ee\/lv\/wp-json\/wp\/v2\/product_cat?post=105795"},{"taxonomy":"product_tag","embeddable":true,"href":"https:\/\/ecoshop.ee\/lv\/wp-json\/wp\/v2\/product_tag?post=105795"}],"curies":[{"name":"wp","href":"https:\/\/api.w.org\/{rel}","templated":true}]}}