{"id":105798,"date":"2025-05-01T01:19:46","date_gmt":"2025-04-30T22:19:46","guid":{"rendered":"https:\/\/ecoshop.ee\/?post_type=product&#038;p=105798"},"modified":"2025-12-25T19:02:47","modified_gmt":"2025-12-25T16:02:47","slug":"veganu-sausa-bariba-pieaugusiem-suniem-ar-burkaniem-un-kartupeliem-400g","status":"publish","type":"product","link":"https:\/\/ecoshop.ee\/lv\/lemmikloomatoit\/vegan-margtoit-taiskasvanud-koerale-porgand-ja-kartul-400g\/","title":{"rendered":"Veg\u0101nu mitr\u0101 bar\u012bba pieaugu\u0161iem su\u0146iem, burk\u0101ni un kartupe\u013ci, 400g"},"content":{"rendered":"<p class=\"\" data-start=\"209\" data-end=\"472\">Ami ir augu izcelsmes mitr\u0101 bar\u012bba, kas pieaugu\u0161iem su\u0146iem pied\u0101v\u0101 jauku un sabalans\u0113tu alternat\u012bvu parastajai bar\u012bbai. \u0160aj\u0101 variant\u0101 gar\u0161u izce\u013c burk\u0101ni un kartupe\u013ci \u2013 vienk\u0101r\u0161i, bet barojo\u0161i d\u0101rze\u0146i, kas piem\u0113roti ar\u012b m\u0101jdz\u012bvniekiem ar jut\u012bg\u0101ku gremo\u0161anu.<\/p>\n<p class=\"\" data-start=\"474\" data-end=\"789\">Bar\u012bba 100% nesatur ga\u013cu un ir piem\u0113rota ikdienas malt\u012btei vai ve\u0123et\u0101rai alternat\u012bvai. Ami V-LOVE s\u0113rija ir paredz\u0113ta su\u0146u \u012bpa\u0161niekiem, kuri v\u0113las nodro\u0161in\u0101t savam \u010detrk\u0101jainajam biedram vesel\u012bg\u0101ku un daudzveid\u012bg\u0101ku uzturu. Mitr\u0101s bar\u012bbas m\u012bkst\u0101 un sul\u012bg\u0101 tekst\u016bra ir lieliski piem\u0113rota ar\u012b vec\u0101kiem vai izv\u0113l\u012bgiem su\u0146iem.<\/p>\n<ul data-start=\"791\" data-end=\"1019\">\n<li class=\"\" data-start=\"791\" data-end=\"846\">\n<p class=\"\" data-start=\"793\" data-end=\"846\">Pilnv\u0113rt\u012bga veg\u0101nu mitr\u0101 bar\u012bba pieaugu\u0161iem su\u0146iem<\/p>\n<\/li>\n<li class=\"\" data-start=\"847\" data-end=\"892\">\n<p class=\"\" data-start=\"849\" data-end=\"892\">Gar\u0161u kombin\u0101cija ar burk\u0101niem un kartupe\u013ciem<\/p>\n<\/li>\n<li class=\"\" data-start=\"893\" data-end=\"948\">\n<p class=\"\" data-start=\"895\" data-end=\"948\">Piem\u0113rots ikdienas baro\u0161anai vai k\u0101 uzkoda<\/p>\n<\/li>\n<li class=\"\" data-start=\"949\" data-end=\"974\">\n<p class=\"\" data-start=\"951\" data-end=\"974\">100% augu izcelsmes, bez ga\u013cas<\/p>\n<\/li>\n<li class=\"\" data-start=\"975\" data-end=\"1019\">\n<p class=\"\" data-start=\"977\" data-end=\"1019\">Pieejams vair\u0101k\u0101s da\u017e\u0101d\u0101s d\u0101rze\u0146u gar\u0161\u0101s<\/p>\n<\/li>\n<\/ul>\n<p>&nbsp;<\/p>\n<p class=\"\" data-start=\"110\" data-end=\"365\"><strong data-start=\"110\" data-end=\"150\">Uzturv\u0113rt\u012bbas piedevas (uz 1 kg):<\/strong><br data-start=\"150\" data-end=\"153\" \/>A-vitamin 3214 SV, D3-vitamin 242 SV, cinks (cinka sulf\u0101ts, monohidr\u0101ts) 35,7 mg, mang\u0101ns (mang\u0101na sulf\u0101ts, monohidr\u0101ts) 2 mg, var\u0161 (vara(II) sulf\u0101ts, pentahidr\u0101ts) 1,43 mg, jods (kalcija jod\u0101ts, bez\u016bdens) 1,07 mg.<\/p>\n<p class=\"\" data-start=\"367\" data-end=\"568\"><strong data-start=\"367\" data-end=\"387\">Baro\u0161anas ieteikums:<\/strong><br data-start=\"387\" data-end=\"390\" \/>Izpildiet uz produkta nor\u0101d\u012bt\u0101s instrukcijas.<br data-start=\"423\" data-end=\"426\" \/>(V\u0113rt\u012bbasused ir aptuvenas un j\u0101piel\u0101go atbilsto\u0161i su\u0146a individu\u0101laj\u0101m vajadz\u012bb\u0101m, piem\u0113ram, aktivit\u0101tei, \u0161\u0137irnei, vielmai\u0146ai, gadalaikam utt.)<\/p>","protected":false},"excerpt":{"rendered":"<p>Ami on taimne m\u00e4rgtoit, mis pakub t\u00e4iskasvanud koertele m\u00f5nusat ja tasakaalustatud vaheldust tavatoidule. Selles variandis r\u00f5hutavad maitset porgand ja kartul \u2013 lihtsad,&hellip;<\/p>","protected":false},"featured_media":105799,"comment_status":"open","ping_status":"closed","template":"","meta":{"wprm-recipe-roundup-name":"","wprm-recipe-roundup-description":""},"product_brand":[],"product_cat":[5784],"product_tag":[5785],"class_list":{"0":"post-105798","1":"product","2":"type-product","3":"status-publish","4":"has-post-thumbnail","6":"product_cat-lemmikloomatoit","7":"product_tag-koeratoit","8":"j79_wcxd_expiry_type-best-before","10":"first","11":"instock","12":"taxable","13":"shipping-taxable","14":"purchasable","15":"product-type-simple"},"supplier_id":9137,"supplier_sku":"","barcode":"8032573040475","atum_controlled":true,"out_stock_date":null,"out_stock_threshold":null,"inheritable":false,"inbound_stock":0,"stock_on_hold":0,"sold_today":0,"sales_last_days":0,"reserved_stock":0,"customer_returns":0,"warehouse_damage":0,"lost_in_post":0,"other_logs":0,"out_stock_days":0,"lost_sales":0,"has_location":false,"update_date":"2026-03-07T01:16:08","atum_locations":[],"atum_stock_status":"instock","restock_status":false,"low_stock_amount":"","sales_update_date":"2026-03-07T01:16:08","calc_backorders":null,"aioseo_notices":[],"_links":{"self":[{"href":"https:\/\/ecoshop.ee\/lv\/wp-json\/wp\/v2\/product\/105798","targetHints":{"allow":["GET"]}}],"collection":[{"href":"https:\/\/ecoshop.ee\/lv\/wp-json\/wp\/v2\/product"}],"about":[{"href":"https:\/\/ecoshop.ee\/lv\/wp-json\/wp\/v2\/types\/product"}],"replies":[{"embeddable":true,"href":"https:\/\/ecoshop.ee\/lv\/wp-json\/wp\/v2\/comments?post=105798"}],"version-history":[{"count":0,"href":"https:\/\/ecoshop.ee\/lv\/wp-json\/wp\/v2\/product\/105798\/revisions"}],"wp:featuredmedia":[{"embeddable":true,"href":"https:\/\/ecoshop.ee\/lv\/wp-json\/wp\/v2\/media\/105799"}],"wp:attachment":[{"href":"https:\/\/ecoshop.ee\/lv\/wp-json\/wp\/v2\/media?parent=105798"}],"wp:term":[{"taxonomy":"product_brand","embeddable":true,"href":"https:\/\/ecoshop.ee\/lv\/wp-json\/wp\/v2\/product_brand?post=105798"},{"taxonomy":"product_cat","embeddable":true,"href":"https:\/\/ecoshop.ee\/lv\/wp-json\/wp\/v2\/product_cat?post=105798"},{"taxonomy":"product_tag","embeddable":true,"href":"https:\/\/ecoshop.ee\/lv\/wp-json\/wp\/v2\/product_tag?post=105798"}],"curies":[{"name":"wp","href":"https:\/\/api.w.org\/{rel}","templated":true}]}}