{"id":106015,"date":"2025-05-22T00:00:26","date_gmt":"2025-05-21T21:00:26","guid":{"rendered":"https:\/\/ecoshop.ee\/?post_type=product&#038;p=106015"},"modified":"2026-05-08T21:56:50","modified_gmt":"2026-05-08T18:56:50","slug":"bettr-lazdu-riekstu-krejuma-vafelu-batonins-biologisks-33g","status":"publish","type":"product","link":"https:\/\/ecoshop.ee\/lv\/vahvlid-ja-kupsised\/bettr-sarapuupahklikreemiga-vahvlibatoon-mahe-33g\/","title":{"rendered":"Bett&#039;r lazdu riekstu kr\u0113ma vafe\u013cu batoni\u0146\u0161, biolo\u0123isks, 33g"},"content":{"rendered":"<p class=\"\" data-start=\"118\" data-end=\"345\">Atkl\u0101jiet izsmalcin\u0101tu na\u0161\u0137i, kur\u0101 satiekas krauk\u0161\u0137\u012bga vafele, gards lazdu riekstu kr\u0113ms un samtains kakao p\u0101rkl\u0101jums. Bett&#039;r pace\u013c klasisko iecien\u012bt\u0101ko \u0113dienu jaun\u0101 l\u012bmen\u012b \u2013 apzin\u0101ta izv\u0113le, kas nepie\u013cauj kompromisus ne gar\u0161as, ne sast\u0101va zi\u0146\u0101.<\/p>\n<p class=\"\" data-start=\"347\" data-end=\"562\">\u0160\u012b grezn\u0101 uzkoda apvieno patiesu baudas pieredzi ar t\u012br\u0101m, dab\u012bg\u0101m sast\u0101vda\u013c\u0101m. Katr\u0101 iepakojum\u0101 ir divas pl\u0101nas vafeles, kas k\u016bst mut\u0113 un sniedz neaizmirstamu baudu \u2013 ide\u0101li piem\u0113rotas gan mirklim ar sevi, gan dal\u012b\u0161anai.<\/p>\n<ul>\n<li data-start=\"347\" data-end=\"562\">Organisks<\/li>\n<li data-start=\"347\" data-end=\"562\">Veg\u0101ns<\/li>\n<li data-start=\"347\" data-end=\"562\">Bez palmu e\u013c\u013cas<\/li>\n<li data-start=\"347\" data-end=\"562\">Bez rafin\u0113ta cukura<\/li>\n<\/ul>","protected":false},"excerpt":{"rendered":"<p>Avasta peenetundeline maius, kus kohtuvad kr\u00f5be vahvel, h\u00f5rk sarapuup\u00e4hklikreem ja sametine kakaokate. Bett\u2019r toob klassikalise lemmiku uuele tasemele \u2013 teadliku valiku, mis&hellip;<\/p>","protected":false},"featured_media":106016,"comment_status":"open","ping_status":"closed","template":"","meta":{"wprm-recipe-roundup-name":"","wprm-recipe-roundup-description":""},"product_brand":[11995],"product_cat":[160,148],"product_tag":[5829,149],"class_list":{"0":"post-106015","1":"product","2":"type-product","3":"status-publish","4":"has-post-thumbnail","6":"product_brand-bettr","7":"product_cat-kommid","8":"product_cat-vahvlid-ja-kupsised","9":"product_tag-vahvlibatoon","10":"product_tag-vahvlid","11":"j79_wcxd_expiry_type-best-before","13":"first","14":"instock","15":"taxable","16":"shipping-taxable","17":"purchasable","18":"product-type-simple"},"supplier_id":9165,"supplier_sku":"","barcode":"3800233783063","atum_controlled":true,"out_stock_date":null,"out_stock_threshold":null,"inheritable":false,"inbound_stock":0,"stock_on_hold":0,"sold_today":2,"sales_last_days":10,"reserved_stock":0,"customer_returns":0,"warehouse_damage":0,"lost_in_post":0,"other_logs":0,"out_stock_days":0,"lost_sales":0,"has_location":false,"update_date":"2026-05-08T18:56:51","atum_locations":[],"atum_stock_status":"instock","restock_status":false,"low_stock_amount":"","sales_update_date":"2026-05-07T18:22:37","calc_backorders":null,"aioseo_notices":[],"_links":{"self":[{"href":"https:\/\/ecoshop.ee\/lv\/wp-json\/wp\/v2\/product\/106015","targetHints":{"allow":["GET"]}}],"collection":[{"href":"https:\/\/ecoshop.ee\/lv\/wp-json\/wp\/v2\/product"}],"about":[{"href":"https:\/\/ecoshop.ee\/lv\/wp-json\/wp\/v2\/types\/product"}],"replies":[{"embeddable":true,"href":"https:\/\/ecoshop.ee\/lv\/wp-json\/wp\/v2\/comments?post=106015"}],"version-history":[{"count":2,"href":"https:\/\/ecoshop.ee\/lv\/wp-json\/wp\/v2\/product\/106015\/revisions"}],"predecessor-version":[{"id":396149,"href":"https:\/\/ecoshop.ee\/lv\/wp-json\/wp\/v2\/product\/106015\/revisions\/396149"}],"wp:featuredmedia":[{"embeddable":true,"href":"https:\/\/ecoshop.ee\/lv\/wp-json\/wp\/v2\/media\/106016"}],"wp:attachment":[{"href":"https:\/\/ecoshop.ee\/lv\/wp-json\/wp\/v2\/media?parent=106015"}],"wp:term":[{"taxonomy":"product_brand","embeddable":true,"href":"https:\/\/ecoshop.ee\/lv\/wp-json\/wp\/v2\/product_brand?post=106015"},{"taxonomy":"product_cat","embeddable":true,"href":"https:\/\/ecoshop.ee\/lv\/wp-json\/wp\/v2\/product_cat?post=106015"},{"taxonomy":"product_tag","embeddable":true,"href":"https:\/\/ecoshop.ee\/lv\/wp-json\/wp\/v2\/product_tag?post=106015"}],"curies":[{"name":"wp","href":"https:\/\/api.w.org\/{rel}","templated":true}]}}