{"id":106045,"date":"2025-05-23T00:16:21","date_gmt":"2025-05-22T21:16:21","guid":{"rendered":"https:\/\/ecoshop.ee\/?post_type=product&#038;p=106045"},"modified":"2025-12-25T18:46:29","modified_gmt":"2025-12-25T15:46:29","slug":"bettr-krasainas-drazejas-biologiskas-70g","status":"publish","type":"product","link":"https:\/\/ecoshop.ee\/lv\/kommid\/bettr-varvilised-drazeed-mahe-70g\/","title":{"rendered":"Bett&#039;r kr\u0101sain\u0101s dra\u017eejas, biolo\u0123iskas, 70g"},"content":{"rendered":"<p data-start=\"42\" data-end=\"118\">Tavi iecien\u012bt\u0101kie kr\u0101sainie dra\u017eeji ar tum\u0161o \u0161okol\u0101di tagad ir v\u0113l lab\u0101ki!<\/p>\n<p data-start=\"120\" data-end=\"247\">\u0160\u012bs neatvair\u0101mi gard\u0101s \u0161okol\u0101des pogas:<br data-start=\"159\" data-end=\"162\" \/>\u2013 nesatur m\u0101ksl\u012bg\u0101s kr\u0101svielas<br data-start=\"196\" data-end=\"199\" \/>\u2013 ir piln\u012bb\u0101 bez piena produktiem<br data-start=\"222\" data-end=\"225\" \/>\u2013 piem\u0113rots veg\u0101niem<\/p>\n<ul>\n<li data-start=\"249\" data-end=\"307\">100% organisk\u0101 viela<\/li>\n<li data-start=\"249\" data-end=\"307\">Veg\u0101ns<\/li>\n<li data-start=\"249\" data-end=\"307\">Bez m\u0101ksl\u012bg\u0101m kr\u0101sviel\u0101m<\/li>\n<\/ul>","protected":false},"excerpt":{"rendered":"<p>Sinu lemmikud v\u00e4rvilised dra\u017eeed tumeda \u0161okolaadiga on n\u00fc\u00fcd veelgi paremad! Need vastupandamatult maitsvad \u0161okolaadin\u00f6\u00f6bid:\u2013 ei sisalda kunstlikke v\u00e4rvaineid\u2013 on t\u00e4iesti piimavabad\u2013 sobivad&hellip;<\/p>","protected":false},"featured_media":106046,"comment_status":"open","ping_status":"closed","template":"","meta":{"wprm-recipe-roundup-name":"","wprm-recipe-roundup-description":""},"product_brand":[11995],"product_cat":[160,303],"product_tag":[],"class_list":{"0":"post-106045","1":"product","2":"type-product","3":"status-publish","4":"has-post-thumbnail","6":"product_brand-bettr","7":"product_cat-kommid","8":"product_cat-mahetooted","9":"j79_wcxd_expiry_type-best-before","11":"first","12":"instock","13":"taxable","14":"shipping-taxable","15":"purchasable","16":"product-type-simple"},"supplier_id":9165,"supplier_sku":"","barcode":"3800233780109","atum_controlled":true,"out_stock_date":null,"out_stock_threshold":null,"inheritable":false,"inbound_stock":0,"stock_on_hold":0,"sold_today":0,"sales_last_days":0,"reserved_stock":0,"customer_returns":0,"warehouse_damage":0,"lost_in_post":0,"other_logs":0,"out_stock_days":0,"lost_sales":0,"has_location":false,"update_date":"2026-04-06T20:01:11","atum_locations":[],"atum_stock_status":"instock","restock_status":false,"low_stock_amount":"","sales_update_date":"2026-04-06T20:01:11","calc_backorders":null,"aioseo_notices":[],"_links":{"self":[{"href":"https:\/\/ecoshop.ee\/lv\/wp-json\/wp\/v2\/product\/106045","targetHints":{"allow":["GET"]}}],"collection":[{"href":"https:\/\/ecoshop.ee\/lv\/wp-json\/wp\/v2\/product"}],"about":[{"href":"https:\/\/ecoshop.ee\/lv\/wp-json\/wp\/v2\/types\/product"}],"replies":[{"embeddable":true,"href":"https:\/\/ecoshop.ee\/lv\/wp-json\/wp\/v2\/comments?post=106045"}],"version-history":[{"count":0,"href":"https:\/\/ecoshop.ee\/lv\/wp-json\/wp\/v2\/product\/106045\/revisions"}],"wp:featuredmedia":[{"embeddable":true,"href":"https:\/\/ecoshop.ee\/lv\/wp-json\/wp\/v2\/media\/106046"}],"wp:attachment":[{"href":"https:\/\/ecoshop.ee\/lv\/wp-json\/wp\/v2\/media?parent=106045"}],"wp:term":[{"taxonomy":"product_brand","embeddable":true,"href":"https:\/\/ecoshop.ee\/lv\/wp-json\/wp\/v2\/product_brand?post=106045"},{"taxonomy":"product_cat","embeddable":true,"href":"https:\/\/ecoshop.ee\/lv\/wp-json\/wp\/v2\/product_cat?post=106045"},{"taxonomy":"product_tag","embeddable":true,"href":"https:\/\/ecoshop.ee\/lv\/wp-json\/wp\/v2\/product_tag?post=106045"}],"curies":[{"name":"wp","href":"https:\/\/api.w.org\/{rel}","templated":true}]}}