{"id":194196,"date":"2025-07-28T20:19:53","date_gmt":"2025-07-28T17:19:53","guid":{"rendered":"https:\/\/ecoshop.ee\/?post_type=product&#038;p=194196"},"modified":"2026-05-14T08:32:14","modified_gmt":"2026-05-14T05:32:14","slug":"kalcija-d3-1tp169-alvas-na1tp183-tabletes","status":"publish","type":"product","link":"https:\/\/ecoshop.ee\/lv\/vegan-toidulisandid\/kaltsium-d3-vitamiin-narimistabletid\/","title":{"rendered":"Kalcijs + D3 vitam\u012bns ko\u0161\u013c\u0101jam\u0101s tabletes"},"content":{"rendered":"<p data-start=\"52\" data-end=\"169\"><strong>Stipri kauli, veseli zobi un musku\u013ci!<\/strong><br data-start=\"128\" data-end=\"131\" \/>1 tablete satur 400 mg kalcija + 200 SV D3-vitamin.<\/p>\n<p data-start=\"171\" data-end=\"407\">Kalcija un D3-vitamin kombin\u0101cija atbalsta stiprus kaulus, veicina musku\u013cu darb\u012bbu un nodro\u0161ina ikdienas labsaj\u016btu. Nrimi tabletes ir praktiskas ikdienas lieto\u0161anai \u2013 \u012bpa\u0161i tiem, kas dod priek\u0161roku ko\u0161\u013c\u0101t.<\/p>\n<p data-start=\"409\" data-end=\"455\"><strong data-start=\"409\" data-end=\"455\">K\u0101p\u0113c izv\u0113l\u0113ties Vegetology kalcija + D3 tabletes?<\/strong><\/p>\n<ul data-start=\"456\" data-end=\"689\">\n<li data-start=\"456\" data-end=\"482\">\n<p data-start=\"458\" data-end=\"482\">Stiprina kaulus un zobus<\/p>\n<\/li>\n<li data-start=\"483\" data-end=\"528\">\n<p data-start=\"485\" data-end=\"528\">Atbalsta musku\u013cu darb\u012bbu un ener\u0123ijas metabolismu<\/p>\n<\/li>\n<li data-start=\"529\" data-end=\"569\">\n<p data-start=\"531\" data-end=\"569\">Veicina lab\u0101ku kalcija uzs\u016bk\u0161anos<\/p>\n<\/li>\n<li data-start=\"570\" data-end=\"601\">\n<p data-start=\"572\" data-end=\"601\">\u0112rta displeja plan\u0161etdators<\/p>\n<\/li>\n<li data-start=\"602\" data-end=\"689\">\n<p data-start=\"604\" data-end=\"689\">Nesatur zivis, j\u016bras veltes vai dz\u012bvnieku izcelsmes sast\u0101vda\u013cas \u2013 piem\u0113rots aler\u0123ij\u0101m un veg\u0101niem<\/p>\n<\/li>\n<\/ul>\n<p data-start=\"691\" data-end=\"714\"><strong data-start=\"691\" data-end=\"712\">Galven\u0101s priek\u0161roc\u012bbas:<\/strong><\/p>\n<ul data-start=\"715\" data-end=\"905\">\n<li data-start=\"715\" data-end=\"805\">\n<p data-start=\"717\" data-end=\"805\"><strong data-start=\"717\" data-end=\"730\">Kalcijs:<\/strong> Uztur kaulu un zobu stipr\u012bbu, atbalsta musku\u013cu darb\u012bbu un nervu sist\u0113mu.<\/p>\n<\/li>\n<li data-start=\"806\" data-end=\"905\">\n<p data-start=\"808\" data-end=\"905\"><strong data-start=\"808\" data-end=\"824\">D3-vitamin:<\/strong> Uzlabo kalcija uzs\u016bk\u0161anos un pal\u012bdz uztur\u0113t norm\u0101lu kalcija l\u012bmeni asin\u012bs.<\/p>\n<\/li>\n<\/ul>\n<p data-start=\"1028\" data-end=\"1055\"><strong data-start=\"1028\" data-end=\"1053\">Piem\u0113rots jebkuram dz\u012bves posmam:<\/strong><\/p>\n<ul data-start=\"1056\" data-end=\"1201\">\n<li data-start=\"1056\" data-end=\"1089\">\n<p data-start=\"1058\" data-end=\"1089\"><strong data-start=\"1058\" data-end=\"1070\">Jaunie\u0161iem<\/strong> \u2013 kaulu att\u012bst\u012bbai<\/p>\n<\/li>\n<li data-start=\"1090\" data-end=\"1145\">\n<p data-start=\"1092\" data-end=\"1145\"><strong data-start=\"1092\" data-end=\"1111\">Pieaugu\u0161ajiem<\/strong> \u2013 atbalst\u012bt akt\u012bvu dz\u012bvesveidu<\/p>\n<\/li>\n<li data-start=\"1146\" data-end=\"1201\">\n<p data-start=\"1148\" data-end=\"1201\"><strong data-start=\"1148\" data-end=\"1160\">Vec\u0101ka gadag\u0101juma cilv\u0113kiem<\/strong> - kaulu bl\u012bvuma un kust\u012bguma uztur\u0113\u0161anai<\/p>\n<\/li>\n<\/ul>\n<p>&nbsp;<\/p>\n<p data-start=\"1051\" data-end=\"1168\"><strong data-start=\"797\" data-end=\"843\">K\u0101p\u0113c kalciju un D3-vitamin lietot kop\u0101?<\/strong><br data-start=\"843\" data-end=\"846\" \/>D3-vitamin uzlabo kalcija uzs\u016bk\u0161anos un izmanto\u0161anu organism\u0101, pal\u012bdzot jums g\u016bt maksim\u0101lu labumu no j\u016bsu uztura bag\u0101tin\u0101t\u0101ja. Tas atbalsta norm\u0101lu kalcija l\u012bmeni asin\u012bs un pal\u012bdz uztur\u0113t vesel\u012bgus kaulus un zobus. Bez pietiekama D3-vitamin daudzuma pat kalciju saturo\u0161s uzturs var neb\u016bt pietiekams, lai nodro\u0161in\u0101tu kaulu vesel\u012bbu.<\/p>","protected":false},"excerpt":{"rendered":"<p>Tugevad luud, terved hambad ja lihased!1 tablett sisaldab 400mg kaltsiumi + 200 IU D3-vitamiini. Kaltsiumi ja D3-vitamiini kombinatsioon toetab tugevaid luid, aitab&hellip;<\/p>","protected":false},"featured_media":194199,"comment_status":"open","ping_status":"closed","template":"","meta":{"wprm-recipe-roundup-name":"","wprm-recipe-roundup-description":""},"product_brand":[12063],"product_cat":[318],"product_tag":[7025,320,342],"class_list":{"0":"post-194196","1":"product","2":"type-product","3":"status-publish","4":"has-post-thumbnail","6":"product_brand-vegetology","7":"product_cat-vegan-toidulisandid","8":"product_tag-kaltsium","9":"product_tag-toidulisand","10":"product_tag-vitamiin-d3","11":"j79_wcxd_expiry_type-best-before","13":"first","14":"instock","15":"taxable","16":"shipping-taxable","17":"purchasable","18":"product-type-simple"},"supplier_id":9147,"supplier_sku":"","barcode":"5060351380805","atum_controlled":true,"out_stock_date":null,"out_stock_threshold":null,"inheritable":false,"inbound_stock":0,"stock_on_hold":0,"sold_today":1,"sales_last_days":1,"reserved_stock":0,"customer_returns":0,"warehouse_damage":0,"lost_in_post":0,"other_logs":0,"out_stock_days":0,"lost_sales":0,"has_location":false,"update_date":"2026-05-14T22:37:11","atum_locations":[],"atum_stock_status":"instock","restock_status":false,"low_stock_amount":"","sales_update_date":"2026-05-14T22:37:11","calc_backorders":null,"aioseo_notices":[],"_links":{"self":[{"href":"https:\/\/ecoshop.ee\/lv\/wp-json\/wp\/v2\/product\/194196","targetHints":{"allow":["GET"]}}],"collection":[{"href":"https:\/\/ecoshop.ee\/lv\/wp-json\/wp\/v2\/product"}],"about":[{"href":"https:\/\/ecoshop.ee\/lv\/wp-json\/wp\/v2\/types\/product"}],"replies":[{"embeddable":true,"href":"https:\/\/ecoshop.ee\/lv\/wp-json\/wp\/v2\/comments?post=194196"}],"version-history":[{"count":0,"href":"https:\/\/ecoshop.ee\/lv\/wp-json\/wp\/v2\/product\/194196\/revisions"}],"wp:featuredmedia":[{"embeddable":true,"href":"https:\/\/ecoshop.ee\/lv\/wp-json\/wp\/v2\/media\/194199"}],"wp:attachment":[{"href":"https:\/\/ecoshop.ee\/lv\/wp-json\/wp\/v2\/media?parent=194196"}],"wp:term":[{"taxonomy":"product_brand","embeddable":true,"href":"https:\/\/ecoshop.ee\/lv\/wp-json\/wp\/v2\/product_brand?post=194196"},{"taxonomy":"product_cat","embeddable":true,"href":"https:\/\/ecoshop.ee\/lv\/wp-json\/wp\/v2\/product_cat?post=194196"},{"taxonomy":"product_tag","embeddable":true,"href":"https:\/\/ecoshop.ee\/lv\/wp-json\/wp\/v2\/product_tag?post=194196"}],"curies":[{"name":"wp","href":"https:\/\/api.w.org\/{rel}","templated":true}]}}