{"id":245699,"date":"2025-10-05T13:36:52","date_gmt":"2025-10-05T10:36:52","guid":{"rendered":"https:\/\/ecoshop.ee\/?post_type=product&#038;p=245699"},"modified":"2026-05-14T23:24:11","modified_gmt":"2026-05-14T20:24:11","slug":"veganiska-nutella-350-g","status":"publish","type":"product","link":"https:\/\/ecoshop.ee\/lv\/piimad-ja-maarded\/vegan-nutella-350g\/","title":{"rendered":"Veg\u0101nu Nutella, 350g"},"content":{"rendered":"<p data-start=\"27\" data-end=\"305\">Izbaudiet pasaul\u0113 slaven\u0101ko sviestmaizi jaun\u0101 augu izcelsmes form\u0101! Nutella Plant-Based pied\u0101v\u0101 to pa\u0161u paz\u012bstamo, maigo lazdu riekstu un kakao gar\u0161u, bet tagad piln\u012bb\u0101 pagatavota no augu izcelsmes sast\u0101vda\u013c\u0101m. T\u0101 ir kr\u0113m\u012bga, bag\u0101t\u012bga un neatvair\u0101mi garda \u2013 glu\u017ei k\u0101 ori\u0123in\u0101l\u0101, tikai bez piena produktiem.<\/p>\n<p data-start=\"307\" data-end=\"413\">Veg\u0101n\u0101 Nutella lieliski sader ar grauzdi\u0146iem, pank\u016bk\u0101m vai aug\u013ciem \u2013 katra karote liks smaid\u012bt.<\/p>\n<p data-start=\"415\" data-end=\"622\" data-is-last-node=\"\" data-is-only-node=\"\"><strong data-start=\"415\" data-end=\"420\">\u2022<\/strong> Augu izcelsmes formula, t\u0101 pati ikonisk\u0101 gar\u0161a<br data-start=\"459\" data-end=\"462\" \/><strong data-start=\"462\" data-end=\"467\">\u2022<\/strong> Satur augstas kvalit\u0101tes sast\u0101vda\u013cas, piem\u0113ram, kakao un lazdu riekstus<br data-start=\"530\" data-end=\"533\" data-is-only-node=\"\" \/><strong data-start=\"533\" data-end=\"538\">\u2022<\/strong> Kr\u0113m\u012bga un viegli uzkl\u0101jama tekst\u016bra<br data-start=\"577\" data-end=\"580\" \/><strong data-start=\"580\" data-end=\"585\">\u2022<\/strong> Veg\u0101niem draudz\u012bgs na\u0161\u0137is jebkuram gad\u012bjumam<\/p>","protected":false},"excerpt":{"rendered":"<p>Naudi maailma tuntuimat m\u00e4\u00e4ret uuel taimsel kujul! Nutella Plant-Based pakub sama tuttavat mahedat sarapuup\u00e4hkli ja kakao maitset, kuid n\u00fc\u00fcd t\u00e4ielikult taimsetest koostisosadest.&hellip;<\/p>","protected":false},"featured_media":245700,"comment_status":"open","ping_status":"closed","template":"","meta":{"wprm-recipe-roundup-name":"","wprm-recipe-roundup-description":""},"product_brand":[],"product_cat":[325,141,160],"product_tag":[7995,7994,301],"class_list":{"0":"post-245699","1":"product","2":"type-product","3":"status-publish","4":"has-post-thumbnail","6":"product_cat-piimad-ja-maarded","7":"product_cat-sokolaadid","8":"product_cat-kommid","9":"product_tag-maarded","10":"product_tag-nutella","11":"product_tag-vegan","12":"j79_wcxd_expiry_type-best-before","14":"first","15":"instock","16":"taxable","17":"shipping-taxable","18":"purchasable","19":"product-type-simple"},"supplier_id":9158,"supplier_sku":"","barcode":"8000500426494","atum_controlled":true,"out_stock_date":null,"out_stock_threshold":null,"inheritable":false,"inbound_stock":0,"stock_on_hold":0,"sold_today":0,"sales_last_days":0,"reserved_stock":0,"customer_returns":0,"warehouse_damage":0,"lost_in_post":0,"other_logs":0,"out_stock_days":76,"lost_sales":86,"has_location":false,"update_date":"2026-05-14T20:24:16","atum_locations":[],"atum_stock_status":"instock","restock_status":false,"low_stock_amount":"","sales_update_date":"2026-03-23T16:05:57","calc_backorders":null,"aioseo_notices":[],"_links":{"self":[{"href":"https:\/\/ecoshop.ee\/lv\/wp-json\/wp\/v2\/product\/245699","targetHints":{"allow":["GET"]}}],"collection":[{"href":"https:\/\/ecoshop.ee\/lv\/wp-json\/wp\/v2\/product"}],"about":[{"href":"https:\/\/ecoshop.ee\/lv\/wp-json\/wp\/v2\/types\/product"}],"replies":[{"embeddable":true,"href":"https:\/\/ecoshop.ee\/lv\/wp-json\/wp\/v2\/comments?post=245699"}],"version-history":[{"count":1,"href":"https:\/\/ecoshop.ee\/lv\/wp-json\/wp\/v2\/product\/245699\/revisions"}],"predecessor-version":[{"id":396266,"href":"https:\/\/ecoshop.ee\/lv\/wp-json\/wp\/v2\/product\/245699\/revisions\/396266"}],"wp:featuredmedia":[{"embeddable":true,"href":"https:\/\/ecoshop.ee\/lv\/wp-json\/wp\/v2\/media\/245700"}],"wp:attachment":[{"href":"https:\/\/ecoshop.ee\/lv\/wp-json\/wp\/v2\/media?parent=245699"}],"wp:term":[{"taxonomy":"product_brand","embeddable":true,"href":"https:\/\/ecoshop.ee\/lv\/wp-json\/wp\/v2\/product_brand?post=245699"},{"taxonomy":"product_cat","embeddable":true,"href":"https:\/\/ecoshop.ee\/lv\/wp-json\/wp\/v2\/product_cat?post=245699"},{"taxonomy":"product_tag","embeddable":true,"href":"https:\/\/ecoshop.ee\/lv\/wp-json\/wp\/v2\/product_tag?post=245699"}],"curies":[{"name":"wp","href":"https:\/\/api.w.org\/{rel}","templated":true}]}}