{"id":245717,"date":"2025-10-05T15:49:05","date_gmt":"2025-10-05T12:49:05","guid":{"rendered":"https:\/\/ecoshop.ee\/?post_type=product&#038;p=245717"},"modified":"2026-01-24T00:07:56","modified_gmt":"2026-01-23T21:07:56","slug":"daflori-sasmalcinats-seitans-300g","status":"publish","type":"product","link":"https:\/\/ecoshop.ee\/lv\/seitan\/daflori-hakitud-seitan-300g\/","title":{"rendered":"Daflori sasmalcin\u0101ts seit\u0101ns, 300g"},"content":{"rendered":"<p data-start=\"31\" data-end=\"351\">Daflori Sasmalcin\u0101ts seit\u0101ns ir augu izcelsmes olbaltumvielu avots, kas labi sader gandr\u012bz ar jebkuru \u0113dienu! Sasmalcin\u0101ts seit\u0101ns ir sagriezts mazos gabali\u0146os, lai to padar\u012btu daudzpus\u012bgu un viegli lietojamu ikdienas malt\u012bt\u0113s. T\u0101 bl\u012bv\u0101, ga\u013cai l\u012bdz\u012bg\u0101 tekst\u016bra padara to par lielisku sast\u0101vda\u013cu vokpann\u0101 ceptiem \u0113dieniem, saut\u0113jumiem, sviestmaiz\u0113m vai pat veg\u0101niskajai bolonj\u0113zei.<\/p>\n<p data-start=\"353\" data-end=\"468\" data-is-last-node=\"\" data-is-only-node=\"\">Ide\u0101la izv\u0113le tiem, kas mekl\u0113 gardu un barojo\u0161u augu izcelsmes alternat\u012bvu ga\u013cai \u2013 \u013caujiet va\u013cu izt\u0113lei virtuv\u0113!<\/p>\n<p data-start=\"353\" data-end=\"468\" data-is-last-node=\"\" data-is-only-node=\"\">Neatv\u0113rts produkts <strong>var uzglab\u0101t istabas temperat\u016br\u0101.<\/strong><\/p>","protected":false},"excerpt":{"rendered":"<p>Daflori hakitud seitan on taimne valguallikas, mis sobib pea igasse rooga! Hakitud seitan on l\u00f5igatud v\u00e4ikesteks t\u00fckkideks, et muuta see mitmek\u00fclgseks ja&hellip;<\/p>","protected":false},"featured_media":245720,"comment_status":"open","ping_status":"closed","template":"","meta":{"wprm-recipe-roundup-name":"","wprm-recipe-roundup-description":""},"product_brand":[12030],"product_cat":[170,240,155],"product_tag":[166,332,156],"class_list":{"0":"post-245717","1":"product","2":"type-product","3":"status-publish","4":"has-post-thumbnail","6":"product_brand-daflori","7":"product_cat-seitan","8":"product_cat-allahinnatud","9":"product_cat-valguallikad","10":"product_tag-liha","11":"product_tag-seitan-tag","12":"product_tag-valgud","13":"j79_wcxd_expiry_type-best-before","15":"first","16":"outofstock","17":"sale","18":"taxable","19":"shipping-taxable","20":"purchasable","21":"product-type-simple"},"supplier_id":245718,"supplier_sku":"","barcode":"5600378778591","atum_controlled":true,"out_stock_date":"2026-01-24 00:07:55","out_stock_threshold":null,"inheritable":false,"inbound_stock":0,"stock_on_hold":0,"sold_today":0,"sales_last_days":0,"reserved_stock":0,"customer_returns":0,"warehouse_damage":0,"lost_in_post":0,"other_logs":0,"out_stock_days":42,"lost_sales":251,"has_location":false,"update_date":"2026-03-07T01:16:16","atum_locations":[],"atum_stock_status":"outofstock","restock_status":false,"low_stock_amount":"","sales_update_date":"2026-03-07T01:16:16","calc_backorders":null,"aioseo_notices":[],"_links":{"self":[{"href":"https:\/\/ecoshop.ee\/lv\/wp-json\/wp\/v2\/product\/245717","targetHints":{"allow":["GET"]}}],"collection":[{"href":"https:\/\/ecoshop.ee\/lv\/wp-json\/wp\/v2\/product"}],"about":[{"href":"https:\/\/ecoshop.ee\/lv\/wp-json\/wp\/v2\/types\/product"}],"replies":[{"embeddable":true,"href":"https:\/\/ecoshop.ee\/lv\/wp-json\/wp\/v2\/comments?post=245717"}],"version-history":[{"count":0,"href":"https:\/\/ecoshop.ee\/lv\/wp-json\/wp\/v2\/product\/245717\/revisions"}],"wp:featuredmedia":[{"embeddable":true,"href":"https:\/\/ecoshop.ee\/lv\/wp-json\/wp\/v2\/media\/245720"}],"wp:attachment":[{"href":"https:\/\/ecoshop.ee\/lv\/wp-json\/wp\/v2\/media?parent=245717"}],"wp:term":[{"taxonomy":"product_brand","embeddable":true,"href":"https:\/\/ecoshop.ee\/lv\/wp-json\/wp\/v2\/product_brand?post=245717"},{"taxonomy":"product_cat","embeddable":true,"href":"https:\/\/ecoshop.ee\/lv\/wp-json\/wp\/v2\/product_cat?post=245717"},{"taxonomy":"product_tag","embeddable":true,"href":"https:\/\/ecoshop.ee\/lv\/wp-json\/wp\/v2\/product_tag?post=245717"}],"curies":[{"name":"wp","href":"https:\/\/api.w.org\/{rel}","templated":true}]}}