{"id":245768,"date":"2025-10-08T23:01:54","date_gmt":"2025-10-08T20:01:54","guid":{"rendered":"https:\/\/ecoshop.ee\/?post_type=product&#038;p=245768"},"modified":"2026-05-08T11:44:06","modified_gmt":"2026-05-08T08:44:06","slug":"bettr-biologiskais-humusa-maisijums-50g","status":"publish","type":"product","link":"https:\/\/ecoshop.ee\/lv\/kupsetussegud-ja-kuivained\/bettr-mahe-hummuse-segu-50g\/","title":{"rendered":"Bett&#039;r biolo\u0123iskais humusa mais\u012bjums, 50g"},"content":{"rendered":"<p data-start=\"38\" data-end=\"274\">Izbaudiet \u012bstu austrumu klasiku tikai vienas min\u016btes laik\u0101! Bett&#039;r organiskais humusa mais\u012bjums \u013cauj \u0101tri un vienk\u0101r\u0161i pagatavot kr\u0113m\u012bgu un arom\u0101tisku humusu \u2014 vienk\u0101r\u0161i pievienojiet \u016bdeni, ol\u012bve\u013c\u013cu un nedaudz citrona sulas, ja v\u0113laties.<\/p>\n<ul data-start=\"276\" data-end=\"504\">\n<li data-start=\"276\" data-end=\"302\">\n<p data-start=\"278\" data-end=\"302\">Gatavs tikai 1 min\u016btes laik\u0101<\/p>\n<\/li>\n<li data-start=\"303\" data-end=\"376\">\n<p data-start=\"305\" data-end=\"376\">Ori\u0123in\u0101la recepte, ko apstiprin\u0101ju\u0161i \u012bsti humusa cien\u012bt\u0101ji<\/p>\n<\/li>\n<li data-start=\"377\" data-end=\"406\">\n<p data-start=\"379\" data-end=\"406\">Veg\u0101ns un bezglut\u0113na<\/p>\n<\/li>\n<li data-start=\"407\" data-end=\"444\">\n<p data-start=\"409\" data-end=\"444\">Ra\u017eots tikai no organisk\u0101m sast\u0101vda\u013c\u0101m<\/p>\n<\/li>\n<li data-start=\"445\" data-end=\"504\">\n<p data-start=\"447\" data-end=\"504\">Rezult\u0101ts ir z\u012bdains, bag\u0101t\u012bgs un arom\u0101tisks humuss.<\/p>\n<\/li>\n<\/ul>\n<p data-start=\"506\" data-end=\"688\" data-is-last-node=\"\" data-is-only-node=\"\">Lieliska vesel\u012bga uzkoda, kas der k\u0101 d\u0101rze\u0146u m\u0113rc\u012bte, maizes sm\u0113r\u0113jums vai k\u0101 piedeva jebkurai malt\u012btei. Atvieglojiet savu dz\u012bvi un baudiet svaigi pagatavotu humusu jebkur\u0101 laik\u0101!<\/p>","protected":false},"excerpt":{"rendered":"<p>Naudi t\u00f5elist idamaiste maitsete klassikat vaid \u00fche minutiga! Bett\u2019r mahe hummuse segu v\u00f5imaldab sul valmistada kreemja ja maitserohke hummuse kiirelt ja lihtsalt&hellip;<\/p>","protected":false},"featured_media":245769,"comment_status":"open","ping_status":"closed","template":"","meta":{"wprm-recipe-roundup-name":"","wprm-recipe-roundup-description":""},"product_brand":[],"product_cat":[323,325,514,161],"product_tag":[292],"class_list":{"0":"post-245768","1":"product","2":"type-product","3":"status-publish","4":"has-post-thumbnail","6":"product_cat-kupsetussegud-ja-kuivained","7":"product_cat-piimad-ja-maarded","8":"product_cat-hommikusook-ja-granolad","9":"product_cat-sahvrikaubad","10":"product_tag-hummus","11":"j79_wcxd_expiry_type-best-before","13":"first","14":"instock","15":"taxable","16":"shipping-taxable","17":"purchasable","18":"product-type-simple"},"supplier_id":9165,"supplier_sku":"","barcode":"3800233783292","atum_controlled":true,"out_stock_date":null,"out_stock_threshold":null,"inheritable":false,"inbound_stock":0,"stock_on_hold":0,"sold_today":0,"sales_last_days":4,"reserved_stock":0,"customer_returns":0,"warehouse_damage":0,"lost_in_post":0,"other_logs":0,"out_stock_days":0,"lost_sales":0,"has_location":false,"update_date":"2026-05-12T12:37:21","atum_locations":[],"atum_stock_status":"instock","restock_status":false,"low_stock_amount":"","sales_update_date":"2026-05-12T12:37:21","calc_backorders":null,"aioseo_notices":[],"_links":{"self":[{"href":"https:\/\/ecoshop.ee\/lv\/wp-json\/wp\/v2\/product\/245768","targetHints":{"allow":["GET"]}}],"collection":[{"href":"https:\/\/ecoshop.ee\/lv\/wp-json\/wp\/v2\/product"}],"about":[{"href":"https:\/\/ecoshop.ee\/lv\/wp-json\/wp\/v2\/types\/product"}],"replies":[{"embeddable":true,"href":"https:\/\/ecoshop.ee\/lv\/wp-json\/wp\/v2\/comments?post=245768"}],"version-history":[{"count":0,"href":"https:\/\/ecoshop.ee\/lv\/wp-json\/wp\/v2\/product\/245768\/revisions"}],"wp:featuredmedia":[{"embeddable":true,"href":"https:\/\/ecoshop.ee\/lv\/wp-json\/wp\/v2\/media\/245769"}],"wp:attachment":[{"href":"https:\/\/ecoshop.ee\/lv\/wp-json\/wp\/v2\/media?parent=245768"}],"wp:term":[{"taxonomy":"product_brand","embeddable":true,"href":"https:\/\/ecoshop.ee\/lv\/wp-json\/wp\/v2\/product_brand?post=245768"},{"taxonomy":"product_cat","embeddable":true,"href":"https:\/\/ecoshop.ee\/lv\/wp-json\/wp\/v2\/product_cat?post=245768"},{"taxonomy":"product_tag","embeddable":true,"href":"https:\/\/ecoshop.ee\/lv\/wp-json\/wp\/v2\/product_tag?post=245768"}],"curies":[{"name":"wp","href":"https:\/\/api.w.org\/{rel}","templated":true}]}}