{"id":245771,"date":"2025-10-08T23:19:39","date_gmt":"2025-10-08T20:19:39","guid":{"rendered":"https:\/\/ecoshop.ee\/?post_type=product&#038;p=245771"},"modified":"2026-05-07T10:11:17","modified_gmt":"2026-05-07T07:11:17","slug":"bettr-biologiskas-sokolades-mandeles-40g","status":"publish","type":"product","link":"https:\/\/ecoshop.ee\/lv\/kommid\/bettr-sokolaadiga-mandlid-mahe-40g\/","title":{"rendered":"Bett&#039;r \u0161okol\u0101des mandeles, biolo\u0123isk\u0101s, 40g"},"content":{"rendered":"<p data-start=\"45\" data-end=\"326\">Izbaudiet patiesu gar\u0161u harmoniju \u2013 z\u012bdaina tum\u0161\u0101 \u0161okol\u0101de ieskauj krauk\u0161\u0137\u012bgas biolo\u0123isk\u0101s mandeles, radot izsmalcin\u0101tu, bet vienlaikus s\u0101t\u012bgu na\u0161\u0137i jebkur\u0101 mirkl\u012b. Bett&#039;r \u0161okol\u0101des mandeles apvieno augstas kvalit\u0101tes kakao un r\u016bp\u012bgi grauzd\u0113tas mandeles, radot perfektu salduma un riekstain\u012bbas l\u012bdzsvaru.<\/p>\n<p data-start=\"328\" data-end=\"505\">Dab\u012bgi garda, bez lieka cukura un pagatavota tikai no biolo\u0123isk\u0101m sast\u0101vda\u013c\u0101m \u2013 lieliska vesel\u012bga uzkoda, kas piem\u0113rota gan darba dienas uzkodai, gan saldam na\u0161\u0137im.<\/p>","protected":false},"excerpt":{"rendered":"<p>Naudi t\u00f5elist maitsete harmooniat \u2013 siidine tume \u0161okolaad \u00fcmbritseb kr\u00f5bedaid mahemandleid, luues peene ja samas lohutava maiuse igaks hetkeks. Bett\u2019r \u0161okolaadimandlid \u00fchendavad&hellip;<\/p>","protected":false},"featured_media":245772,"comment_status":"open","ping_status":"closed","template":"","meta":{"wprm-recipe-roundup-name":"","wprm-recipe-roundup-description":""},"product_brand":[],"product_cat":[160],"product_tag":[5779,142],"class_list":{"0":"post-245771","1":"product","2":"type-product","3":"status-publish","4":"has-post-thumbnail","6":"product_cat-kommid","7":"product_tag-mandel","8":"product_tag-sokolaad","9":"j79_wcxd_expiry_type-best-before","11":"first","12":"instock","13":"taxable","14":"shipping-taxable","15":"purchasable","16":"product-type-simple"},"supplier_id":9165,"supplier_sku":"","barcode":"3800233680614","atum_controlled":true,"out_stock_date":null,"out_stock_threshold":null,"inheritable":false,"inbound_stock":0,"stock_on_hold":0,"sold_today":1,"sales_last_days":1,"reserved_stock":0,"customer_returns":0,"warehouse_damage":0,"lost_in_post":0,"other_logs":0,"out_stock_days":0,"lost_sales":0,"has_location":false,"update_date":"2026-05-07T18:22:37","atum_locations":[],"atum_stock_status":"instock","restock_status":false,"low_stock_amount":"","sales_update_date":"2026-05-07T18:22:37","calc_backorders":null,"aioseo_notices":[],"_links":{"self":[{"href":"https:\/\/ecoshop.ee\/lv\/wp-json\/wp\/v2\/product\/245771","targetHints":{"allow":["GET"]}}],"collection":[{"href":"https:\/\/ecoshop.ee\/lv\/wp-json\/wp\/v2\/product"}],"about":[{"href":"https:\/\/ecoshop.ee\/lv\/wp-json\/wp\/v2\/types\/product"}],"replies":[{"embeddable":true,"href":"https:\/\/ecoshop.ee\/lv\/wp-json\/wp\/v2\/comments?post=245771"}],"version-history":[{"count":0,"href":"https:\/\/ecoshop.ee\/lv\/wp-json\/wp\/v2\/product\/245771\/revisions"}],"wp:featuredmedia":[{"embeddable":true,"href":"https:\/\/ecoshop.ee\/lv\/wp-json\/wp\/v2\/media\/245772"}],"wp:attachment":[{"href":"https:\/\/ecoshop.ee\/lv\/wp-json\/wp\/v2\/media?parent=245771"}],"wp:term":[{"taxonomy":"product_brand","embeddable":true,"href":"https:\/\/ecoshop.ee\/lv\/wp-json\/wp\/v2\/product_brand?post=245771"},{"taxonomy":"product_cat","embeddable":true,"href":"https:\/\/ecoshop.ee\/lv\/wp-json\/wp\/v2\/product_cat?post=245771"},{"taxonomy":"product_tag","embeddable":true,"href":"https:\/\/ecoshop.ee\/lv\/wp-json\/wp\/v2\/product_tag?post=245771"}],"curies":[{"name":"wp","href":"https:\/\/api.w.org\/{rel}","templated":true}]}}