{"id":245774,"date":"2025-10-09T00:12:04","date_gmt":"2025-10-08T21:12:04","guid":{"rendered":"https:\/\/ecoshop.ee\/?post_type=product&#038;p=245774"},"modified":"2026-05-08T11:44:06","modified_gmt":"2026-05-08T08:44:06","slug":"bettr-bezglutena-pankuku-maisijums-ar-augstu-olbaltumvielu-saturu-biologisks-400-g","status":"publish","type":"product","link":"https:\/\/ecoshop.ee\/lv\/kupsetussegud-ja-kuivained\/bettr-gluteenivaba-proteiinirohke-pannkoogisegu-mahe-400g\/","title":{"rendered":"Bett&#039;r bezglut\u0113na pank\u016bku mais\u012bjums ar augstu olbaltumvielu saturu, 400g"},"content":{"rendered":"<p data-start=\"62\" data-end=\"317\">S\u0101ciet savu dienu vesel\u012bgi un gardi! Bett&#039;r biolo\u0123iskais veg\u0101nu olbaltumviel\u0101m bag\u0101tais pank\u016bku mais\u012bjums padara m\u012bkstu un p\u016bkainu pank\u016bku pagatavo\u0161anu pavisam vienk\u0101r\u0161u \u2013 tikai da\u017eu min\u016b\u0161u laik\u0101 jums b\u016bs olbaltumviel\u0101m bag\u0101tas brokastis, kas dos ener\u0123iju un ilgsto\u0161i uztur\u0113s s\u0101ta saj\u016btu.<\/p>\n<p data-start=\"319\" data-end=\"559\">Pagatavots no r\u016bp\u012bgi atlas\u012bt\u0101m organisk\u0101m augu izcelsmes sast\u0101vda\u013c\u0101m, bez pievienota cukura un piln\u012bgi bez glut\u0113na, tas ir ide\u0101li piem\u0113rots akt\u012bviem cilv\u0113kiem, sportistiem un ikvienam, kur\u0161 nov\u0113rt\u0113 vesel\u012bgu un barojo\u0161u dienas s\u0101kumu.<\/p>\n<ul data-start=\"561\" data-end=\"784\">\n<li data-start=\"561\" data-end=\"584\">\n<p data-start=\"563\" data-end=\"584\">100% biolo\u0123isks un augu izcelsmes<\/p>\n<\/li>\n<li data-start=\"628\" data-end=\"644\">\n<p data-start=\"630\" data-end=\"644\">Bez glut\u0113na<\/p>\n<\/li>\n<li data-start=\"645\" data-end=\"695\">\n<p data-start=\"647\" data-end=\"695\">Bez pievienota cukura, saldumu nodro\u0161ina datumi<\/p>\n<\/li>\n<li data-start=\"696\" data-end=\"751\">\n<p data-start=\"698\" data-end=\"751\">Bez m\u0101ksl\u012bg\u0101m piedev\u0101m vai konservantiem<\/p>\n<\/li>\n<li data-start=\"752\" data-end=\"784\">\n<p data-start=\"754\" data-end=\"784\">Gatavs maz\u0101k nek\u0101 10 min\u016bt\u0113s<\/p>\n<\/li>\n<\/ul>\n<p data-start=\"786\" data-end=\"1147\"><strong data-start=\"786\" data-end=\"803\">Sagatavo\u0161ana:<\/strong><br data-start=\"803\" data-end=\"806\" \/>B\u013cod\u0101 sajauciet pank\u016bku mais\u012bjumu ar 1 litru \u016bdens vai z\u0101\u013cu dz\u0113riena. Saputojiet l\u012bdz gludai masai un \u013caujiet nost\u0101v\u0113ties 5 min\u016btes. Uzkars\u0113jiet nedaudz e\u013c\u013cas pann\u0101 un cepiet mazas (10\u201312 cm) pank\u016bkas, l\u012bdz t\u0101s no ab\u0101m pus\u0113m ir zeltaini br\u016bnas. Pasniedziet ar svaig\u0101m og\u0101m vai iecien\u012bt\u0101kaj\u0101m piedev\u0101m un gar\u0161viel\u0101m.<\/p>","protected":false},"excerpt":{"rendered":"<p>Alusta oma p\u00e4eva tervislikult ja maitsvalt! Bett\u2019r mahe vegan proteiinirohke pannkoogisegu teeb pehmete ja kohevate pannkookide valmistamise imelihtsaks \u2013 vaid m\u00f5ne minutiga&hellip;<\/p>","protected":false},"featured_media":245775,"comment_status":"open","ping_status":"closed","template":"","meta":{"wprm-recipe-roundup-name":"","wprm-recipe-roundup-description":""},"product_brand":[],"product_cat":[323,514,302],"product_tag":[286],"class_list":{"0":"post-245774","1":"product","2":"type-product","3":"status-publish","4":"has-post-thumbnail","6":"product_cat-kupsetussegud-ja-kuivained","7":"product_cat-hommikusook-ja-granolad","8":"product_cat-gluteenivaba","9":"product_tag-pannkoogisegu","10":"j79_wcxd_expiry_type-best-before","12":"first","13":"instock","14":"taxable","15":"shipping-taxable","16":"purchasable","17":"product-type-simple"},"supplier_id":9165,"supplier_sku":"","barcode":"3800233783452","atum_controlled":true,"out_stock_date":null,"out_stock_threshold":null,"inheritable":false,"inbound_stock":0,"stock_on_hold":0,"sold_today":0,"sales_last_days":2,"reserved_stock":0,"customer_returns":0,"warehouse_damage":0,"lost_in_post":0,"other_logs":0,"out_stock_days":0,"lost_sales":0,"has_location":false,"update_date":"2026-05-12T12:37:21","atum_locations":[],"atum_stock_status":"instock","restock_status":true,"low_stock_amount":"","sales_update_date":"2026-05-12T12:37:21","calc_backorders":null,"aioseo_notices":[],"_links":{"self":[{"href":"https:\/\/ecoshop.ee\/lv\/wp-json\/wp\/v2\/product\/245774","targetHints":{"allow":["GET"]}}],"collection":[{"href":"https:\/\/ecoshop.ee\/lv\/wp-json\/wp\/v2\/product"}],"about":[{"href":"https:\/\/ecoshop.ee\/lv\/wp-json\/wp\/v2\/types\/product"}],"replies":[{"embeddable":true,"href":"https:\/\/ecoshop.ee\/lv\/wp-json\/wp\/v2\/comments?post=245774"}],"version-history":[{"count":0,"href":"https:\/\/ecoshop.ee\/lv\/wp-json\/wp\/v2\/product\/245774\/revisions"}],"wp:featuredmedia":[{"embeddable":true,"href":"https:\/\/ecoshop.ee\/lv\/wp-json\/wp\/v2\/media\/245775"}],"wp:attachment":[{"href":"https:\/\/ecoshop.ee\/lv\/wp-json\/wp\/v2\/media?parent=245774"}],"wp:term":[{"taxonomy":"product_brand","embeddable":true,"href":"https:\/\/ecoshop.ee\/lv\/wp-json\/wp\/v2\/product_brand?post=245774"},{"taxonomy":"product_cat","embeddable":true,"href":"https:\/\/ecoshop.ee\/lv\/wp-json\/wp\/v2\/product_cat?post=245774"},{"taxonomy":"product_tag","embeddable":true,"href":"https:\/\/ecoshop.ee\/lv\/wp-json\/wp\/v2\/product_tag?post=245774"}],"curies":[{"name":"wp","href":"https:\/\/api.w.org\/{rel}","templated":true}]}}