{"id":245788,"date":"2025-10-09T20:52:20","date_gmt":"2025-10-09T17:52:20","guid":{"rendered":"https:\/\/ecoshop.ee\/?post_type=product&#038;p=245788"},"modified":"2026-01-22T13:28:23","modified_gmt":"2026-01-22T10:28:23","slug":"bettr-biologisks-bezglutena-bananu-maizes-maisijums-300g","status":"publish","type":"product","link":"https:\/\/ecoshop.ee\/lv\/kupsetussegud-ja-kuivained\/bettr-mahe-gluteenivaba-banaanileiva-segu-300g\/","title":{"rendered":"Bett&#039;r biolo\u0123iskais bezglut\u0113na ban\u0101nu maizes mais\u012bjums, 300g"},"content":{"rendered":"<p data-start=\"56\" data-end=\"327\">Pagatavojiet gardu un p\u016bkainu ban\u0101nu maizi tikai da\u017eu min\u016b\u0161u laik\u0101 ar Bett&#039;r biolo\u0123isko ban\u0101nu maizes mais\u012bjumu \u2014 vesel\u012bgu un sirdsapzi\u0146as p\u0101rmetumus nesaturo\u0161u na\u0161\u0137i visai \u0123imenei. Mais\u012bjums ir 100% veg\u0101ns un bezglut\u0113na, pagatavots no r\u016bp\u012bgi atlas\u012bt\u0101m biolo\u0123isk\u0101m sast\u0101vda\u013c\u0101m bez m\u0101ksl\u012bg\u0101m piedev\u0101m vai rafin\u0113ta cukura.<\/p>\n<ul>\n<li data-start=\"329\" data-end=\"558\">organiskas un dab\u012bgas sast\u0101vda\u013cas<\/li>\n<li data-start=\"329\" data-end=\"558\">bez glut\u0113na un 100% veg\u0101ns<\/li>\n<li data-start=\"329\" data-end=\"558\">nesatur rafin\u0113tu cukuru vai m\u0101ksl\u012bgas piedevas<\/li>\n<li data-start=\"329\" data-end=\"558\">dab\u012bgs saldums no kokosriekstu cukura<\/li>\n<li data-start=\"329\" data-end=\"558\">viegli un \u0101tri pagatavojama \u2013 svaiga ban\u0101nu maize maz\u0101k nek\u0101 stundas laik\u0101<\/li>\n<\/ul>\n<p data-start=\"560\" data-end=\"579\"><strong data-start=\"560\" data-end=\"577\">Sagatavo\u0161ana:<\/strong><\/p>\n<ol data-start=\"580\" data-end=\"1216\">\n<li data-start=\"580\" data-end=\"654\">\n<p data-start=\"583\" data-end=\"654\">Uzkars\u0113 cepe\u0161kr\u0101sni l\u012bdz 165 \u00b0C (ar ventilatoru) vai 180\u2013185 \u00b0C (bez ventilatora).<\/p>\n<\/li>\n<li data-start=\"655\" data-end=\"736\">\n<p data-start=\"658\" data-end=\"736\">Ietaukojiet klaipa formu (10 \u00d7 20 cm vai maks. 12 \u00d7 24 cm) ar e\u013c\u013cu vai p\u0101rkl\u0101jiet ar cepampap\u012bru.<\/p>\n<\/li>\n<li data-start=\"737\" data-end=\"811\">\n<p data-start=\"740\" data-end=\"811\">B\u013cod\u0101 nomizojiet un ar dak\u0161i\u0146u saspaidiet 210 g (apm\u0113ram 2 vid\u0113jus) gatavus ban\u0101nus.<\/p>\n<\/li>\n<li data-start=\"812\" data-end=\"949\">\n<p data-start=\"815\" data-end=\"949\">Pievienojiet 15 ml augu izcelsmes piena vai \u016bdens un 30 ml e\u013c\u013cas vai izkaus\u0113ta augu sviesta.<\/p>\n<\/li>\n<li data-start=\"950\" data-end=\"1023\">\n<p data-start=\"953\" data-end=\"1023\">Ielejiet visu Bett&#039;r ban\u0101nu maizes mais\u012bjumu un samaisiet l\u012bdz gludai masai.<\/p>\n<\/li>\n<li data-start=\"1024\" data-end=\"1123\">\n<p data-start=\"1027\" data-end=\"1123\">Lej m\u012bklu pann\u0101 un cep 50\u201360 min\u016btes, l\u012bdz iedurts koka irbul\u012btis centr\u0101 izn\u0101k t\u012brs.<\/p>\n<\/li>\n<li data-start=\"1124\" data-end=\"1216\">\n<p data-start=\"1127\" data-end=\"1216\">\u013baujiet maizei 10 min\u016btes atdzist pann\u0101, p\u0113c tam iz\u0146emiet to un \u013caujiet piln\u012bb\u0101 atdzist.<\/p>\n<\/li>\n<\/ol>\n<p data-start=\"1218\" data-end=\"1321\" data-is-last-node=\"\" data-is-only-node=\"\">Izbaudiet viegli saldu, sul\u012bgu un m\u0101j\u0101s gatavotu ban\u0101nu maizi brokast\u012bs, uzkod\u0101 vai desert\u0101!<\/p>","protected":false},"excerpt":{"rendered":"<p>Valmista h\u00f5rk ja kohev banaanileib vaid m\u00f5ne minutiga Bett\u2019r maheda banaanileiva seguga \u2013 tervislik ja s\u00fc\u00fcmepiinadeta maius kogu perele. Segu on 100%&hellip;<\/p>","protected":false},"featured_media":245791,"comment_status":"open","ping_status":"closed","template":"","meta":{"wprm-recipe-roundup-name":"","wprm-recipe-roundup-description":""},"product_brand":[],"product_cat":[323,303,302],"product_tag":[296,330],"class_list":{"0":"post-245788","1":"product","2":"type-product","3":"status-publish","4":"has-post-thumbnail","6":"product_cat-kupsetussegud-ja-kuivained","7":"product_cat-mahetooted","8":"product_cat-gluteenivaba","9":"product_tag-gluteenivaba","10":"product_tag-kupsetussegu","11":"j79_wcxd_expiry_type-best-before","13":"first","14":"instock","15":"taxable","16":"shipping-taxable","17":"purchasable","18":"product-type-simple"},"supplier_id":9165,"supplier_sku":"","barcode":"3800233783421","atum_controlled":true,"out_stock_date":null,"out_stock_threshold":null,"inheritable":false,"inbound_stock":0,"stock_on_hold":0,"sold_today":0,"sales_last_days":0,"reserved_stock":0,"customer_returns":0,"warehouse_damage":0,"lost_in_post":0,"other_logs":0,"out_stock_days":0,"lost_sales":0,"has_location":false,"update_date":"2026-04-06T20:01:11","atum_locations":[],"atum_stock_status":"instock","restock_status":false,"low_stock_amount":"","sales_update_date":"2026-04-06T20:01:11","calc_backorders":null,"aioseo_notices":[],"_links":{"self":[{"href":"https:\/\/ecoshop.ee\/lv\/wp-json\/wp\/v2\/product\/245788","targetHints":{"allow":["GET"]}}],"collection":[{"href":"https:\/\/ecoshop.ee\/lv\/wp-json\/wp\/v2\/product"}],"about":[{"href":"https:\/\/ecoshop.ee\/lv\/wp-json\/wp\/v2\/types\/product"}],"replies":[{"embeddable":true,"href":"https:\/\/ecoshop.ee\/lv\/wp-json\/wp\/v2\/comments?post=245788"}],"version-history":[{"count":0,"href":"https:\/\/ecoshop.ee\/lv\/wp-json\/wp\/v2\/product\/245788\/revisions"}],"wp:featuredmedia":[{"embeddable":true,"href":"https:\/\/ecoshop.ee\/lv\/wp-json\/wp\/v2\/media\/245791"}],"wp:attachment":[{"href":"https:\/\/ecoshop.ee\/lv\/wp-json\/wp\/v2\/media?parent=245788"}],"wp:term":[{"taxonomy":"product_brand","embeddable":true,"href":"https:\/\/ecoshop.ee\/lv\/wp-json\/wp\/v2\/product_brand?post=245788"},{"taxonomy":"product_cat","embeddable":true,"href":"https:\/\/ecoshop.ee\/lv\/wp-json\/wp\/v2\/product_cat?post=245788"},{"taxonomy":"product_tag","embeddable":true,"href":"https:\/\/ecoshop.ee\/lv\/wp-json\/wp\/v2\/product_tag?post=245788"}],"curies":[{"name":"wp","href":"https:\/\/api.w.org\/{rel}","templated":true}]}}