{"id":245793,"date":"2025-10-09T21:12:07","date_gmt":"2025-10-09T18:12:07","guid":{"rendered":"https:\/\/ecoshop.ee\/?post_type=product&#038;p=245793"},"modified":"2026-05-11T22:27:08","modified_gmt":"2026-05-11T19:27:08","slug":"daflori-kupinata-vegana-morcella-110g","status":"publish","type":"product","link":"https:\/\/ecoshop.ee\/lv\/seitan\/daflori-suitsutatud-vegan-morcela-110g\/","title":{"rendered":"Daflori k\u016bpin\u0101ts veg\u0101ns \u201cMorcela\u201d, 110g"},"content":{"rendered":"<p data-start=\"33\" data-end=\"327\">K\u016bpin\u0101ta veg\u0101nisk\u0101 morcela ir 100% augu izcelsmes alternat\u012bva tradicion\u0101lajai asinsdesai, pied\u0101v\u0101jot t\u0101du pa\u0161u dzi\u013cu un bag\u0101t\u012bgu gar\u0161u, bet \u0113tisk\u0101 un gard\u0101 veid\u0101. Pagatavota no augu izcelsmes sast\u0101vda\u013c\u0101m un papildin\u0101ta ar r\u016bp\u012bgi atlas\u012bt\u0101m gar\u0161viel\u0101m, lai pan\u0101ktu autentisku un at\u0161\u0137ir\u012bgu gar\u0161u.<\/p>\n<p data-start=\"329\" data-end=\"443\" data-is-last-node=\"\" data-is-only-node=\"\">Lieliski piem\u0113rots gril\u0113\u0161anai, cep\u0161anai cepe\u0161kr\u0101sn\u012b vai \u012bpa\u0161as gar\u0161as pie\u0161\u0137ir\u0161anai tradicion\u0101liem \u0113dieniem.<\/p>\n<p data-start=\"329\" data-end=\"443\" data-is-last-node=\"\" data-is-only-node=\"\">Neatv\u0113rts produkts\u00a0<strong>var uzglab\u0101t istabas temperat\u016br\u0101.<\/strong><\/p>","protected":false},"excerpt":{"rendered":"<p>K\u016bpin\u0101ta veg\u0101na morcela ir 100% augu izcelsmes alternat\u012bva tradicion\u0101lajai asinsdesai, pied\u0101v\u0101jot t\u0101du pa\u0161u dzi\u013cu un bag\u0101t\u012bgu gar\u0161u, bet \u0113tisk\u0101 un gard\u0101 veid\u0101. Pagatavota no augu izcelsmes\u2026<\/p>","protected":false},"featured_media":245795,"comment_status":"open","ping_status":"closed","template":"","meta":{"wprm-recipe-roundup-name":"","wprm-recipe-roundup-description":""},"product_brand":[12030],"product_cat":[170,240,155],"product_tag":[166,299],"class_list":{"0":"post-245793","1":"product","2":"type-product","3":"status-publish","4":"has-post-thumbnail","6":"product_brand-daflori","7":"product_cat-seitan","8":"product_cat-allahinnatud","9":"product_cat-valguallikad","10":"product_tag-liha","11":"product_tag-vorst","12":"j79_wcxd_expiry_type-best-before","14":"first","15":"instock","16":"sale","17":"taxable","18":"shipping-taxable","19":"purchasable","20":"product-type-simple"},"supplier_id":245718,"supplier_sku":"","barcode":"5600378778560","atum_controlled":true,"out_stock_date":null,"out_stock_threshold":null,"inheritable":false,"inbound_stock":0,"stock_on_hold":0,"sold_today":0,"sales_last_days":2,"reserved_stock":0,"customer_returns":0,"warehouse_damage":0,"lost_in_post":0,"other_logs":0,"out_stock_days":0,"lost_sales":0,"has_location":false,"update_date":"2026-05-13T15:06:55","atum_locations":[],"atum_stock_status":"instock","restock_status":false,"low_stock_amount":"","sales_update_date":"2026-05-13T15:06:55","calc_backorders":null,"aioseo_notices":[],"_links":{"self":[{"href":"https:\/\/ecoshop.ee\/lv\/wp-json\/wp\/v2\/product\/245793","targetHints":{"allow":["GET"]}}],"collection":[{"href":"https:\/\/ecoshop.ee\/lv\/wp-json\/wp\/v2\/product"}],"about":[{"href":"https:\/\/ecoshop.ee\/lv\/wp-json\/wp\/v2\/types\/product"}],"replies":[{"embeddable":true,"href":"https:\/\/ecoshop.ee\/lv\/wp-json\/wp\/v2\/comments?post=245793"}],"version-history":[{"count":0,"href":"https:\/\/ecoshop.ee\/lv\/wp-json\/wp\/v2\/product\/245793\/revisions"}],"wp:featuredmedia":[{"embeddable":true,"href":"https:\/\/ecoshop.ee\/lv\/wp-json\/wp\/v2\/media\/245795"}],"wp:attachment":[{"href":"https:\/\/ecoshop.ee\/lv\/wp-json\/wp\/v2\/media?parent=245793"}],"wp:term":[{"taxonomy":"product_brand","embeddable":true,"href":"https:\/\/ecoshop.ee\/lv\/wp-json\/wp\/v2\/product_brand?post=245793"},{"taxonomy":"product_cat","embeddable":true,"href":"https:\/\/ecoshop.ee\/lv\/wp-json\/wp\/v2\/product_cat?post=245793"},{"taxonomy":"product_tag","embeddable":true,"href":"https:\/\/ecoshop.ee\/lv\/wp-json\/wp\/v2\/product_tag?post=245793"}],"curies":[{"name":"wp","href":"https:\/\/api.w.org\/{rel}","templated":true}]}}