{"id":245802,"date":"2025-10-09T22:11:52","date_gmt":"2025-10-09T19:11:52","guid":{"rendered":"https:\/\/ecoshop.ee\/?post_type=product&#038;p=245802"},"modified":"2026-05-11T22:27:08","modified_gmt":"2026-05-11T19:27:08","slug":"daflori-sasmalcinats-seitans-ar-darzeniem-200g","status":"publish","type":"product","link":"https:\/\/ecoshop.ee\/lv\/seitan\/daflori-hakitud-seitan-koogiviljadega-200g\/","title":{"rendered":"Daflori sasmalcin\u0101ts seit\u0101ns ar d\u0101rze\u0146iem, 200g"},"content":{"rendered":"<p data-start=\"37\" data-end=\"320\">Sasmalcin\u0101ts seit\u0101ns ar d\u0101rze\u0146iem ir gards kvie\u0161u glut\u0113na seit\u0101na gabali\u0146u un svaigu d\u0101rze\u0146u, piem\u0113ram, puravu, tom\u0101tu un s\u012bpolu, mais\u012bjums. 100% Augu izcelsmes, barojo\u0161a un daudzpus\u012bga alternat\u012bva, kas ir lieliski piem\u0113rota \u0101trai cep\u0161anai vokpann\u0101, pild\u012bjumiem vai gard\u0101m ikdienas malt\u012bt\u0113m.<\/p>\n<p data-start=\"322\" data-end=\"427\" data-is-last-node=\"\" data-is-only-node=\"\">Gatavs pievieno\u0161anai pannai vai m\u0113rc\u0113m \u2014 vienk\u0101r\u0161s veids, k\u0101 ikdienas \u0113dieniem pievienot olbaltumvielas un gar\u0161u.<\/p>\n<p data-start=\"322\" data-end=\"427\" data-is-last-node=\"\" data-is-only-node=\"\">Neatv\u0113rts produkts\u00a0<strong>var uzglab\u0101t istabas temperat\u016br\u0101.<\/strong><\/p>","protected":false},"excerpt":{"rendered":"<p>Hakitud seitan k\u00f6\u00f6giviljadega on maitsev segu nisugluteenist valmistatud seitanit\u00fckkidest ja v\u00e4rsketest k\u00f6\u00f6giviljadest, nagu porrulauk, tomat ja sibul. 100% taimne, toitev ja mitmek\u00fclgne&hellip;<\/p>","protected":false},"featured_media":245803,"comment_status":"open","ping_status":"closed","template":"","meta":{"wprm-recipe-roundup-name":"","wprm-recipe-roundup-description":""},"product_brand":[12030],"product_cat":[170,240,155],"product_tag":[166,332],"class_list":{"0":"post-245802","1":"product","2":"type-product","3":"status-publish","4":"has-post-thumbnail","6":"product_brand-daflori","7":"product_cat-seitan","8":"product_cat-allahinnatud","9":"product_cat-valguallikad","10":"product_tag-liha","11":"product_tag-seitan-tag","12":"j79_wcxd_expiry_type-best-before","14":"first","15":"instock","16":"sale","17":"taxable","18":"shipping-taxable","19":"purchasable","20":"product-type-simple"},"supplier_id":245718,"supplier_sku":"","barcode":"5600378778874","atum_controlled":true,"out_stock_date":null,"out_stock_threshold":null,"inheritable":false,"inbound_stock":0,"stock_on_hold":0,"sold_today":0,"sales_last_days":6,"reserved_stock":0,"customer_returns":0,"warehouse_damage":0,"lost_in_post":0,"other_logs":0,"out_stock_days":0,"lost_sales":0,"has_location":false,"update_date":"2026-05-13T15:06:55","atum_locations":[],"atum_stock_status":"instock","restock_status":false,"low_stock_amount":"","sales_update_date":"2026-05-13T15:06:55","calc_backorders":null,"aioseo_notices":[],"_links":{"self":[{"href":"https:\/\/ecoshop.ee\/lv\/wp-json\/wp\/v2\/product\/245802","targetHints":{"allow":["GET"]}}],"collection":[{"href":"https:\/\/ecoshop.ee\/lv\/wp-json\/wp\/v2\/product"}],"about":[{"href":"https:\/\/ecoshop.ee\/lv\/wp-json\/wp\/v2\/types\/product"}],"replies":[{"embeddable":true,"href":"https:\/\/ecoshop.ee\/lv\/wp-json\/wp\/v2\/comments?post=245802"}],"version-history":[{"count":1,"href":"https:\/\/ecoshop.ee\/lv\/wp-json\/wp\/v2\/product\/245802\/revisions"}],"predecessor-version":[{"id":396036,"href":"https:\/\/ecoshop.ee\/lv\/wp-json\/wp\/v2\/product\/245802\/revisions\/396036"}],"wp:featuredmedia":[{"embeddable":true,"href":"https:\/\/ecoshop.ee\/lv\/wp-json\/wp\/v2\/media\/245803"}],"wp:attachment":[{"href":"https:\/\/ecoshop.ee\/lv\/wp-json\/wp\/v2\/media?parent=245802"}],"wp:term":[{"taxonomy":"product_brand","embeddable":true,"href":"https:\/\/ecoshop.ee\/lv\/wp-json\/wp\/v2\/product_brand?post=245802"},{"taxonomy":"product_cat","embeddable":true,"href":"https:\/\/ecoshop.ee\/lv\/wp-json\/wp\/v2\/product_cat?post=245802"},{"taxonomy":"product_tag","embeddable":true,"href":"https:\/\/ecoshop.ee\/lv\/wp-json\/wp\/v2\/product_tag?post=245802"}],"curies":[{"name":"wp","href":"https:\/\/api.w.org\/{rel}","templated":true}]}}