{"id":245811,"date":"2025-10-09T22:46:43","date_gmt":"2025-10-09T19:46:43","guid":{"rendered":"https:\/\/ecoshop.ee\/?post_type=product&#038;p=245811"},"modified":"2026-05-11T22:27:08","modified_gmt":"2026-05-11T19:27:08","slug":"daflori-kurkumas-tofu-200g","status":"publish","type":"product","link":"https:\/\/ecoshop.ee\/lv\/tofu\/daflori-kurkumi-tofu-200g\/","title":{"rendered":"Daflori kurkumas tofu, 200g"},"content":{"rendered":"<p data-start=\"20\" data-end=\"258\">Kurkumas tofu apvieno augu izcelsmes olbaltumvielu un pikanta super\u0113diena priek\u0161roc\u012bbas vien\u0101 gard\u0101 kombin\u0101cij\u0101. Kurkuma pie\u0161\u0137ir tofu zeltainu kr\u0101su, maigu arom\u0101tu un viegli maigu gar\u0161u, vienlaikus t\u0101 ir paz\u012bstama ar\u012b ar sav\u0101m pretiekaisuma un antioksidanta \u012bpa\u0161\u012bb\u0101m.<\/p>\n<p data-start=\"260\" data-end=\"534\" data-is-last-node=\"\" data-is-only-node=\"\">\u0160is barojo\u0161ais un daudzpus\u012bgais olbaltumvielu avots ir lieliski piem\u0113rots gril\u0113\u0161anai, cep\u0161anai cepe\u0161kr\u0101sn\u012b, cep\u0161anai cepe\u0161kr\u0101sn\u012b vai sal\u0101tu un vokpann\u0101 gatavotu \u0113dienu uzlabo\u0161anai. Kurkumas tofu pie\u0161\u0137ir jebkuram \u0113dienam siltumu, kr\u0101su un vesel\u012bgu dz\u012bvesprieku \u2013 lieliska izv\u0113le sabalans\u0113tam augu izcelsmes uzturam.<\/p>\n<p data-start=\"280\" data-end=\"439\" data-is-last-node=\"\" data-is-only-node=\"\">Neatv\u0113rts produkts\u00a0<strong>var uzglab\u0101t istabas temperat\u016br\u0101.<\/strong><\/p>","protected":false},"excerpt":{"rendered":"<p>Kurkumi tofu \u00fchendab taimse valgu ja v\u00fcrtsika supertoidu eelised \u00fches maitsvas koosluses. Kurkum annab tofu kuldse v\u00e4rvuse, \u00f5rna aroomi ja kergelt maheda&hellip;<\/p>","protected":false},"featured_media":245812,"comment_status":"open","ping_status":"closed","template":"","meta":{"wprm-recipe-roundup-name":"","wprm-recipe-roundup-description":""},"product_brand":[12030],"product_cat":[379,240,155],"product_tag":[277,5781],"class_list":{"0":"post-245811","1":"product","2":"type-product","3":"status-publish","4":"has-post-thumbnail","6":"product_brand-daflori","7":"product_cat-tofu","8":"product_cat-allahinnatud","9":"product_cat-valguallikad","10":"product_tag-kurkum","11":"product_tag-tofu","12":"j79_wcxd_expiry_type-best-before","14":"first","15":"instock","16":"sale","17":"taxable","18":"shipping-taxable","19":"purchasable","20":"product-type-simple"},"supplier_id":245718,"supplier_sku":"","barcode":"5600378778355","atum_controlled":true,"out_stock_date":null,"out_stock_threshold":null,"inheritable":false,"inbound_stock":0,"stock_on_hold":0,"sold_today":0,"sales_last_days":5,"reserved_stock":0,"customer_returns":0,"warehouse_damage":0,"lost_in_post":0,"other_logs":0,"out_stock_days":0,"lost_sales":0,"has_location":false,"update_date":"2026-05-13T15:06:55","atum_locations":[],"atum_stock_status":"instock","restock_status":false,"low_stock_amount":"","sales_update_date":"2026-05-13T15:06:55","calc_backorders":null,"aioseo_notices":[],"_links":{"self":[{"href":"https:\/\/ecoshop.ee\/lv\/wp-json\/wp\/v2\/product\/245811","targetHints":{"allow":["GET"]}}],"collection":[{"href":"https:\/\/ecoshop.ee\/lv\/wp-json\/wp\/v2\/product"}],"about":[{"href":"https:\/\/ecoshop.ee\/lv\/wp-json\/wp\/v2\/types\/product"}],"replies":[{"embeddable":true,"href":"https:\/\/ecoshop.ee\/lv\/wp-json\/wp\/v2\/comments?post=245811"}],"version-history":[{"count":2,"href":"https:\/\/ecoshop.ee\/lv\/wp-json\/wp\/v2\/product\/245811\/revisions"}],"predecessor-version":[{"id":396038,"href":"https:\/\/ecoshop.ee\/lv\/wp-json\/wp\/v2\/product\/245811\/revisions\/396038"}],"wp:featuredmedia":[{"embeddable":true,"href":"https:\/\/ecoshop.ee\/lv\/wp-json\/wp\/v2\/media\/245812"}],"wp:attachment":[{"href":"https:\/\/ecoshop.ee\/lv\/wp-json\/wp\/v2\/media?parent=245811"}],"wp:term":[{"taxonomy":"product_brand","embeddable":true,"href":"https:\/\/ecoshop.ee\/lv\/wp-json\/wp\/v2\/product_brand?post=245811"},{"taxonomy":"product_cat","embeddable":true,"href":"https:\/\/ecoshop.ee\/lv\/wp-json\/wp\/v2\/product_cat?post=245811"},{"taxonomy":"product_tag","embeddable":true,"href":"https:\/\/ecoshop.ee\/lv\/wp-json\/wp\/v2\/product_tag?post=245811"}],"curies":[{"name":"wp","href":"https:\/\/api.w.org\/{rel}","templated":true}]}}