{"id":245814,"date":"2025-10-09T22:55:41","date_gmt":"2025-10-09T19:55:41","guid":{"rendered":"https:\/\/ecoshop.ee\/?post_type=product&#038;p=245814"},"modified":"2026-05-11T22:27:08","modified_gmt":"2026-05-11T19:27:08","slug":"daflori-kupinats-tofu-200g","status":"publish","type":"product","link":"https:\/\/ecoshop.ee\/lv\/tofu\/daflori-suitsutatud-tofu-200g\/","title":{"rendered":"Daflori k\u016bpin\u0101ts tofu, 200g"},"content":{"rendered":"<p data-start=\"24\" data-end=\"281\">K\u016bpin\u0101ts tofu ir garda augu valsts alternat\u012bva ar bag\u0101t\u012bgu gar\u0161u un pat\u012bkamu d\u016bmu arom\u0101tu. Pateicoties tradicion\u0101lajam k\u016bpin\u0101\u0161anas procesam, tofu ieg\u016bst stingr\u0101ku tekst\u016bru un unik\u0101lu gar\u0161u, kas ir lieliski piem\u0113rota gan aukstiem, gan karstiem \u0113dieniem.<\/p>\n<p data-start=\"283\" data-end=\"492\" data-is-last-node=\"\" data-is-only-node=\"\">K\u016bpin\u0101ts tofu, kas ir lieliski piem\u0113rots sal\u0101tiem, makaronu \u0113dieniem, ceptiem d\u0101rze\u0146iem vai sviestmaiz\u0113m, ir vesel\u012bga un olbaltumviel\u0101m bag\u0101ta ga\u013cas alternat\u012bva, ienesot j\u016bsu uztur\u0101 gardu daudzveid\u012bbu un s\u0101t\u012bgumu.<\/p>\n<p data-start=\"283\" data-end=\"492\" data-is-last-node=\"\" data-is-only-node=\"\">Neatv\u0113rts produkts\u00a0<strong>var uzglab\u0101t istabas temperat\u016br\u0101.<\/strong><\/p>","protected":false},"excerpt":{"rendered":"<p>Suitsutatud tofu on maitsev taimne valik, millel on rikkalik maitse ja h\u00f5rk suitsune aroom. T\u00e4nu traditsioonilisele suitsutamisprotsessile omandab tofu tihkema tekstuuri ja&hellip;<\/p>","protected":false},"featured_media":245815,"comment_status":"open","ping_status":"closed","template":"","meta":{"wprm-recipe-roundup-name":"","wprm-recipe-roundup-description":""},"product_brand":[12030],"product_cat":[379,240],"product_tag":[5781],"class_list":{"0":"post-245814","1":"product","2":"type-product","3":"status-publish","4":"has-post-thumbnail","6":"product_brand-daflori","7":"product_cat-tofu","8":"product_cat-allahinnatud","9":"product_tag-tofu","10":"j79_wcxd_expiry_type-best-before","12":"first","13":"instock","14":"sale","15":"taxable","16":"shipping-taxable","17":"purchasable","18":"product-type-simple"},"supplier_id":245718,"supplier_sku":"","barcode":"5600378778232","atum_controlled":true,"out_stock_date":null,"out_stock_threshold":null,"inheritable":false,"inbound_stock":0,"stock_on_hold":0,"sold_today":0,"sales_last_days":5,"reserved_stock":0,"customer_returns":0,"warehouse_damage":0,"lost_in_post":0,"other_logs":0,"out_stock_days":0,"lost_sales":0,"has_location":false,"update_date":"2026-05-13T15:06:55","atum_locations":[],"atum_stock_status":"instock","restock_status":false,"low_stock_amount":"","sales_update_date":"2026-05-13T15:06:55","calc_backorders":null,"aioseo_notices":[],"_links":{"self":[{"href":"https:\/\/ecoshop.ee\/lv\/wp-json\/wp\/v2\/product\/245814","targetHints":{"allow":["GET"]}}],"collection":[{"href":"https:\/\/ecoshop.ee\/lv\/wp-json\/wp\/v2\/product"}],"about":[{"href":"https:\/\/ecoshop.ee\/lv\/wp-json\/wp\/v2\/types\/product"}],"replies":[{"embeddable":true,"href":"https:\/\/ecoshop.ee\/lv\/wp-json\/wp\/v2\/comments?post=245814"}],"version-history":[{"count":0,"href":"https:\/\/ecoshop.ee\/lv\/wp-json\/wp\/v2\/product\/245814\/revisions"}],"wp:featuredmedia":[{"embeddable":true,"href":"https:\/\/ecoshop.ee\/lv\/wp-json\/wp\/v2\/media\/245815"}],"wp:attachment":[{"href":"https:\/\/ecoshop.ee\/lv\/wp-json\/wp\/v2\/media?parent=245814"}],"wp:term":[{"taxonomy":"product_brand","embeddable":true,"href":"https:\/\/ecoshop.ee\/lv\/wp-json\/wp\/v2\/product_brand?post=245814"},{"taxonomy":"product_cat","embeddable":true,"href":"https:\/\/ecoshop.ee\/lv\/wp-json\/wp\/v2\/product_cat?post=245814"},{"taxonomy":"product_tag","embeddable":true,"href":"https:\/\/ecoshop.ee\/lv\/wp-json\/wp\/v2\/product_tag?post=245814"}],"curies":[{"name":"wp","href":"https:\/\/api.w.org\/{rel}","templated":true}]}}