{"id":245831,"date":"2025-10-10T22:28:32","date_gmt":"2025-10-10T19:28:32","guid":{"rendered":"https:\/\/ecoshop.ee\/?post_type=product&#038;p=245831"},"modified":"2026-05-11T22:27:08","modified_gmt":"2026-05-11T19:27:08","slug":"daflori-kupinata-vegana-corizo-110g","status":"publish","type":"product","link":"https:\/\/ecoshop.ee\/lv\/seitan\/daflori-suitsutatud-vegan-chorizo-110g\/","title":{"rendered":"Daflori k\u016bpin\u0101ta veg\u0101na chorizo desa, 110g"},"content":{"rendered":"<p data-start=\"33\" data-end=\"287\">K\u016bpin\u0101ta veg\u0101na \u010dorizo desa j\u016bsu \u0161\u0137\u012bv\u012b ienes sp\u0101\u0146u virtuvei rakstur\u012bgo asumi\u0146u un dzi\u013cumu augu izcelsmes form\u0101. T\u0101s bag\u0101t\u012bg\u0101 un viegli pikant\u0101 gar\u0161a tiek pan\u0101kta ar r\u016bp\u012bgi sabalans\u0113tu gar\u0161vielu mais\u012bjumu, radot autentisku \u010dorizo pieredzi bez ga\u013cas.<\/p>\n<p data-start=\"289\" data-end=\"502\" data-is-last-node=\"\" data-is-only-node=\"\">T\u0101 bag\u0101t\u012bg\u0101 tekst\u016bra padara to ide\u0101li piem\u0113rotu gril\u0113\u0161anai, saut\u0113jumiem vai sviestmaiz\u0113m. Garda, olbaltumviel\u0101m bag\u0101ta un \u0113tiska izv\u0113le, kas jebkuram \u0113dienam pie\u0161\u0137ir siltumu, kr\u0101su un Vidusj\u016bras noska\u0146u.<\/p>\n<p data-start=\"326\" data-end=\"538\" data-is-last-node=\"\" data-is-only-node=\"\">Neatv\u0113rts produkts\u00a0<strong>var uzglab\u0101t istabas temperat\u016br\u0101.<\/strong><\/p>","protected":false},"excerpt":{"rendered":"<p>K\u016bpin\u0101ta veg\u0101na \u010dorizo desa j\u016bsu \u0161\u0137\u012bv\u012b ienes sp\u0101\u0146u virtuvei rakstur\u012bgo asumi\u0146u un dzi\u013cumu augu izcelsmes form\u0101. T\u0101s bag\u0101t\u012bg\u0101 un viegli pikant\u0101 gar\u0161a tiek pan\u0101kta\u2026<\/p>","protected":false},"featured_media":245832,"comment_status":"open","ping_status":"closed","template":"","meta":{"wprm-recipe-roundup-name":"","wprm-recipe-roundup-description":""},"product_brand":[12030],"product_cat":[170,240,155],"product_tag":[166,299],"class_list":{"0":"post-245831","1":"product","2":"type-product","3":"status-publish","4":"has-post-thumbnail","6":"product_brand-daflori","7":"product_cat-seitan","8":"product_cat-allahinnatud","9":"product_cat-valguallikad","10":"product_tag-liha","11":"product_tag-vorst","12":"j79_wcxd_expiry_type-best-before","14":"first","15":"instock","16":"sale","17":"taxable","18":"shipping-taxable","19":"purchasable","20":"product-type-simple"},"supplier_id":245718,"supplier_sku":"","barcode":"5600378778546","atum_controlled":true,"out_stock_date":null,"out_stock_threshold":null,"inheritable":false,"inbound_stock":0,"stock_on_hold":0,"sold_today":0,"sales_last_days":2,"reserved_stock":0,"customer_returns":0,"warehouse_damage":0,"lost_in_post":0,"other_logs":0,"out_stock_days":0,"lost_sales":0,"has_location":false,"update_date":"2026-05-13T15:06:55","atum_locations":[],"atum_stock_status":"instock","restock_status":false,"low_stock_amount":"","sales_update_date":"2026-05-13T15:06:55","calc_backorders":null,"aioseo_notices":[],"_links":{"self":[{"href":"https:\/\/ecoshop.ee\/lv\/wp-json\/wp\/v2\/product\/245831","targetHints":{"allow":["GET"]}}],"collection":[{"href":"https:\/\/ecoshop.ee\/lv\/wp-json\/wp\/v2\/product"}],"about":[{"href":"https:\/\/ecoshop.ee\/lv\/wp-json\/wp\/v2\/types\/product"}],"replies":[{"embeddable":true,"href":"https:\/\/ecoshop.ee\/lv\/wp-json\/wp\/v2\/comments?post=245831"}],"version-history":[{"count":1,"href":"https:\/\/ecoshop.ee\/lv\/wp-json\/wp\/v2\/product\/245831\/revisions"}],"predecessor-version":[{"id":396035,"href":"https:\/\/ecoshop.ee\/lv\/wp-json\/wp\/v2\/product\/245831\/revisions\/396035"}],"wp:featuredmedia":[{"embeddable":true,"href":"https:\/\/ecoshop.ee\/lv\/wp-json\/wp\/v2\/media\/245832"}],"wp:attachment":[{"href":"https:\/\/ecoshop.ee\/lv\/wp-json\/wp\/v2\/media?parent=245831"}],"wp:term":[{"taxonomy":"product_brand","embeddable":true,"href":"https:\/\/ecoshop.ee\/lv\/wp-json\/wp\/v2\/product_brand?post=245831"},{"taxonomy":"product_cat","embeddable":true,"href":"https:\/\/ecoshop.ee\/lv\/wp-json\/wp\/v2\/product_cat?post=245831"},{"taxonomy":"product_tag","embeddable":true,"href":"https:\/\/ecoshop.ee\/lv\/wp-json\/wp\/v2\/product_tag?post=245831"}],"curies":[{"name":"wp","href":"https:\/\/api.w.org\/{rel}","templated":true}]}}