{"id":245859,"date":"2025-10-16T20:45:35","date_gmt":"2025-10-16T17:45:35","guid":{"rendered":"https:\/\/ecoshop.ee\/?post_type=product&#038;p=245859"},"modified":"2026-05-15T03:00:02","modified_gmt":"2026-05-15T00:00:02","slug":"alnatura-vegana-sokolade-ar-kokosriekstu-garsu-100g","status":"publish","type":"product","link":"https:\/\/ecoshop.ee\/lv\/sokolaadid\/alnatura-kookosemaitseline-vegan-sokolaad-100g\/","title":{"rendered":"Alnatura veg\u0101na \u0161okol\u0101de ar kokosriekstu gar\u0161u, 100g"},"content":{"rendered":"<p>Eksotisks k\u0101rums, kas apvieno kokosriekstu un maigas karameles arom\u0101tunoodi. \u0160okol\u0101des galven\u0101s sast\u0101vda\u013cas ir kokosriekstu palmu cukurs, kokosriekstu masa un kakao sviests, ko papildina krauk\u0161\u0137\u012bgas kokosriekstu skaidi\u0146as. Rad\u012bts bez lecit\u012bna, tikai no augu izcelsmes sast\u0101vda\u013c\u0101m no biolo\u0123isk\u0101s lauksaimniec\u012bbas.<\/p>","protected":false},"excerpt":{"rendered":"<p>Eksootiline maius, mis \u00fchendab endas kookose h\u00f5ngu ja \u00f5rna karamellinoodi. \u0160okolaadi p\u00f5hikomponendid on kookospalmisuhkur, kookosmass ja kakaov\u00f5i, mida t\u00e4iendavad kr\u00f5bedad kookoshelbed. Loodud&hellip;<\/p>","protected":false},"featured_media":245860,"comment_status":"open","ping_status":"closed","template":"","meta":{"wprm-recipe-roundup-name":"","wprm-recipe-roundup-description":""},"product_brand":[12001],"product_cat":[141,303],"product_tag":[7997,142],"class_list":{"0":"post-245859","1":"product","2":"type-product","3":"status-publish","4":"has-post-thumbnail","6":"product_brand-alnatura","7":"product_cat-sokolaadid","8":"product_cat-mahetooted","9":"product_tag-kookos","10":"product_tag-sokolaad","11":"j79_wcxd_expiry_type-best-before","13":"first","14":"outofstock","15":"taxable","16":"shipping-taxable","17":"purchasable","18":"product-type-simple"},"supplier_id":9158,"supplier_sku":"","barcode":"4104420222687","atum_controlled":true,"out_stock_date":null,"out_stock_threshold":null,"inheritable":false,"inbound_stock":0,"stock_on_hold":0,"sold_today":0,"sales_last_days":1,"reserved_stock":0,"customer_returns":0,"warehouse_damage":0,"lost_in_post":0,"other_logs":0,"out_stock_days":0,"lost_sales":0,"has_location":false,"update_date":"2026-03-24T20:56:39","atum_locations":[],"atum_stock_status":"instock","restock_status":true,"low_stock_amount":"","sales_update_date":"2026-03-24T20:56:39","calc_backorders":null,"aioseo_notices":[],"_links":{"self":[{"href":"https:\/\/ecoshop.ee\/lv\/wp-json\/wp\/v2\/product\/245859","targetHints":{"allow":["GET"]}}],"collection":[{"href":"https:\/\/ecoshop.ee\/lv\/wp-json\/wp\/v2\/product"}],"about":[{"href":"https:\/\/ecoshop.ee\/lv\/wp-json\/wp\/v2\/types\/product"}],"replies":[{"embeddable":true,"href":"https:\/\/ecoshop.ee\/lv\/wp-json\/wp\/v2\/comments?post=245859"}],"version-history":[{"count":0,"href":"https:\/\/ecoshop.ee\/lv\/wp-json\/wp\/v2\/product\/245859\/revisions"}],"wp:featuredmedia":[{"embeddable":true,"href":"https:\/\/ecoshop.ee\/lv\/wp-json\/wp\/v2\/media\/245860"}],"wp:attachment":[{"href":"https:\/\/ecoshop.ee\/lv\/wp-json\/wp\/v2\/media?parent=245859"}],"wp:term":[{"taxonomy":"product_brand","embeddable":true,"href":"https:\/\/ecoshop.ee\/lv\/wp-json\/wp\/v2\/product_brand?post=245859"},{"taxonomy":"product_cat","embeddable":true,"href":"https:\/\/ecoshop.ee\/lv\/wp-json\/wp\/v2\/product_cat?post=245859"},{"taxonomy":"product_tag","embeddable":true,"href":"https:\/\/ecoshop.ee\/lv\/wp-json\/wp\/v2\/product_tag?post=245859"}],"curies":[{"name":"wp","href":"https:\/\/api.w.org\/{rel}","templated":true}]}}