{"id":246225,"date":"2025-11-12T14:12:37","date_gmt":"2025-11-12T11:12:37","guid":{"rendered":"https:\/\/ecoshop.ee\/?post_type=product&#038;p=246225"},"modified":"2026-04-03T22:27:34","modified_gmt":"2026-04-03T19:27:34","slug":"vantastic-biologisks-tofu-ar-tomatiem-un-olivam-200g","status":"publish","type":"product","link":"https:\/\/ecoshop.ee\/lv\/tofu\/vantastic-tofu-tomati-ja-oliividega-mahe-200g\/","title":{"rendered":"Vantastic tofu ar tom\u0101tiem un ol\u012bv\u0101m, biolo\u0123isks, 200g"},"content":{"rendered":"<p data-start=\"72\" data-end=\"397\">\u0160is tofu apvieno Vidusj\u016bras sauli un gar\u0161augus \u2013 viegli s\u0101\u013c\u0101s ol\u012bvas, nogatavoju\u0161ies \u017e\u0101v\u0113ti tom\u0101ti un r\u016bp\u012bgi atlas\u012bti gar\u0161augi pie\u0161\u0137ir tam bag\u0101t\u012bgu un sabalans\u0113tu gar\u0161u. Pagatavots tikai no augu izcelsmes sast\u0101vda\u013c\u0101m un biolo\u0123isk\u0101m sast\u0101vda\u013c\u0101m, tas ir lieliska izv\u0113le tiem, kas nov\u0113rt\u0113 t\u012bru un autentisku \u0113diena pieredzi.<\/p>\n<p data-start=\"399\" data-end=\"416\"><strong data-start=\"399\" data-end=\"414\">Izbaudiet \u0161o:<\/strong><\/p>\n<ul data-start=\"417\" data-end=\"586\">\n<li data-start=\"417\" data-end=\"464\">\n<p data-start=\"419\" data-end=\"464\">sasmalcin\u0101ts sal\u0101tos vai uz antipasti \u0161\u0137\u012bvja<\/p>\n<\/li>\n<li data-start=\"465\" data-end=\"525\">\n<p data-start=\"467\" data-end=\"525\">viegli apcepts k\u0101 piedeva makaronu \u0113dieniem vai d\u0101rze\u0146iem<\/p>\n<\/li>\n<li data-start=\"526\" data-end=\"586\">\n<p data-start=\"528\" data-end=\"586\">silts uz sviestmaizes vai k\u0101 uzkoda ar labu sarkanv\u012bnu<\/p>\n<\/li>\n<\/ul>","protected":false},"excerpt":{"rendered":"<p>See tofu \u00fchendab endas Vahemere p\u00e4ikese ja \u00fcrdisuse \u2013 mahedalt soolased oliivid, k\u00fcpsed kuivatatud tomatid ja hoolikalt valitud \u00fcrdid annavad sellele rikkaliku&hellip;<\/p>","protected":false},"featured_media":246226,"comment_status":"open","ping_status":"closed","template":"","meta":{"wprm-recipe-roundup-name":"","wprm-recipe-roundup-description":""},"product_brand":[12022],"product_cat":[379],"product_tag":[5781],"class_list":{"0":"post-246225","1":"product","2":"type-product","3":"status-publish","4":"has-post-thumbnail","6":"product_brand-vantastic","7":"product_cat-tofu","8":"product_tag-tofu","9":"j79_wcxd_expiry_type-expiry-date","11":"first","12":"instock","13":"taxable","14":"shipping-taxable","15":"purchasable","16":"product-type-simple"},"supplier_id":9137,"supplier_sku":"","barcode":"4260119119611","atum_controlled":true,"out_stock_date":null,"out_stock_threshold":null,"inheritable":false,"inbound_stock":0,"stock_on_hold":0,"sold_today":0,"sales_last_days":1,"reserved_stock":0,"customer_returns":0,"warehouse_damage":0,"lost_in_post":0,"other_logs":0,"out_stock_days":0,"lost_sales":0,"has_location":false,"update_date":"2026-04-07T16:51:56","atum_locations":[],"atum_stock_status":"instock","restock_status":false,"low_stock_amount":"","sales_update_date":"2026-04-07T16:51:56","calc_backorders":null,"aioseo_notices":[],"_links":{"self":[{"href":"https:\/\/ecoshop.ee\/lv\/wp-json\/wp\/v2\/product\/246225","targetHints":{"allow":["GET"]}}],"collection":[{"href":"https:\/\/ecoshop.ee\/lv\/wp-json\/wp\/v2\/product"}],"about":[{"href":"https:\/\/ecoshop.ee\/lv\/wp-json\/wp\/v2\/types\/product"}],"replies":[{"embeddable":true,"href":"https:\/\/ecoshop.ee\/lv\/wp-json\/wp\/v2\/comments?post=246225"}],"version-history":[{"count":0,"href":"https:\/\/ecoshop.ee\/lv\/wp-json\/wp\/v2\/product\/246225\/revisions"}],"wp:featuredmedia":[{"embeddable":true,"href":"https:\/\/ecoshop.ee\/lv\/wp-json\/wp\/v2\/media\/246226"}],"wp:attachment":[{"href":"https:\/\/ecoshop.ee\/lv\/wp-json\/wp\/v2\/media?parent=246225"}],"wp:term":[{"taxonomy":"product_brand","embeddable":true,"href":"https:\/\/ecoshop.ee\/lv\/wp-json\/wp\/v2\/product_brand?post=246225"},{"taxonomy":"product_cat","embeddable":true,"href":"https:\/\/ecoshop.ee\/lv\/wp-json\/wp\/v2\/product_cat?post=246225"},{"taxonomy":"product_tag","embeddable":true,"href":"https:\/\/ecoshop.ee\/lv\/wp-json\/wp\/v2\/product_tag?post=246225"}],"curies":[{"name":"wp","href":"https:\/\/api.w.org\/{rel}","templated":true}]}}