{"id":246257,"date":"2025-11-13T16:40:28","date_gmt":"2025-11-13T13:40:28","guid":{"rendered":"https:\/\/ecoshop.ee\/?post_type=product&#038;p=246257"},"modified":"2026-03-21T14:46:34","modified_gmt":"2026-03-21T11:46:34","slug":"roobar-sokolade-parklats-kokosriekstu-batonins-30g","status":"publish","type":"product","link":"https:\/\/ecoshop.ee\/lv\/kommid\/roobar-sokolaadiga-kaetud-kookosbatoon-30g\/","title":{"rendered":"Roobar \u0160okol\u0101d\u0113 p\u0101rkl\u0101ts kokosriekstu batoni\u0146\u0161, 30g"},"content":{"rendered":"<p data-start=\"89\" data-end=\"422\">\u0160is kokosriekstu batoni\u0146\u0161 apvieno t\u012bru kokosriekstu un smalku tum\u0161o \u0161okol\u0101di, radot z\u012bdainu, arom\u0101tisku un viegli krauk\u0161\u0137\u012bgu gar\u0161u kombin\u0101ciju. Saldin\u0101ts ar dab\u012bgu r\u012bsu s\u012brupu un kokosriekstu palmu cukuru, un pagatavots tikai no biolo\u0123isk\u0101m sast\u0101vda\u013c\u0101m.<\/p>\n<p data-start=\"424\" data-end=\"567\">Bezglut\u0113na sast\u0101vs un veg\u0101nisk\u0101 \u0161okol\u0101des p\u0101rkl\u0101jums padara batoni\u0146u piem\u0113rotu gandr\u012bz ikvienai gaumei \u2013 to ir viegli pa\u0146emt l\u012bdzi uz darbu, skolu vai p\u0101rg\u0101jien\u0101.<\/p>","protected":false},"excerpt":{"rendered":"<p>See kookosbatoon \u00fchendab puhta kookose ja peene tumeda \u0161okolaadi, luues maitsekombinatsiooni, mis on \u00fchtaegu siidine, aromaatne ja kerge kr\u00f5mpsuga. Magustatud loodusliku riisisiirupi&hellip;<\/p>","protected":false},"featured_media":246258,"comment_status":"open","ping_status":"closed","template":"","meta":{"wprm-recipe-roundup-name":"","wprm-recipe-roundup-description":""},"product_brand":[12010],"product_cat":[160,303,302],"product_tag":[296,7997,386,297,142],"class_list":{"0":"post-246257","1":"product","2":"type-product","3":"status-publish","4":"has-post-thumbnail","6":"product_brand-roobar","7":"product_cat-kommid","8":"product_cat-mahetooted","9":"product_cat-gluteenivaba","10":"product_tag-gluteenivaba","11":"product_tag-kookos","12":"product_tag-magus","13":"product_tag-mahe","14":"product_tag-sokolaad","15":"j79_wcxd_expiry_type-best-before","17":"first","18":"instock","19":"taxable","20":"shipping-taxable","21":"purchasable","22":"product-type-simple"},"supplier_id":9165,"supplier_sku":"","barcode":"3800233685435","atum_controlled":true,"out_stock_date":null,"out_stock_threshold":null,"inheritable":false,"inbound_stock":0,"stock_on_hold":0,"sold_today":0,"sales_last_days":0,"reserved_stock":0,"customer_returns":0,"warehouse_damage":0,"lost_in_post":0,"other_logs":0,"out_stock_days":0,"lost_sales":0,"has_location":false,"update_date":"2026-04-06T20:01:11","atum_locations":[],"atum_stock_status":"instock","restock_status":false,"low_stock_amount":"","sales_update_date":"2026-04-06T20:01:11","calc_backorders":null,"aioseo_notices":[],"_links":{"self":[{"href":"https:\/\/ecoshop.ee\/lv\/wp-json\/wp\/v2\/product\/246257","targetHints":{"allow":["GET"]}}],"collection":[{"href":"https:\/\/ecoshop.ee\/lv\/wp-json\/wp\/v2\/product"}],"about":[{"href":"https:\/\/ecoshop.ee\/lv\/wp-json\/wp\/v2\/types\/product"}],"replies":[{"embeddable":true,"href":"https:\/\/ecoshop.ee\/lv\/wp-json\/wp\/v2\/comments?post=246257"}],"version-history":[{"count":0,"href":"https:\/\/ecoshop.ee\/lv\/wp-json\/wp\/v2\/product\/246257\/revisions"}],"wp:featuredmedia":[{"embeddable":true,"href":"https:\/\/ecoshop.ee\/lv\/wp-json\/wp\/v2\/media\/246258"}],"wp:attachment":[{"href":"https:\/\/ecoshop.ee\/lv\/wp-json\/wp\/v2\/media?parent=246257"}],"wp:term":[{"taxonomy":"product_brand","embeddable":true,"href":"https:\/\/ecoshop.ee\/lv\/wp-json\/wp\/v2\/product_brand?post=246257"},{"taxonomy":"product_cat","embeddable":true,"href":"https:\/\/ecoshop.ee\/lv\/wp-json\/wp\/v2\/product_cat?post=246257"},{"taxonomy":"product_tag","embeddable":true,"href":"https:\/\/ecoshop.ee\/lv\/wp-json\/wp\/v2\/product_tag?post=246257"}],"curies":[{"name":"wp","href":"https:\/\/api.w.org\/{rel}","templated":true}]}}