{"id":246260,"date":"2025-11-13T17:16:27","date_gmt":"2025-11-13T14:16:27","guid":{"rendered":"https:\/\/ecoshop.ee\/?post_type=product&#038;p=246260"},"modified":"2026-04-02T09:41:36","modified_gmt":"2026-04-02T06:41:36","slug":"bettr-pilngraudu-sezama-pasta-tahini-biologiska-250g","status":"publish","type":"product","link":"https:\/\/ecoshop.ee\/lv\/piimad-ja-maarded\/bettr-taistera-seesamipasta-tahini-mahe-250g\/","title":{"rendered":"Bett&#039;r pilngraudu sezama pasta (tahini), biolo\u0123iska, 250g"},"content":{"rendered":"<p data-start=\"89\" data-end=\"289\">\u0160is biolo\u0123iskais tahini ir gatavots tikai no perfekti grauzd\u0113t\u0101m sezama s\u0113kl\u0101m, pie\u0161\u0137irot tam dzi\u013cu gar\u0161u un dabiski kr\u0113m\u012bgu tekst\u016bru. Bez pievienot\u0101m taukviel\u0101m - tikai pa\u0161a sezama bag\u0101t\u012bg\u0101 gar\u0161a.<\/p>\n<p data-start=\"291\" data-end=\"517\">Tahini lieliski sader gan ar s\u0101\u013cajiem, gan saldajiem \u0113dieniem. Citrons, turku zir\u0146i un svaigi gar\u0161augi izce\u013c t\u0101 riekstu gar\u0161u, savuk\u0101rt sald\u0101s recept\u0113s tas lieliski sader ar kakao, datumiem un s\u012brupiem.<\/p>\n<p data-start=\"519\" data-end=\"735\" data-is-last-node=\"\" data-is-only-node=\"\">Pateicoties t\u0101 uzturv\u0113rt\u012bbai, tahini ir k\u013cuvis par iecien\u012btu sast\u0101vda\u013cu daudz\u0101s virtuv\u0113s \u2013 tas pie\u0161\u0137ir \u0113dieniem dzi\u013cumu, sp\u0113ku un dabisku ener\u0123iju. 250 g burci\u0146a ir ikdienas pal\u012bgs m\u0113rc\u0113s, m\u0113rc\u0113s, cepumos un sm\u016btijos.<\/p>","protected":false},"excerpt":{"rendered":"<p>See mahe tahini on valmistatud \u00fcksnes t\u00e4iuslikult r\u00f6stitud seesamiseemnetest, mis annavad sellele s\u00fcgava maitse ja loomulikult kreemja tekstuuri. Ilma lisatud rasvadeta \u2013&hellip;<\/p>","protected":false},"featured_media":246262,"comment_status":"open","ping_status":"closed","template":"","meta":{"wprm-recipe-roundup-name":"","wprm-recipe-roundup-description":""},"product_brand":[],"product_cat":[325],"product_tag":[285],"class_list":{"0":"post-246260","1":"product","2":"type-product","3":"status-publish","4":"has-post-thumbnail","6":"product_cat-piimad-ja-maarded","7":"product_tag-tahini","8":"j79_wcxd_expiry_type-best-before","10":"first","11":"instock","12":"taxable","13":"shipping-taxable","14":"purchasable","15":"product-type-simple"},"supplier_id":9165,"supplier_sku":"","barcode":"3800233688504","atum_controlled":true,"out_stock_date":null,"out_stock_threshold":null,"inheritable":false,"inbound_stock":0,"stock_on_hold":0,"sold_today":0,"sales_last_days":1,"reserved_stock":0,"customer_returns":0,"warehouse_damage":0,"lost_in_post":0,"other_logs":0,"out_stock_days":0,"lost_sales":0,"has_location":false,"update_date":"2026-04-07T10:13:58","atum_locations":[],"atum_stock_status":"instock","restock_status":false,"low_stock_amount":"","sales_update_date":"2026-04-07T10:13:58","calc_backorders":null,"aioseo_notices":[],"_links":{"self":[{"href":"https:\/\/ecoshop.ee\/lv\/wp-json\/wp\/v2\/product\/246260","targetHints":{"allow":["GET"]}}],"collection":[{"href":"https:\/\/ecoshop.ee\/lv\/wp-json\/wp\/v2\/product"}],"about":[{"href":"https:\/\/ecoshop.ee\/lv\/wp-json\/wp\/v2\/types\/product"}],"replies":[{"embeddable":true,"href":"https:\/\/ecoshop.ee\/lv\/wp-json\/wp\/v2\/comments?post=246260"}],"version-history":[{"count":0,"href":"https:\/\/ecoshop.ee\/lv\/wp-json\/wp\/v2\/product\/246260\/revisions"}],"wp:featuredmedia":[{"embeddable":true,"href":"https:\/\/ecoshop.ee\/lv\/wp-json\/wp\/v2\/media\/246262"}],"wp:attachment":[{"href":"https:\/\/ecoshop.ee\/lv\/wp-json\/wp\/v2\/media?parent=246260"}],"wp:term":[{"taxonomy":"product_brand","embeddable":true,"href":"https:\/\/ecoshop.ee\/lv\/wp-json\/wp\/v2\/product_brand?post=246260"},{"taxonomy":"product_cat","embeddable":true,"href":"https:\/\/ecoshop.ee\/lv\/wp-json\/wp\/v2\/product_cat?post=246260"},{"taxonomy":"product_tag","embeddable":true,"href":"https:\/\/ecoshop.ee\/lv\/wp-json\/wp\/v2\/product_tag?post=246260"}],"curies":[{"name":"wp","href":"https:\/\/api.w.org\/{rel}","templated":true}]}}