{"id":246267,"date":"2025-11-13T18:19:06","date_gmt":"2025-11-13T15:19:06","guid":{"rendered":"https:\/\/ecoshop.ee\/?post_type=product&#038;p=246267"},"modified":"2026-01-05T17:51:37","modified_gmt":"2026-01-05T14:51:37","slug":"kookie-cat-ziemas-mini-cepumu-asorti-250g","status":"publish","type":"product","link":"https:\/\/ecoshop.ee\/lv\/vahvlid-ja-kupsised\/kookie-cat-talvine-minikupsiste-valik-250g\/","title":{"rendered":"Kookie Cat ziemas mini cepumu asorti, 250g"},"content":{"rendered":"<p data-start=\"76\" data-end=\"331\">\u0160aj\u0101 sv\u0113tku asorti iepakojum\u0101 ir pieci da\u017e\u0101di Kookie Cati mini cepumi, katrs atsevi\u0161\u0137i iesai\u0146ots un gatavs d\u0101vin\u0101\u0161anai vai baud\u012b\u0161anai atsevi\u0161\u0137i. Lieliski piem\u0113rots sv\u0113tku sezonai vai vienk\u0101r\u0161i mazu prieka mirk\u013cu svin\u0113\u0161anai.<\/p>\n<p data-start=\"333\" data-end=\"457\">Visi cepumi ir biolo\u0123iski, veg\u0101niski, bez glut\u0113na, bez sojas un bez palmu e\u013c\u013cas.<\/p>\n<p data-start=\"459\" data-end=\"483\"><strong data-start=\"459\" data-end=\"481\">Komplekt\u0101 ietilpst:<\/strong><\/p>\n<ul data-start=\"484\" data-end=\"833\">\n<li data-start=\"484\" data-end=\"530\">\n<p data-start=\"486\" data-end=\"530\"><strong data-start=\"486\" data-end=\"502\">Me\u017ea ogas<\/strong> \u2013 ogu un svaiga \u0161ots.<\/p>\n<\/li>\n<li data-start=\"531\" data-end=\"610\">\n<p data-start=\"533\" data-end=\"610\"><strong data-start=\"533\" data-end=\"556\">Vani\u013cas un \u0161okol\u0101des skaidi\u0146as<\/strong> \u2013 klasiska vani\u013cas un \u0161okol\u0101des skaidi\u0146u kombin\u0101cija.<\/p>\n<\/li>\n<li data-start=\"611\" data-end=\"686\">\n<p data-start=\"613\" data-end=\"686\"><strong data-start=\"613\" data-end=\"636\">Kakao pupi\u0146as un valrieksti<\/strong> \u2013 \u0161okol\u0101des un viegli riekstaina gar\u0161as pieredze.<\/p>\n<\/li>\n<li data-start=\"687\" data-end=\"755\">\n<p data-start=\"689\" data-end=\"755\"><strong data-start=\"689\" data-end=\"705\">\u010cia un citrons<\/strong> \u2013 citrona mizi\u0146a ar \u010dia s\u0113klu krauk\u0161\u0137\u012bgumu.<\/p>\n<\/li>\n<li data-start=\"756\" data-end=\"833\">\n<p data-start=\"758\" data-end=\"833\"><strong data-start=\"758\" data-end=\"783\">S\u0101l\u012btas karameles mandeles<\/strong> \u2013 ide\u0101ls salduma, s\u0101\u013c\u0101 un riekstain\u0101 l\u012bdzsvars.<\/p>\n<\/li>\n<\/ul>","protected":false},"excerpt":{"rendered":"<p>See pidulik valikupakk toob sinuni viis erinevat Kookie Cati minik\u00fcpsist, iga\u00fcks eraldi pakendatud ja valmis kinkimiseks v\u00f5i \u00fcksinda nautimiseks. Ideaalne nii p\u00fchadeajaks&hellip;<\/p>","protected":false},"featured_media":246268,"comment_status":"open","ping_status":"closed","template":"","meta":{"wprm-recipe-roundup-name":"","wprm-recipe-roundup-description":""},"product_brand":[12029],"product_cat":[240,148,303,302],"product_tag":[181],"class_list":{"0":"post-246267","1":"product","2":"type-product","3":"status-publish","4":"has-post-thumbnail","6":"product_brand-kookie-cat","7":"product_cat-allahinnatud","8":"product_cat-vahvlid-ja-kupsised","9":"product_cat-mahetooted","10":"product_cat-gluteenivaba","11":"product_tag-kupsised","12":"j79_wcxd_expiry_type-best-before","14":"first","15":"instock","16":"sale","17":"taxable","18":"shipping-taxable","19":"purchasable","20":"product-type-simple"},"supplier_id":9165,"supplier_sku":"","barcode":"3800233686784","atum_controlled":true,"out_stock_date":null,"out_stock_threshold":null,"inheritable":false,"inbound_stock":0,"stock_on_hold":0,"sold_today":0,"sales_last_days":0,"reserved_stock":0,"customer_returns":0,"warehouse_damage":0,"lost_in_post":0,"other_logs":0,"out_stock_days":0,"lost_sales":0,"has_location":false,"update_date":"2026-04-06T20:01:10","atum_locations":[],"atum_stock_status":"instock","restock_status":false,"low_stock_amount":"","sales_update_date":"2026-04-06T20:01:10","calc_backorders":null,"aioseo_notices":[],"_links":{"self":[{"href":"https:\/\/ecoshop.ee\/lv\/wp-json\/wp\/v2\/product\/246267","targetHints":{"allow":["GET"]}}],"collection":[{"href":"https:\/\/ecoshop.ee\/lv\/wp-json\/wp\/v2\/product"}],"about":[{"href":"https:\/\/ecoshop.ee\/lv\/wp-json\/wp\/v2\/types\/product"}],"replies":[{"embeddable":true,"href":"https:\/\/ecoshop.ee\/lv\/wp-json\/wp\/v2\/comments?post=246267"}],"version-history":[{"count":0,"href":"https:\/\/ecoshop.ee\/lv\/wp-json\/wp\/v2\/product\/246267\/revisions"}],"wp:featuredmedia":[{"embeddable":true,"href":"https:\/\/ecoshop.ee\/lv\/wp-json\/wp\/v2\/media\/246268"}],"wp:attachment":[{"href":"https:\/\/ecoshop.ee\/lv\/wp-json\/wp\/v2\/media?parent=246267"}],"wp:term":[{"taxonomy":"product_brand","embeddable":true,"href":"https:\/\/ecoshop.ee\/lv\/wp-json\/wp\/v2\/product_brand?post=246267"},{"taxonomy":"product_cat","embeddable":true,"href":"https:\/\/ecoshop.ee\/lv\/wp-json\/wp\/v2\/product_cat?post=246267"},{"taxonomy":"product_tag","embeddable":true,"href":"https:\/\/ecoshop.ee\/lv\/wp-json\/wp\/v2\/product_tag?post=246267"}],"curies":[{"name":"wp","href":"https:\/\/api.w.org\/{rel}","templated":true}]}}