{"id":246353,"date":"2025-11-28T11:31:43","date_gmt":"2025-11-28T08:31:43","guid":{"rendered":"https:\/\/ecoshop.ee\/?post_type=product&#038;p=246353"},"modified":"2025-11-28T12:41:32","modified_gmt":"2025-11-28T09:41:32","slug":"cosmeau-vannas-istabas-tirisanas-tabletes-6-gab","status":"publish","type":"product","link":"https:\/\/ecoshop.ee\/lv\/puhastusvahendid\/cosmeau-vannitoa-puhastustabletid-6-tk\/","title":{"rendered":"Cosmeau vannas istabas t\u012br\u012b\u0161anas tabletes, 6 gab."},"content":{"rendered":"<p data-start=\"81\" data-end=\"306\">Praktiskas t\u012br\u012b\u0161anas tabletes, kas acumirkl\u012b p\u0101rv\u0113r\u0161 kr\u0101na \u016bdeni par efekt\u012bvu t\u012br\u012b\u0161anas l\u012bdzekli. Piepildiet ieg\u0101d\u0101tu vai eso\u0161u smidzin\u0101\u0161anas pudeli ar \u016bdeni, pievienojiet tableti, un jums ir jaud\u012bgs instruments ikdienas vannas istabas un tualetes apkopei.<\/p>\n<p data-start=\"308\" data-end=\"492\">Apels\u012bnu arom\u0101ta formula efekt\u012bvi no\u0146em ka\u013c\u0137akmeni un pal\u012bdz nov\u0113rst t\u0101 veido\u0161anos. Ide\u0101ls risin\u0101jums tiem, kas v\u0113las maz\u0101k vienreizlietojam\u0101s plastmasas, maz\u0101k \u0137imik\u0101liju un videi draudz\u012bg\u0101ku pieeju.<\/p>\n<ul>\n<li data-start=\"494\" data-end=\"640\">Viegli lietojams un \u0101tri \u0161\u0137\u012bsto\u0161s<\/li>\n<li data-start=\"494\" data-end=\"640\">Efekt\u012bvs pret m\u0113rogu<\/li>\n<li data-start=\"494\" data-end=\"640\">Veg\u0101ns<\/li>\n<li data-start=\"494\" data-end=\"640\">Maz\u0101k plastmasas un draudz\u012bg\u0101ks makam<\/li>\n<\/ul>\n<p data-start=\"642\" data-end=\"700\" data-is-last-node=\"\" data-is-only-node=\"\">Ietaupiet vietu, samaziniet atkritumus un saglab\u0101jiet savu vannas istabu mirdzo\u0161u.<\/p>","protected":false},"excerpt":{"rendered":"<p>Praktilised puhastustabletid, mis muudavad kraanivee hetkega t\u00f5husaks puhastusvahendiks. T\u00e4ida kord ostetud v\u00f5i olemasolev pihustipudel veega, lisa tablett ning saad v\u00f5imsa vahendi vannitoa&hellip;<\/p>","protected":false},"featured_media":246355,"comment_status":"open","ping_status":"closed","template":"","meta":{"wprm-recipe-roundup-name":"","wprm-recipe-roundup-description":""},"product_brand":[11998],"product_cat":[8002],"product_tag":[8003],"class_list":{"0":"post-246353","1":"product","2":"type-product","3":"status-publish","4":"has-post-thumbnail","6":"product_brand-cosmeau","7":"product_cat-puhastusvahendid","8":"product_tag-puhastustabletid","10":"first","11":"instock","12":"sale","13":"taxable","14":"shipping-taxable","15":"purchasable","16":"product-type-simple"},"supplier_id":246354,"supplier_sku":"","barcode":"8720655301247","atum_controlled":true,"out_stock_date":null,"out_stock_threshold":null,"inheritable":false,"inbound_stock":0,"stock_on_hold":0,"sold_today":0,"sales_last_days":0,"reserved_stock":0,"customer_returns":0,"warehouse_damage":0,"lost_in_post":0,"other_logs":0,"out_stock_days":0,"lost_sales":0,"has_location":false,"update_date":"2026-03-07T01:16:09","atum_locations":[],"atum_stock_status":"instock","restock_status":false,"low_stock_amount":"","sales_update_date":"2026-03-07T01:16:09","calc_backorders":null,"aioseo_notices":[],"_links":{"self":[{"href":"https:\/\/ecoshop.ee\/lv\/wp-json\/wp\/v2\/product\/246353","targetHints":{"allow":["GET"]}}],"collection":[{"href":"https:\/\/ecoshop.ee\/lv\/wp-json\/wp\/v2\/product"}],"about":[{"href":"https:\/\/ecoshop.ee\/lv\/wp-json\/wp\/v2\/types\/product"}],"replies":[{"embeddable":true,"href":"https:\/\/ecoshop.ee\/lv\/wp-json\/wp\/v2\/comments?post=246353"}],"version-history":[{"count":0,"href":"https:\/\/ecoshop.ee\/lv\/wp-json\/wp\/v2\/product\/246353\/revisions"}],"wp:featuredmedia":[{"embeddable":true,"href":"https:\/\/ecoshop.ee\/lv\/wp-json\/wp\/v2\/media\/246355"}],"wp:attachment":[{"href":"https:\/\/ecoshop.ee\/lv\/wp-json\/wp\/v2\/media?parent=246353"}],"wp:term":[{"taxonomy":"product_brand","embeddable":true,"href":"https:\/\/ecoshop.ee\/lv\/wp-json\/wp\/v2\/product_brand?post=246353"},{"taxonomy":"product_cat","embeddable":true,"href":"https:\/\/ecoshop.ee\/lv\/wp-json\/wp\/v2\/product_cat?post=246353"},{"taxonomy":"product_tag","embeddable":true,"href":"https:\/\/ecoshop.ee\/lv\/wp-json\/wp\/v2\/product_tag?post=246353"}],"curies":[{"name":"wp","href":"https:\/\/api.w.org\/{rel}","templated":true}]}}