{"id":246359,"date":"2025-11-28T11:48:26","date_gmt":"2025-11-28T08:48:26","guid":{"rendered":"https:\/\/ecoshop.ee\/?post_type=product&#038;p=246359"},"modified":"2026-01-29T11:09:37","modified_gmt":"2026-01-29T08:09:37","slug":"cosmeau-1tp206-mazgasanas-lidzekla-uzpildes-iepakojums","status":"publish","type":"product","link":"https:\/\/ecoshop.ee\/lv\/puhastusvahendid\/cosmeau-noudepesuvahendi-taitepakend\/","title":{"rendered":"Cosmeau trauku mazg\u0101\u0161anas l\u012bdzek\u013ca uzpilde, citronz\u0101les arom\u0101ts"},"content":{"rendered":"<p data-start=\"75\" data-end=\"286\">Pulverveida trauku mazg\u0101\u0161anas l\u012bdzeklis ar citronz\u0101les arom\u0101tu, kas sajaucas ar kr\u0101na \u016bdeni, lai ieg\u016btu l\u012bdz 400 ml efekt\u012bva mazg\u0101\u0161anas l\u012bdzek\u013ca. Ide\u0101li piem\u0113rots lieto\u0161anai ar Cosmeau skaisto mat\u0113t\u0101 stikla dozatoru, bet der ar\u012b jebkurai atk\u0101rtoti lietojamai pudelei.<\/p>\n<p data-start=\"288\" data-end=\"523\">Formula ir balst\u012bta uz biolo\u0123iski no\u0101rd\u0101mu celulozi un ir ra\u017eota bez sp\u0113c\u012bg\u0101m \u0137\u012bmisk\u0101m viel\u0101m \u2013 vair\u0101k nek\u0101 95% sast\u0101vda\u013cu ir dabiskas izcelsmes. Pulveris ir viegls, aiz\u0146em maz vietas un samazina nevajadz\u012bgu \u016bdens transport\u0113\u0161anu un nepiecie\u0161am\u012bbu p\u0113c vienreizlietojamas plastmasas.<\/p>\n<ul>\n<li data-start=\"525\" data-end=\"680\">Efekt\u012bvs tauku no\u0146\u0113m\u0113js<\/li>\n<li data-start=\"525\" data-end=\"680\">Veg\u0101ns un ne\u017e\u0113l\u012bgs<\/li>\n<li data-start=\"525\" data-end=\"680\">Samazina plastmasas atkritumus<\/li>\n<li data-start=\"525\" data-end=\"680\">Makam draudz\u012bga uzpildes sist\u0113ma<\/li>\n<li data-start=\"525\" data-end=\"680\">Sajaucot, ieg\u016bst l\u012bdz 400 ml mazg\u0101\u0161anas l\u012bdzek\u013ca<\/li>\n<\/ul>\n<p data-start=\"682\" data-end=\"744\" data-is-last-node=\"\" data-is-only-node=\"\">Vienk\u0101r\u0161s veids, k\u0101 padar\u012bt ikdienas trauku mazg\u0101\u0161anu videi draudz\u012bg\u0101ku.<\/p>","protected":false},"excerpt":{"rendered":"<p>Sidrunheina l\u00f5hnaga pulbriline n\u00f5udepesuvahend, mis segatakse kraaniveega, et saada kuni 400 ml t\u00f5husat pesuvahendit. Ideaalne kasutamiseks Cosmeau kauni mattklaasist dosaatoriga, kuid sobib&hellip;<\/p>","protected":false},"featured_media":246360,"comment_status":"open","ping_status":"closed","template":"","meta":{"wprm-recipe-roundup-name":"","wprm-recipe-roundup-description":""},"product_brand":[11998],"product_cat":[8002],"product_tag":[8004],"class_list":{"0":"post-246359","1":"product","2":"type-product","3":"status-publish","4":"has-post-thumbnail","6":"product_brand-cosmeau","7":"product_cat-puhastusvahendid","8":"product_tag-noudepesu","10":"first","11":"instock","12":"taxable","13":"shipping-taxable","14":"purchasable","15":"product-type-simple"},"supplier_id":246354,"supplier_sku":"","barcode":"8720655303135","atum_controlled":true,"out_stock_date":null,"out_stock_threshold":null,"inheritable":false,"inbound_stock":0,"stock_on_hold":0,"sold_today":0,"sales_last_days":0,"reserved_stock":0,"customer_returns":0,"warehouse_damage":0,"lost_in_post":0,"other_logs":0,"out_stock_days":0,"lost_sales":0,"has_location":false,"update_date":"2026-03-07T01:16:16","atum_locations":[],"atum_stock_status":"instock","restock_status":false,"low_stock_amount":"","sales_update_date":"2026-03-07T01:16:16","calc_backorders":null,"aioseo_notices":[],"_links":{"self":[{"href":"https:\/\/ecoshop.ee\/lv\/wp-json\/wp\/v2\/product\/246359","targetHints":{"allow":["GET"]}}],"collection":[{"href":"https:\/\/ecoshop.ee\/lv\/wp-json\/wp\/v2\/product"}],"about":[{"href":"https:\/\/ecoshop.ee\/lv\/wp-json\/wp\/v2\/types\/product"}],"replies":[{"embeddable":true,"href":"https:\/\/ecoshop.ee\/lv\/wp-json\/wp\/v2\/comments?post=246359"}],"version-history":[{"count":0,"href":"https:\/\/ecoshop.ee\/lv\/wp-json\/wp\/v2\/product\/246359\/revisions"}],"wp:featuredmedia":[{"embeddable":true,"href":"https:\/\/ecoshop.ee\/lv\/wp-json\/wp\/v2\/media\/246360"}],"wp:attachment":[{"href":"https:\/\/ecoshop.ee\/lv\/wp-json\/wp\/v2\/media?parent=246359"}],"wp:term":[{"taxonomy":"product_brand","embeddable":true,"href":"https:\/\/ecoshop.ee\/lv\/wp-json\/wp\/v2\/product_brand?post=246359"},{"taxonomy":"product_cat","embeddable":true,"href":"https:\/\/ecoshop.ee\/lv\/wp-json\/wp\/v2\/product_cat?post=246359"},{"taxonomy":"product_tag","embeddable":true,"href":"https:\/\/ecoshop.ee\/lv\/wp-json\/wp\/v2\/product_tag?post=246359"}],"curies":[{"name":"wp","href":"https:\/\/api.w.org\/{rel}","templated":true}]}}